{"id":44991,"date":"2024-12-06T09:24:34","date_gmt":"2024-12-06T14:24:34","guid":{"rendered":"https:\/\/www.carms.ca\/?page_id=44991"},"modified":"2024-12-06T09:24:34","modified_gmt":"2024-12-06T14:24:34","slug":"madame-sierra-cheng","status":"publish","type":"page","link":"https:\/\/carms.wpcdev.ca\/fr\/a-propos-de\/gouvernance-et-comites\/gouvernance\/madame-sierra-cheng\/","title":{"rendered":"Madame Sierra Cheng"},"content":{"rendered":"<p>Sierra est une \u00e9tudiante de troisi\u00e8me ann\u00e9e en m\u00e9decine \u00e0 la <em>University of Toronto<\/em>. Elle a obtenu un baccalaur\u00e9at en biochimie de la <em>University of Waterloo <\/em>et une ma\u00eetrise en sant\u00e9 publique avec sp\u00e9cialisation en \u00e9pid\u00e9miologie de la <em>University of Toronto<\/em>.<\/p>\n<p>Sierra est passionn\u00e9e par l\u2019\u00e9quit\u00e9 et la diversit\u00e9 au sein des processus de candidature des facult\u00e9s de m\u00e9decine et de la r\u00e9sidence. Elle est une mentore pour de multiples programmes de mentorat ax\u00e9s sur l\u2019\u00e9quit\u00e9. Elle poss\u00e8de \u00e9galement de l\u2019exp\u00e9rience \u00e0 la t\u00eate de plusieurs initiatives pour mettre les \u00e9tudiants en contact avec diverses occasions de recherche et d\u2019observation.<\/p>\n<p>Sierra est actuellement la responsable nationale de l\u2019\u00e9ducation \u2014 jumelage (NOE-M) pour la FEMC. Elle esp\u00e8re incorporer sa formation en \u00e9pid\u00e9miologie et en analyse des donn\u00e9es dans ses r\u00f4les de NOE-M et de directrice au conseil d\u2019administration de CaRMS, pour plaider pour un processus de jumelage accessible, inclusif et favorable pour tous les \u00e9tudiants en m\u00e9decine.<\/p>\n","protected":false},"excerpt":{"rendered":"<p>Sierra est une \u00e9tudiante de troisi\u00e8me ann\u00e9e en m\u00e9decine \u00e0 la University of Toronto. Elle a obtenu un baccalaur\u00e9at en biochimie de la University of Waterloo et une ma\u00eetrise en sant\u00e9 publique avec sp\u00e9cialisation en \u00e9pid\u00e9miologie de la University of Toronto. Sierra est passionn\u00e9e par l\u2019\u00e9quit\u00e9 et la diversit\u00e9 au sein des processus de candidature [&hellip;]<\/p>\n","protected":false},"author":40,"featured_media":0,"parent":1053,"menu_order":0,"comment_status":"closed","ping_status":"closed","template":"","meta":{"_acf_changed":false,"footnotes":""},"class_list":["post-44991","page","type-page","status-publish","hentry"],"acf":{"subtitle":"<p><em>Directrice<br \/>\n<\/em>\u00c9tudiante en m\u00e9decine<br \/>\n<em>University of Toronto<\/em><\/p>\n"},"yoast_head":"<!-- This site is optimized with the Yoast SEO plugin v25.7 - https:\/\/yoast.com\/wordpress\/plugins\/seo\/ -->\n<title>Madame Sierra Cheng - CaRMS<\/title>\n<meta name=\"robots\" content=\"noindex, follow, max-snippet:-1, max-image-preview:large, max-video-preview:-1\" \/>\n<meta property=\"og:locale\" content=\"fr_FR\" \/>\n<meta property=\"og:type\" content=\"article\" \/>\n<meta property=\"og:title\" content=\"Madame Sierra Cheng - CaRMS\" \/>\n<meta property=\"og:description\" content=\"Sierra est une \u00e9tudiante de troisi\u00e8me ann\u00e9e en m\u00e9decine \u00e0 la University of Toronto. Elle a obtenu un baccalaur\u00e9at en biochimie de la University of Waterloo et une ma\u00eetrise en sant\u00e9 publique avec sp\u00e9cialisation en \u00e9pid\u00e9miologie de la University of Toronto. Sierra est passionn\u00e9e par l\u2019\u00e9quit\u00e9 et la diversit\u00e9 au sein des processus de candidature [&hellip;]\" \/>\n<meta property=\"og:url\" content=\"https:\/\/carms.wpcdev.ca\/fr\/a-propos-de\/gouvernance-et-comites\/gouvernance\/madame-sierra-cheng\/\" \/>\n<meta property=\"og:site_name\" content=\"CaRMS\" \/>\n<meta name=\"twitter:card\" content=\"summary_large_image\" \/>\n<meta name=\"twitter:label1\" content=\"Dur\u00e9e de lecture estim\u00e9e\" \/>\n\t<meta name=\"twitter:data1\" content=\"1 minute\" \/>\n<script type=\"application\/ld+json\" class=\"yoast-schema-graph\">{\"@context\":\"https:\/\/schema.org\",\"@graph\":[{\"@type\":\"WebPage\",\"@id\":\"https:\/\/carms.wpcdev.ca\/fr\/a-propos-de\/gouvernance-et-comites\/gouvernance\/madame-sierra-cheng\/\",\"url\":\"https:\/\/carms.wpcdev.ca\/fr\/a-propos-de\/gouvernance-et-comites\/gouvernance\/madame-sierra-cheng\/\",\"name\":\"Madame Sierra Cheng - CaRMS\",\"isPartOf\":{\"@id\":\"https:\/\/carms.wpcdev.ca\/#website\"},\"datePublished\":\"2024-12-06T14:24:34+00:00\",\"breadcrumb\":{\"@id\":\"https:\/\/carms.wpcdev.ca\/fr\/a-propos-de\/gouvernance-et-comites\/gouvernance\/madame-sierra-cheng\/#breadcrumb\"},\"inLanguage\":\"fr-FR\",\"potentialAction\":[{\"@type\":\"ReadAction\",\"target\":[\"https:\/\/carms.wpcdev.ca\/fr\/a-propos-de\/gouvernance-et-comites\/gouvernance\/madame-sierra-cheng\/\"]}]},{\"@type\":\"BreadcrumbList\",\"@id\":\"https:\/\/carms.wpcdev.ca\/fr\/a-propos-de\/gouvernance-et-comites\/gouvernance\/madame-sierra-cheng\/#breadcrumb\",\"itemListElement\":[{\"@type\":\"ListItem\",\"position\":1,\"name\":\"Accueil\",\"item\":\"https:\/\/carms.wpcdev.ca\/fr\/\"},{\"@type\":\"ListItem\",\"position\":2,\"name\":\"\u00c0 propos de\",\"item\":\"https:\/\/carms.wpcdev.ca\/fr\/a-propos-de\/\"},{\"@type\":\"ListItem\",\"position\":3,\"name\":\"Gouvernance et comit\u00e9s\",\"item\":\"https:\/\/carms.wpcdev.ca\/fr\/a-propos-de\/gouvernance-et-comites\/\"},{\"@type\":\"ListItem\",\"position\":4,\"name\":\"Gouvernance\",\"item\":\"https:\/\/carms.wpcdev.ca\/fr\/a-propos-de\/gouvernance-et-comites\/gouvernance\/\"},{\"@type\":\"ListItem\",\"position\":5,\"name\":\"Madame Sierra Cheng\"}]},{\"@type\":\"WebSite\",\"@id\":\"https:\/\/carms.wpcdev.ca\/#website\",\"url\":\"https:\/\/carms.wpcdev.ca\/\",\"name\":\"CaRMS\",\"description\":\"\",\"potentialAction\":[{\"@type\":\"SearchAction\",\"target\":{\"@type\":\"EntryPoint\",\"urlTemplate\":\"https:\/\/carms.wpcdev.ca\/?s={search_term_string}\"},\"query-input\":{\"@type\":\"PropertyValueSpecification\",\"valueRequired\":true,\"valueName\":\"search_term_string\"}}],\"inLanguage\":\"fr-FR\"}]}<\/script>\n<!-- \/ Yoast SEO plugin. -->","yoast_head_json":{"title":"Madame Sierra Cheng - CaRMS","robots":{"index":"noindex","follow":"follow","max-snippet":"max-snippet:-1","max-image-preview":"max-image-preview:large","max-video-preview":"max-video-preview:-1"},"og_locale":"fr_FR","og_type":"article","og_title":"Madame Sierra Cheng - CaRMS","og_description":"Sierra est une \u00e9tudiante de troisi\u00e8me ann\u00e9e en m\u00e9decine \u00e0 la University of Toronto. Elle a obtenu un baccalaur\u00e9at en biochimie de la University of Waterloo et une ma\u00eetrise en sant\u00e9 publique avec sp\u00e9cialisation en \u00e9pid\u00e9miologie de la University of Toronto. Sierra est passionn\u00e9e par l\u2019\u00e9quit\u00e9 et la diversit\u00e9 au sein des processus de candidature [&hellip;]","og_url":"https:\/\/carms.wpcdev.ca\/fr\/a-propos-de\/gouvernance-et-comites\/gouvernance\/madame-sierra-cheng\/","og_site_name":"CaRMS","twitter_card":"summary_large_image","twitter_misc":{"Dur\u00e9e de lecture estim\u00e9e":"1 minute"},"schema":{"@context":"https:\/\/schema.org","@graph":[{"@type":"WebPage","@id":"https:\/\/carms.wpcdev.ca\/fr\/a-propos-de\/gouvernance-et-comites\/gouvernance\/madame-sierra-cheng\/","url":"https:\/\/carms.wpcdev.ca\/fr\/a-propos-de\/gouvernance-et-comites\/gouvernance\/madame-sierra-cheng\/","name":"Madame Sierra Cheng - CaRMS","isPartOf":{"@id":"https:\/\/carms.wpcdev.ca\/#website"},"datePublished":"2024-12-06T14:24:34+00:00","breadcrumb":{"@id":"https:\/\/carms.wpcdev.ca\/fr\/a-propos-de\/gouvernance-et-comites\/gouvernance\/madame-sierra-cheng\/#breadcrumb"},"inLanguage":"fr-FR","potentialAction":[{"@type":"ReadAction","target":["https:\/\/carms.wpcdev.ca\/fr\/a-propos-de\/gouvernance-et-comites\/gouvernance\/madame-sierra-cheng\/"]}]},{"@type":"BreadcrumbList","@id":"https:\/\/carms.wpcdev.ca\/fr\/a-propos-de\/gouvernance-et-comites\/gouvernance\/madame-sierra-cheng\/#breadcrumb","itemListElement":[{"@type":"ListItem","position":1,"name":"Accueil","item":"https:\/\/carms.wpcdev.ca\/fr\/"},{"@type":"ListItem","position":2,"name":"\u00c0 propos de","item":"https:\/\/carms.wpcdev.ca\/fr\/a-propos-de\/"},{"@type":"ListItem","position":3,"name":"Gouvernance et comit\u00e9s","item":"https:\/\/carms.wpcdev.ca\/fr\/a-propos-de\/gouvernance-et-comites\/"},{"@type":"ListItem","position":4,"name":"Gouvernance","item":"https:\/\/carms.wpcdev.ca\/fr\/a-propos-de\/gouvernance-et-comites\/gouvernance\/"},{"@type":"ListItem","position":5,"name":"Madame Sierra Cheng"}]},{"@type":"WebSite","@id":"https:\/\/carms.wpcdev.ca\/#website","url":"https:\/\/carms.wpcdev.ca\/","name":"CaRMS","description":"","potentialAction":[{"@type":"SearchAction","target":{"@type":"EntryPoint","urlTemplate":"https:\/\/carms.wpcdev.ca\/?s={search_term_string}"},"query-input":{"@type":"PropertyValueSpecification","valueRequired":true,"valueName":"search_term_string"}}],"inLanguage":"fr-FR"}]}},"publishpress_future_workflow_manual_trigger":{"enabledWorkflows":[]},"_links":{"self":[{"href":"https:\/\/carms.wpcdev.ca\/fr\/wp-json\/wp\/v2\/pages\/44991","targetHints":{"allow":["GET"]}}],"collection":[{"href":"https:\/\/carms.wpcdev.ca\/fr\/wp-json\/wp\/v2\/pages"}],"about":[{"href":"https:\/\/carms.wpcdev.ca\/fr\/wp-json\/wp\/v2\/types\/page"}],"author":[{"embeddable":true,"href":"https:\/\/carms.wpcdev.ca\/fr\/wp-json\/wp\/v2\/users\/40"}],"replies":[{"embeddable":true,"href":"https:\/\/carms.wpcdev.ca\/fr\/wp-json\/wp\/v2\/comments?post=44991"}],"version-history":[{"count":1,"href":"https:\/\/carms.wpcdev.ca\/fr\/wp-json\/wp\/v2\/pages\/44991\/revisions"}],"predecessor-version":[{"id":44992,"href":"https:\/\/carms.wpcdev.ca\/fr\/wp-json\/wp\/v2\/pages\/44991\/revisions\/44992"}],"up":[{"embeddable":true,"href":"https:\/\/carms.wpcdev.ca\/fr\/wp-json\/wp\/v2\/pages\/1053"}],"wp:attachment":[{"href":"https:\/\/carms.wpcdev.ca\/fr\/wp-json\/wp\/v2\/media?parent=44991"}],"curies":[{"name":"wp","href":"https:\/\/api.w.org\/{rel}","templated":true}]}}