{"id":44656,"date":"2024-11-05T14:44:19","date_gmt":"2024-11-05T19:44:19","guid":{"rendered":"https:\/\/www.carms.ca\/r-1-application-period-resources\/"},"modified":"2024-11-25T08:23:12","modified_gmt":"2024-11-25T13:23:12","slug":"ressources-pour-la-periode-des-candidatures-du-jumelage-r-1","status":"publish","type":"page","link":"https:\/\/carms.wpcdev.ca\/fr\/ressources-pour-la-periode-des-candidatures-du-jumelage-r-1\/","title":{"rendered":"Ressources pour la p\u00e9riode des candidatures du jumelage R-1"},"content":{"rendered":"<div class=\"wpb-content-wrapper\">[vc_row disable_element=\u00a0\u00bbyes\u00a0\u00bb][vc_column][vc_message css=\u00a0\u00bb\u00a0\u00bb]\n<h3 style=\"text-align: center;\"><strong>Nous sommes l\u00e0 pour vous aider pendant la p\u00e9riode de candidature.<\/strong><\/h3>\n<p>Le service \u00e0 la client\u00e8le de CaRMS sera ouvert le 23 et le 24 novembre de 10 h \u00e0 16 h (HE) pour offrir un soutien d\u00e9di\u00e9 par clavardage et par courriel dans les jours qui pr\u00e9c\u00e8dent la date limite de soumission des candidatures pour le jumelage R-1.[\/vc_message][\/vc_column][\/vc_row][vc_row][vc_column][vc_column_text css=\u00a0\u00bb.vc_custom_1731440065557{margin-bottom: 0px !important;}\u00a0\u00bb]\n<h2 style=\"text-align: center;\">Dates limites importantes lors de la p\u00e9riode de candidature de 2025<\/h2>\n[\/vc_column_text][mk_gallery images=\u00a0\u00bb44817,44819,44821,44823&Prime; custom_links=\u00a0\u00bb\/fr\/jumelage\/le-jumelage-principal-r-1\/candidats\/calendrier-du-jumelage-r-1\/,\/fr\/jumelage\/le-jumelage-principal-r-1\/candidats\/calendrier-du-jumelage-r-1\/,\/fr\/jumelage\/le-jumelage-principal-r-1\/candidats\/calendrier-du-jumelage-r-1\/,\/fr\/jumelage\/le-jumelage-principal-r-1\/candidats\/calendrier-du-jumelage-r-1\/\u00a0\u00bb column=\u00a0\u00bb4&Prime; image_size=\u00a0\u00bbfull\u00a0\u00bb][\/vc_column][\/vc_row][vc_row][vc_column][vc_column_text css=\u00a0\u00bb.vc_custom_1731508713011{margin-bottom: 0px !important;}\u00a0\u00bb]<strong>La date limite de soumission des candidatures pour le jumelage principal R-1 de 2025 est le 29 novembre 2024.<\/strong><\/p>\n<p>L\u2019\u00e9quipe de CaRMS est consciente que vous avez beaucoup des responsabilit\u00e9s \u00e0 ce stage du processus de candidature et nous voulons vous aider. Nous avons cr\u00e9\u00e9 des ressources pour vous afin d\u2019assurer que vous vous engagez sur la voie du succ\u00e8s en soumettant votre candidature \u00e0 l\u2019avance tout en prenant soin de votre sant\u00e9 mentale.<\/p>\n<p>Visitez nos blogues ci-dessous pour obtenir des conseils pour g\u00e9rer votre temps et les avantages de soumettre vos candidatures \u00e0 l\u2019avance.[\/vc_column_text][\/vc_column][\/vc_row][vc_row][vc_column width=\u00a0\u00bb1\/2&Prime;][mk_image_slideshow images=\u00a0\u00bb44662,44658,44660&Prime; image_height=\u00a0\u00bb400&Prime; slideshow_speed=\u00a0\u00bb6000&Prime; pause_on_hover=\u00a0\u00bbtrue\u00a0\u00bb][\/vc_column][vc_column width=\u00a0\u00bb1\/2&Prime;][vc_cta h2=\u00a0\u00bbConseils pour garder votre candidatures sur la bonne voie\u00a0\u00bb h2_font_container=\u00a0\u00bbtag:h2|text_align:left|color:%23215165&Prime; h2_google_fonts=\u00a0\u00bbfont_family:Ubuntu%3A300%2C300italic%2Cregular%2Citalic%2C500%2C500italic%2C700%2C700italic|font_style:500%20bold%20regular%3A500%3Anormal\u00a0\u00bb color=\u00a0\u00bbpeacoc\u00a0\u00bb css=\u00a0\u00bb\u00a0\u00bb use_custom_fonts_h2=\u00a0\u00bbtrue\u00a0\u00bb]\n<ul>\n<li><a href=\"https:\/\/www.carms.ca\/fr\/conseils-pour-reduire-le-stress-lie-a-la-soumission-de-votre-candidature\/\" target=\"_blank\" rel=\"noopener\">Conseils pour r\u00e9duire le stress li\u00e9 \u00e0 la soumission de votre candidature<\/a><\/li>\n<li><a href=\"https:\/\/www.carms.ca\/fr\/pourquoi-devriez-vous-soumettre-votre-candidature-assez-tot\/\" target=\"_blank\" rel=\"noopener\">Pourquoi vous devriez soumettre votre candidature \u00e0 l\u2019avance <\/a><\/li>\n<li><a href=\"https:\/\/www.carms.ca\/fr\/moyens-pour-reduire-la-procrastination-pendant-la-periode-de-candidature\/\" target=\"_blank\" rel=\"noopener\">Moyens pour r\u00e9duire la procrastination pendant la p\u00e9riode de candidature<\/a><\/li>\n<\/ul>\n[\/vc_cta][\/vc_column][\/vc_row][vc_row][vc_column][vc_column_text css=\u00a0\u00bb.vc_custom_1731508621313{margin-bottom: 0px !important;}\u00a0\u00bb]\n<h2 style=\"text-align: center;\"><span data-teams=\"true\"><span class=\"ui-provider a b c d e f g h i j k l m n o p q r s t u v w x y z ab ac ae af ag ah ai aj ak\" dir=\"ltr\">Cherchez-vous d&rsquo;autres ressources \u00e0 propos de la soumission de vos candidatures ? Visitez notre centre d&rsquo;aide.<\/span><\/span><\/h2>\n[\/vc_column_text][mk_button dimension=\u00a0\u00bbflat\u00a0\u00bb corner_style=\u00a0\u00bbfull_rounded\u00a0\u00bb size=\u00a0\u00bbmedium\u00a0\u00bb letter_spacing=\u00a0\u00bb1&Prime; url=\u00a0\u00bbhttps:\/\/carms.zendesk.com\/hc\/fr-ca\/sections\/360001115271-Postuler-aux-programmes\u00a0\u00bb target=\u00a0\u00bb_blank\u00a0\u00bb align=\u00a0\u00bbcenter\u00a0\u00bb el_class=\u00a0\u00bbbtn btn-blue btn-uppercase\u00a0\u00bb bg_color=\u00a0\u00bb#1a9ed5&Prime; btn_hover_bg=\u00a0\u00bb#ffffff\u00a0\u00bb btn_hover_txt_color=\u00a0\u00bb#1a9ed5&Prime;]<span data-teams=\"true\"><span class=\"ui-provider a b c d e f g h i j k l m n o p q r s t u v w x y z ab ac ae af ag ah ai aj ak\" dir=\"ltr\">CENTRE D&rsquo;AIDE<\/span><\/span>[\/mk_button][\/vc_column][\/vc_row]\n<\/div>","protected":false},"excerpt":{"rendered":"<p>[vc_row disable_element=\u00a0\u00bbyes\u00a0\u00bb][vc_column][vc_message css=\u00a0\u00bb\u00a0\u00bb] Nous sommes l\u00e0 pour vous aider pendant la p\u00e9riode de candidature. Le service \u00e0 la client\u00e8le de CaRMS sera ouvert le 23 et le 24 novembre de 10 h \u00e0 16 h (HE) pour offrir un soutien d\u00e9di\u00e9 par clavardage et par courriel dans les jours qui pr\u00e9c\u00e8dent la date limite de [&hellip;]<\/p>\n","protected":false},"author":40,"featured_media":0,"parent":0,"menu_order":0,"comment_status":"closed","ping_status":"closed","template":"","meta":{"_acf_changed":false,"footnotes":""},"class_list":["post-44656","page","type-page","status-publish","hentry"],"acf":{"subtitle":""},"yoast_head":"<!-- This site is optimized with the Yoast SEO plugin v25.7 - https:\/\/yoast.com\/wordpress\/plugins\/seo\/ -->\n<title>Ressources pour la p\u00e9riode des candidatures du jumelage R-1 - CaRMS<\/title>\n<meta name=\"robots\" content=\"noindex, follow, max-snippet:-1, max-image-preview:large, max-video-preview:-1\" \/>\n<meta property=\"og:locale\" content=\"fr_FR\" \/>\n<meta property=\"og:type\" content=\"article\" \/>\n<meta property=\"og:title\" content=\"Ressources pour la p\u00e9riode des candidatures du jumelage R-1 - CaRMS\" \/>\n<meta property=\"og:description\" content=\"[vc_row disable_element=\u00a0\u00bbyes\u00a0\u00bb][vc_column][vc_message css=\u00a0\u00bb\u00a0\u00bb] Nous sommes l\u00e0 pour vous aider pendant la p\u00e9riode de candidature. Le service \u00e0 la client\u00e8le de CaRMS sera ouvert le 23 et le 24 novembre de 10 h \u00e0 16 h (HE) pour offrir un soutien d\u00e9di\u00e9 par clavardage et par courriel dans les jours qui pr\u00e9c\u00e8dent la date limite de [&hellip;]\" \/>\n<meta property=\"og:url\" content=\"https:\/\/carms.wpcdev.ca\/fr\/ressources-pour-la-periode-des-candidatures-du-jumelage-r-1\/\" \/>\n<meta property=\"og:site_name\" content=\"CaRMS\" \/>\n<meta property=\"article:modified_time\" content=\"2024-11-25T13:23:12+00:00\" \/>\n<meta name=\"twitter:card\" content=\"summary_large_image\" \/>\n<meta name=\"twitter:label1\" content=\"Dur\u00e9e de lecture estim\u00e9e\" \/>\n\t<meta name=\"twitter:data1\" content=\"2 minutes\" \/>\n<script type=\"application\/ld+json\" class=\"yoast-schema-graph\">{\"@context\":\"https:\/\/schema.org\",\"@graph\":[{\"@type\":\"WebPage\",\"@id\":\"https:\/\/carms.wpcdev.ca\/fr\/ressources-pour-la-periode-des-candidatures-du-jumelage-r-1\/\",\"url\":\"https:\/\/carms.wpcdev.ca\/fr\/ressources-pour-la-periode-des-candidatures-du-jumelage-r-1\/\",\"name\":\"Ressources pour la p\u00e9riode des candidatures du jumelage R-1 - CaRMS\",\"isPartOf\":{\"@id\":\"https:\/\/carms.wpcdev.ca\/#website\"},\"datePublished\":\"2024-11-05T19:44:19+00:00\",\"dateModified\":\"2024-11-25T13:23:12+00:00\",\"breadcrumb\":{\"@id\":\"https:\/\/carms.wpcdev.ca\/fr\/ressources-pour-la-periode-des-candidatures-du-jumelage-r-1\/#breadcrumb\"},\"inLanguage\":\"fr-FR\",\"potentialAction\":[{\"@type\":\"ReadAction\",\"target\":[\"https:\/\/carms.wpcdev.ca\/fr\/ressources-pour-la-periode-des-candidatures-du-jumelage-r-1\/\"]}]},{\"@type\":\"BreadcrumbList\",\"@id\":\"https:\/\/carms.wpcdev.ca\/fr\/ressources-pour-la-periode-des-candidatures-du-jumelage-r-1\/#breadcrumb\",\"itemListElement\":[{\"@type\":\"ListItem\",\"position\":1,\"name\":\"Accueil\",\"item\":\"https:\/\/carms.wpcdev.ca\/fr\/\"},{\"@type\":\"ListItem\",\"position\":2,\"name\":\"Ressources pour la p\u00e9riode des candidatures du jumelage R-1\"}]},{\"@type\":\"WebSite\",\"@id\":\"https:\/\/carms.wpcdev.ca\/#website\",\"url\":\"https:\/\/carms.wpcdev.ca\/\",\"name\":\"CaRMS\",\"description\":\"\",\"potentialAction\":[{\"@type\":\"SearchAction\",\"target\":{\"@type\":\"EntryPoint\",\"urlTemplate\":\"https:\/\/carms.wpcdev.ca\/?s={search_term_string}\"},\"query-input\":{\"@type\":\"PropertyValueSpecification\",\"valueRequired\":true,\"valueName\":\"search_term_string\"}}],\"inLanguage\":\"fr-FR\"}]}<\/script>\n<!-- \/ Yoast SEO plugin. -->","yoast_head_json":{"title":"Ressources pour la p\u00e9riode des candidatures du jumelage R-1 - CaRMS","robots":{"index":"noindex","follow":"follow","max-snippet":"max-snippet:-1","max-image-preview":"max-image-preview:large","max-video-preview":"max-video-preview:-1"},"og_locale":"fr_FR","og_type":"article","og_title":"Ressources pour la p\u00e9riode des candidatures du jumelage R-1 - CaRMS","og_description":"[vc_row disable_element=\u00a0\u00bbyes\u00a0\u00bb][vc_column][vc_message css=\u00a0\u00bb\u00a0\u00bb] Nous sommes l\u00e0 pour vous aider pendant la p\u00e9riode de candidature. Le service \u00e0 la client\u00e8le de CaRMS sera ouvert le 23 et le 24 novembre de 10 h \u00e0 16 h (HE) pour offrir un soutien d\u00e9di\u00e9 par clavardage et par courriel dans les jours qui pr\u00e9c\u00e8dent la date limite de [&hellip;]","og_url":"https:\/\/carms.wpcdev.ca\/fr\/ressources-pour-la-periode-des-candidatures-du-jumelage-r-1\/","og_site_name":"CaRMS","article_modified_time":"2024-11-25T13:23:12+00:00","twitter_card":"summary_large_image","twitter_misc":{"Dur\u00e9e de lecture estim\u00e9e":"2 minutes"},"schema":{"@context":"https:\/\/schema.org","@graph":[{"@type":"WebPage","@id":"https:\/\/carms.wpcdev.ca\/fr\/ressources-pour-la-periode-des-candidatures-du-jumelage-r-1\/","url":"https:\/\/carms.wpcdev.ca\/fr\/ressources-pour-la-periode-des-candidatures-du-jumelage-r-1\/","name":"Ressources pour la p\u00e9riode des candidatures du jumelage R-1 - CaRMS","isPartOf":{"@id":"https:\/\/carms.wpcdev.ca\/#website"},"datePublished":"2024-11-05T19:44:19+00:00","dateModified":"2024-11-25T13:23:12+00:00","breadcrumb":{"@id":"https:\/\/carms.wpcdev.ca\/fr\/ressources-pour-la-periode-des-candidatures-du-jumelage-r-1\/#breadcrumb"},"inLanguage":"fr-FR","potentialAction":[{"@type":"ReadAction","target":["https:\/\/carms.wpcdev.ca\/fr\/ressources-pour-la-periode-des-candidatures-du-jumelage-r-1\/"]}]},{"@type":"BreadcrumbList","@id":"https:\/\/carms.wpcdev.ca\/fr\/ressources-pour-la-periode-des-candidatures-du-jumelage-r-1\/#breadcrumb","itemListElement":[{"@type":"ListItem","position":1,"name":"Accueil","item":"https:\/\/carms.wpcdev.ca\/fr\/"},{"@type":"ListItem","position":2,"name":"Ressources pour la p\u00e9riode des candidatures du jumelage R-1"}]},{"@type":"WebSite","@id":"https:\/\/carms.wpcdev.ca\/#website","url":"https:\/\/carms.wpcdev.ca\/","name":"CaRMS","description":"","potentialAction":[{"@type":"SearchAction","target":{"@type":"EntryPoint","urlTemplate":"https:\/\/carms.wpcdev.ca\/?s={search_term_string}"},"query-input":{"@type":"PropertyValueSpecification","valueRequired":true,"valueName":"search_term_string"}}],"inLanguage":"fr-FR"}]}},"publishpress_future_workflow_manual_trigger":{"enabledWorkflows":[]},"_links":{"self":[{"href":"https:\/\/carms.wpcdev.ca\/fr\/wp-json\/wp\/v2\/pages\/44656","targetHints":{"allow":["GET"]}}],"collection":[{"href":"https:\/\/carms.wpcdev.ca\/fr\/wp-json\/wp\/v2\/pages"}],"about":[{"href":"https:\/\/carms.wpcdev.ca\/fr\/wp-json\/wp\/v2\/types\/page"}],"author":[{"embeddable":true,"href":"https:\/\/carms.wpcdev.ca\/fr\/wp-json\/wp\/v2\/users\/40"}],"replies":[{"embeddable":true,"href":"https:\/\/carms.wpcdev.ca\/fr\/wp-json\/wp\/v2\/comments?post=44656"}],"version-history":[{"count":17,"href":"https:\/\/carms.wpcdev.ca\/fr\/wp-json\/wp\/v2\/pages\/44656\/revisions"}],"predecessor-version":[{"id":44912,"href":"https:\/\/carms.wpcdev.ca\/fr\/wp-json\/wp\/v2\/pages\/44656\/revisions\/44912"}],"wp:attachment":[{"href":"https:\/\/carms.wpcdev.ca\/fr\/wp-json\/wp\/v2\/media?parent=44656"}],"curies":[{"name":"wp","href":"https:\/\/api.w.org\/{rel}","templated":true}]}}