{"id":42580,"date":"2024-06-25T10:51:14","date_gmt":"2024-06-25T14:51:14","guid":{"rendered":"https:\/\/www.carms.ca\/?page_id=42580"},"modified":"2024-06-25T11:16:01","modified_gmt":"2024-06-25T15:16:01","slug":"docteure-chetana-kulkarni","status":"publish","type":"page","link":"https:\/\/carms.wpcdev.ca\/fr\/a-propos-de\/gouvernance-et-comites\/gouvernance\/docteure-chetana-kulkarni\/","title":{"rendered":"Docteure Chetana Kulkarni"},"content":{"rendered":"<p>La docteure Kulkarni est une psychiatre pour enfants et adolescents avec de l\u2019exp\u00e9rience de prestation de soins \u00e0 de jeunes enfants, \u00e0 des enfants, des jeunes et leurs familles dans un milieu hospitalier et communautaire. En ce moment, son travail en milieu clinique se d\u00e9roule principalement dans la clinique de soins d\u2019urgence en psychiatrie. Elle est \u00e9galement la chef de l\u2019\u00e9ducation pour le programme de sant\u00e9 mentale TeleLink de l\u2019h\u00f4pital <em>SickKids<\/em>. Elle est impliqu\u00e9e dans l\u2019enseignement, la supervision et le mentorat des \u00e9tudiants en m\u00e9decine, des r\u00e9sidents et des boursiers. Elle a \u00e9galement un int\u00e9r\u00eat pour la sant\u00e9 physique et est membre de l\u2019\u00e9quipe du programme de soutien des pairs de <em>SickKids<\/em>. Elle est la directrice, Affaires des apprenants de premier cycle au bureau des affaires des apprenants, facult\u00e9 de m\u00e9decine Temerty. Dans l\u2019exercice de ses fonctions, elle soutient les apprenants de premier cycle dans le domaine des professions en sant\u00e9. Elle est \u00e9galement la pr\u00e9sidente du conseil d\u2019administration et la pr\u00e9sidente \u00e9lue de l\u2019association <em>Canadian Women in Medicine (CWIM)<\/em>.<\/p>\n","protected":false},"excerpt":{"rendered":"<p>La docteure Kulkarni est une psychiatre pour enfants et adolescents avec de l\u2019exp\u00e9rience de prestation de soins \u00e0 de jeunes enfants, \u00e0 des enfants, des jeunes et leurs familles dans un milieu hospitalier et communautaire. En ce moment, son travail en milieu clinique se d\u00e9roule principalement dans la clinique de soins d\u2019urgence en psychiatrie. Elle [&hellip;]<\/p>\n","protected":false},"author":40,"featured_media":0,"parent":1053,"menu_order":0,"comment_status":"closed","ping_status":"closed","template":"","meta":{"_acf_changed":false,"footnotes":""},"class_list":["post-42580","page","type-page","status-publish","hentry"],"acf":{"subtitle":"<p><em>Directrice<\/em><br \/>\nDirectrice, Affaires des apprenants de premier cycle, bureau des affaires des apprenants, facult\u00e9 de m\u00e9decine Temerty, University of Toronto<\/p>\n"},"yoast_head":"<!-- This site is optimized with the Yoast SEO plugin v25.7 - https:\/\/yoast.com\/wordpress\/plugins\/seo\/ -->\n<title>Docteure Chetana Kulkarni - CaRMS<\/title>\n<meta name=\"robots\" content=\"noindex, follow, max-snippet:-1, max-image-preview:large, max-video-preview:-1\" \/>\n<meta property=\"og:locale\" content=\"fr_FR\" \/>\n<meta property=\"og:type\" content=\"article\" \/>\n<meta property=\"og:title\" content=\"Docteure Chetana Kulkarni - CaRMS\" \/>\n<meta property=\"og:description\" content=\"La docteure Kulkarni est une psychiatre pour enfants et adolescents avec de l\u2019exp\u00e9rience de prestation de soins \u00e0 de jeunes enfants, \u00e0 des enfants, des jeunes et leurs familles dans un milieu hospitalier et communautaire. En ce moment, son travail en milieu clinique se d\u00e9roule principalement dans la clinique de soins d\u2019urgence en psychiatrie. Elle [&hellip;]\" \/>\n<meta property=\"og:url\" content=\"https:\/\/carms.wpcdev.ca\/fr\/a-propos-de\/gouvernance-et-comites\/gouvernance\/docteure-chetana-kulkarni\/\" \/>\n<meta property=\"og:site_name\" content=\"CaRMS\" \/>\n<meta property=\"article:modified_time\" content=\"2024-06-25T15:16:01+00:00\" \/>\n<meta name=\"twitter:card\" content=\"summary_large_image\" \/>\n<meta name=\"twitter:label1\" content=\"Dur\u00e9e de lecture estim\u00e9e\" \/>\n\t<meta name=\"twitter:data1\" content=\"1 minute\" \/>\n<script type=\"application\/ld+json\" class=\"yoast-schema-graph\">{\"@context\":\"https:\/\/schema.org\",\"@graph\":[{\"@type\":\"WebPage\",\"@id\":\"https:\/\/carms.wpcdev.ca\/fr\/a-propos-de\/gouvernance-et-comites\/gouvernance\/docteure-chetana-kulkarni\/\",\"url\":\"https:\/\/carms.wpcdev.ca\/fr\/a-propos-de\/gouvernance-et-comites\/gouvernance\/docteure-chetana-kulkarni\/\",\"name\":\"Docteure Chetana Kulkarni - CaRMS\",\"isPartOf\":{\"@id\":\"https:\/\/carms.wpcdev.ca\/#website\"},\"datePublished\":\"2024-06-25T14:51:14+00:00\",\"dateModified\":\"2024-06-25T15:16:01+00:00\",\"breadcrumb\":{\"@id\":\"https:\/\/carms.wpcdev.ca\/fr\/a-propos-de\/gouvernance-et-comites\/gouvernance\/docteure-chetana-kulkarni\/#breadcrumb\"},\"inLanguage\":\"fr-FR\",\"potentialAction\":[{\"@type\":\"ReadAction\",\"target\":[\"https:\/\/carms.wpcdev.ca\/fr\/a-propos-de\/gouvernance-et-comites\/gouvernance\/docteure-chetana-kulkarni\/\"]}]},{\"@type\":\"BreadcrumbList\",\"@id\":\"https:\/\/carms.wpcdev.ca\/fr\/a-propos-de\/gouvernance-et-comites\/gouvernance\/docteure-chetana-kulkarni\/#breadcrumb\",\"itemListElement\":[{\"@type\":\"ListItem\",\"position\":1,\"name\":\"Accueil\",\"item\":\"https:\/\/carms.wpcdev.ca\/fr\/\"},{\"@type\":\"ListItem\",\"position\":2,\"name\":\"\u00c0 propos de\",\"item\":\"https:\/\/carms.wpcdev.ca\/fr\/a-propos-de\/\"},{\"@type\":\"ListItem\",\"position\":3,\"name\":\"Gouvernance et comit\u00e9s\",\"item\":\"https:\/\/carms.wpcdev.ca\/fr\/a-propos-de\/gouvernance-et-comites\/\"},{\"@type\":\"ListItem\",\"position\":4,\"name\":\"Gouvernance\",\"item\":\"https:\/\/carms.wpcdev.ca\/fr\/a-propos-de\/gouvernance-et-comites\/gouvernance\/\"},{\"@type\":\"ListItem\",\"position\":5,\"name\":\"Docteure Chetana Kulkarni\"}]},{\"@type\":\"WebSite\",\"@id\":\"https:\/\/carms.wpcdev.ca\/#website\",\"url\":\"https:\/\/carms.wpcdev.ca\/\",\"name\":\"CaRMS\",\"description\":\"\",\"potentialAction\":[{\"@type\":\"SearchAction\",\"target\":{\"@type\":\"EntryPoint\",\"urlTemplate\":\"https:\/\/carms.wpcdev.ca\/?s={search_term_string}\"},\"query-input\":{\"@type\":\"PropertyValueSpecification\",\"valueRequired\":true,\"valueName\":\"search_term_string\"}}],\"inLanguage\":\"fr-FR\"}]}<\/script>\n<!-- \/ Yoast SEO plugin. -->","yoast_head_json":{"title":"Docteure Chetana Kulkarni - CaRMS","robots":{"index":"noindex","follow":"follow","max-snippet":"max-snippet:-1","max-image-preview":"max-image-preview:large","max-video-preview":"max-video-preview:-1"},"og_locale":"fr_FR","og_type":"article","og_title":"Docteure Chetana Kulkarni - CaRMS","og_description":"La docteure Kulkarni est une psychiatre pour enfants et adolescents avec de l\u2019exp\u00e9rience de prestation de soins \u00e0 de jeunes enfants, \u00e0 des enfants, des jeunes et leurs familles dans un milieu hospitalier et communautaire. En ce moment, son travail en milieu clinique se d\u00e9roule principalement dans la clinique de soins d\u2019urgence en psychiatrie. Elle [&hellip;]","og_url":"https:\/\/carms.wpcdev.ca\/fr\/a-propos-de\/gouvernance-et-comites\/gouvernance\/docteure-chetana-kulkarni\/","og_site_name":"CaRMS","article_modified_time":"2024-06-25T15:16:01+00:00","twitter_card":"summary_large_image","twitter_misc":{"Dur\u00e9e de lecture estim\u00e9e":"1 minute"},"schema":{"@context":"https:\/\/schema.org","@graph":[{"@type":"WebPage","@id":"https:\/\/carms.wpcdev.ca\/fr\/a-propos-de\/gouvernance-et-comites\/gouvernance\/docteure-chetana-kulkarni\/","url":"https:\/\/carms.wpcdev.ca\/fr\/a-propos-de\/gouvernance-et-comites\/gouvernance\/docteure-chetana-kulkarni\/","name":"Docteure Chetana Kulkarni - CaRMS","isPartOf":{"@id":"https:\/\/carms.wpcdev.ca\/#website"},"datePublished":"2024-06-25T14:51:14+00:00","dateModified":"2024-06-25T15:16:01+00:00","breadcrumb":{"@id":"https:\/\/carms.wpcdev.ca\/fr\/a-propos-de\/gouvernance-et-comites\/gouvernance\/docteure-chetana-kulkarni\/#breadcrumb"},"inLanguage":"fr-FR","potentialAction":[{"@type":"ReadAction","target":["https:\/\/carms.wpcdev.ca\/fr\/a-propos-de\/gouvernance-et-comites\/gouvernance\/docteure-chetana-kulkarni\/"]}]},{"@type":"BreadcrumbList","@id":"https:\/\/carms.wpcdev.ca\/fr\/a-propos-de\/gouvernance-et-comites\/gouvernance\/docteure-chetana-kulkarni\/#breadcrumb","itemListElement":[{"@type":"ListItem","position":1,"name":"Accueil","item":"https:\/\/carms.wpcdev.ca\/fr\/"},{"@type":"ListItem","position":2,"name":"\u00c0 propos de","item":"https:\/\/carms.wpcdev.ca\/fr\/a-propos-de\/"},{"@type":"ListItem","position":3,"name":"Gouvernance et comit\u00e9s","item":"https:\/\/carms.wpcdev.ca\/fr\/a-propos-de\/gouvernance-et-comites\/"},{"@type":"ListItem","position":4,"name":"Gouvernance","item":"https:\/\/carms.wpcdev.ca\/fr\/a-propos-de\/gouvernance-et-comites\/gouvernance\/"},{"@type":"ListItem","position":5,"name":"Docteure Chetana Kulkarni"}]},{"@type":"WebSite","@id":"https:\/\/carms.wpcdev.ca\/#website","url":"https:\/\/carms.wpcdev.ca\/","name":"CaRMS","description":"","potentialAction":[{"@type":"SearchAction","target":{"@type":"EntryPoint","urlTemplate":"https:\/\/carms.wpcdev.ca\/?s={search_term_string}"},"query-input":{"@type":"PropertyValueSpecification","valueRequired":true,"valueName":"search_term_string"}}],"inLanguage":"fr-FR"}]}},"publishpress_future_workflow_manual_trigger":{"enabledWorkflows":[]},"_links":{"self":[{"href":"https:\/\/carms.wpcdev.ca\/fr\/wp-json\/wp\/v2\/pages\/42580","targetHints":{"allow":["GET"]}}],"collection":[{"href":"https:\/\/carms.wpcdev.ca\/fr\/wp-json\/wp\/v2\/pages"}],"about":[{"href":"https:\/\/carms.wpcdev.ca\/fr\/wp-json\/wp\/v2\/types\/page"}],"author":[{"embeddable":true,"href":"https:\/\/carms.wpcdev.ca\/fr\/wp-json\/wp\/v2\/users\/40"}],"replies":[{"embeddable":true,"href":"https:\/\/carms.wpcdev.ca\/fr\/wp-json\/wp\/v2\/comments?post=42580"}],"version-history":[{"count":2,"href":"https:\/\/carms.wpcdev.ca\/fr\/wp-json\/wp\/v2\/pages\/42580\/revisions"}],"predecessor-version":[{"id":42595,"href":"https:\/\/carms.wpcdev.ca\/fr\/wp-json\/wp\/v2\/pages\/42580\/revisions\/42595"}],"up":[{"embeddable":true,"href":"https:\/\/carms.wpcdev.ca\/fr\/wp-json\/wp\/v2\/pages\/1053"}],"wp:attachment":[{"href":"https:\/\/carms.wpcdev.ca\/fr\/wp-json\/wp\/v2\/media?parent=42580"}],"curies":[{"name":"wp","href":"https:\/\/api.w.org\/{rel}","templated":true}]}}