{"id":37691,"date":"2023-05-31T10:25:38","date_gmt":"2023-05-31T14:25:38","guid":{"rendered":"https:\/\/www.carms.ca\/?page_id=37691"},"modified":"2023-05-31T10:29:05","modified_gmt":"2023-05-31T14:29:05","slug":"docteur-cliff-yaffe","status":"publish","type":"page","link":"https:\/\/carms.wpcdev.ca\/fr\/a-propos-de\/gouvernance-et-comites\/gouvernance\/docteur-cliff-yaffe\/","title":{"rendered":"Docteur Cliff Yaffe"},"content":{"rendered":"<p>Le docteur Cliff Yaffe a termin\u00e9 sa r\u00e9sidence en chirurgie g\u00e9n\u00e9rale \u00e0 la <em>University of Manitoba <\/em>en 1981, suivi d\u2019une bourse de recherche en gastroent\u00e9rologie \u00e0 l\u2019Universit\u00e9 McGill. Le docteur Yaffe s\u2019est joint au d\u00e9partement de chirurgie, section de chirurgie g\u00e9n\u00e9rale en 1986 comme professeur adjoint en chirurgie. Il a occup\u00e9 le poste de directeur du programme de r\u00e9sidence en chirurgie g\u00e9n\u00e9rale de 1996 \u00e0 2008 et le poste de directeur des fondations en chirurgie de 2003 \u00e0 2012. Le docteur Yaffe a \u00e9galement \u00e9t\u00e9 l\u2019administrateur g\u00e9n\u00e9ral de la section de chirurgie g\u00e9n\u00e9rale \u00e0 l\u2019h\u00f4pital St. Boniface de 1998 \u00e0 2014 et le chef r\u00e9gional de la section de chirurgie g\u00e9n\u00e9rale du programme de chirurgie du WRHA de 2009 \u00e0 2014.<\/p>\n<p>L\u2019engagement du docteur Yaffe envers le Coll\u00e8ge royal des m\u00e9decins et chirurgiens du Canada a commenc\u00e9 en 1997. Il est actif au sein du Coll\u00e8ge royal \u00e0 titre de surveillant sur place du Coll\u00e8ge royal. Il a auparavant \u00e9t\u00e9 un examinateur pour la chirurgie g\u00e9n\u00e9rale (de 2005 \u00e0 2016) et un membre du conseil d\u2019examen en chirurgie g\u00e9n\u00e9rale (de 1997 \u00e0 2006) et du comit\u00e9 d\u2019essais en chirurgie g\u00e9n\u00e9rale (de 1997 \u00e0 2001). Il a \u00e9galement \u00e9t\u00e9 un examinateur pour la chirurgie colorectale (de 1997 \u00e0 2002) et un membre du comit\u00e9 de sp\u00e9cialisation en chirurgie colorectale (de 1997 \u00e0 2002 et de 2008 \u00e0 2013), un membre du conseil d\u2019examen en chirurgie colorectale (de 1997 \u00e0 2002 et de 2008 \u00e0 2013) et un membre du comit\u00e9 consultatif des fondations chirurgicales (de 2008 \u00e0 2014).<\/p>\n<p>Le docteur Yaffe est actuellement un membre actif du personnel \u00e0 l\u2019h\u00f4pital St. Boniface et au centre des sciences de la sant\u00e9. Son implication dans les soci\u00e9t\u00e9s professionnelles inclut le Coll\u00e8ge royal des m\u00e9decins et chirurgiens du Canada, l\u2019Association canadienne des chirurgiens g\u00e9n\u00e9raux et la Soci\u00e9t\u00e9 canadienne des chirurgiens du c\u00f4lon et du rectum, pour n\u2019en nommer que quelques-uns. Le docteur Yaffe s\u2019est retir\u00e9 de la pratique active qui mettait l\u2019accent sur la chirurgie colorectale et la chirurgie g\u00e9n\u00e9rale. Le mandat du docteur Yaffee comme doyen associ\u00e9 de l\u2019enseignement postdoctoral en m\u00e9decine \u00e0 la <em>University of Manitoba<\/em>, poste qu\u2019il occupe depuis novembre 2011, s\u2019est termin\u00e9 le 31\u00a0d\u00e9cembre 2022.<\/p>\n","protected":false},"excerpt":{"rendered":"<p>Le docteur Cliff Yaffe a termin\u00e9 sa r\u00e9sidence en chirurgie g\u00e9n\u00e9rale \u00e0 la University of Manitoba en 1981, suivi d\u2019une bourse de recherche en gastroent\u00e9rologie \u00e0 l\u2019Universit\u00e9 McGill. Le docteur Yaffe s\u2019est joint au d\u00e9partement de chirurgie, section de chirurgie g\u00e9n\u00e9rale en 1986 comme professeur adjoint en chirurgie. Il a occup\u00e9 le poste de directeur [&hellip;]<\/p>\n","protected":false},"author":40,"featured_media":0,"parent":1053,"menu_order":0,"comment_status":"closed","ping_status":"closed","template":"","meta":{"_acf_changed":false,"footnotes":""},"class_list":["post-37691","page","type-page","status-publish","hentry"],"acf":{"subtitle":"<p><em>Directeur<br \/>\n<\/em>Membre du personnel<br \/>\nH\u00f4pital St. Boniface\u2009; Centre des sciences de la sant\u00e9<\/p>\n"},"yoast_head":"<!-- This site is optimized with the Yoast SEO plugin v25.7 - https:\/\/yoast.com\/wordpress\/plugins\/seo\/ -->\n<title>Docteur Cliff Yaffe - CaRMS<\/title>\n<meta name=\"robots\" content=\"noindex, follow, max-snippet:-1, max-image-preview:large, max-video-preview:-1\" \/>\n<meta property=\"og:locale\" content=\"fr_FR\" \/>\n<meta property=\"og:type\" content=\"article\" \/>\n<meta property=\"og:title\" content=\"Docteur Cliff Yaffe - CaRMS\" \/>\n<meta property=\"og:description\" content=\"Le docteur Cliff Yaffe a termin\u00e9 sa r\u00e9sidence en chirurgie g\u00e9n\u00e9rale \u00e0 la University of Manitoba en 1981, suivi d\u2019une bourse de recherche en gastroent\u00e9rologie \u00e0 l\u2019Universit\u00e9 McGill. Le docteur Yaffe s\u2019est joint au d\u00e9partement de chirurgie, section de chirurgie g\u00e9n\u00e9rale en 1986 comme professeur adjoint en chirurgie. Il a occup\u00e9 le poste de directeur [&hellip;]\" \/>\n<meta property=\"og:url\" content=\"https:\/\/carms.wpcdev.ca\/fr\/a-propos-de\/gouvernance-et-comites\/gouvernance\/docteur-cliff-yaffe\/\" \/>\n<meta property=\"og:site_name\" content=\"CaRMS\" \/>\n<meta property=\"article:modified_time\" content=\"2023-05-31T14:29:05+00:00\" \/>\n<meta name=\"twitter:card\" content=\"summary_large_image\" \/>\n<meta name=\"twitter:label1\" content=\"Dur\u00e9e de lecture estim\u00e9e\" \/>\n\t<meta name=\"twitter:data1\" content=\"2 minutes\" \/>\n<script type=\"application\/ld+json\" class=\"yoast-schema-graph\">{\"@context\":\"https:\/\/schema.org\",\"@graph\":[{\"@type\":\"WebPage\",\"@id\":\"https:\/\/carms.wpcdev.ca\/fr\/a-propos-de\/gouvernance-et-comites\/gouvernance\/docteur-cliff-yaffe\/\",\"url\":\"https:\/\/carms.wpcdev.ca\/fr\/a-propos-de\/gouvernance-et-comites\/gouvernance\/docteur-cliff-yaffe\/\",\"name\":\"Docteur Cliff Yaffe - CaRMS\",\"isPartOf\":{\"@id\":\"https:\/\/carms.wpcdev.ca\/#website\"},\"datePublished\":\"2023-05-31T14:25:38+00:00\",\"dateModified\":\"2023-05-31T14:29:05+00:00\",\"breadcrumb\":{\"@id\":\"https:\/\/carms.wpcdev.ca\/fr\/a-propos-de\/gouvernance-et-comites\/gouvernance\/docteur-cliff-yaffe\/#breadcrumb\"},\"inLanguage\":\"fr-FR\",\"potentialAction\":[{\"@type\":\"ReadAction\",\"target\":[\"https:\/\/carms.wpcdev.ca\/fr\/a-propos-de\/gouvernance-et-comites\/gouvernance\/docteur-cliff-yaffe\/\"]}]},{\"@type\":\"BreadcrumbList\",\"@id\":\"https:\/\/carms.wpcdev.ca\/fr\/a-propos-de\/gouvernance-et-comites\/gouvernance\/docteur-cliff-yaffe\/#breadcrumb\",\"itemListElement\":[{\"@type\":\"ListItem\",\"position\":1,\"name\":\"Accueil\",\"item\":\"https:\/\/carms.wpcdev.ca\/fr\/\"},{\"@type\":\"ListItem\",\"position\":2,\"name\":\"\u00c0 propos de\",\"item\":\"https:\/\/carms.wpcdev.ca\/fr\/a-propos-de\/\"},{\"@type\":\"ListItem\",\"position\":3,\"name\":\"Gouvernance et comit\u00e9s\",\"item\":\"https:\/\/carms.wpcdev.ca\/fr\/a-propos-de\/gouvernance-et-comites\/\"},{\"@type\":\"ListItem\",\"position\":4,\"name\":\"Gouvernance\",\"item\":\"https:\/\/carms.wpcdev.ca\/fr\/a-propos-de\/gouvernance-et-comites\/gouvernance\/\"},{\"@type\":\"ListItem\",\"position\":5,\"name\":\"Docteur Cliff Yaffe\"}]},{\"@type\":\"WebSite\",\"@id\":\"https:\/\/carms.wpcdev.ca\/#website\",\"url\":\"https:\/\/carms.wpcdev.ca\/\",\"name\":\"CaRMS\",\"description\":\"\",\"potentialAction\":[{\"@type\":\"SearchAction\",\"target\":{\"@type\":\"EntryPoint\",\"urlTemplate\":\"https:\/\/carms.wpcdev.ca\/?s={search_term_string}\"},\"query-input\":{\"@type\":\"PropertyValueSpecification\",\"valueRequired\":true,\"valueName\":\"search_term_string\"}}],\"inLanguage\":\"fr-FR\"}]}<\/script>\n<!-- \/ Yoast SEO plugin. -->","yoast_head_json":{"title":"Docteur Cliff Yaffe - CaRMS","robots":{"index":"noindex","follow":"follow","max-snippet":"max-snippet:-1","max-image-preview":"max-image-preview:large","max-video-preview":"max-video-preview:-1"},"og_locale":"fr_FR","og_type":"article","og_title":"Docteur Cliff Yaffe - CaRMS","og_description":"Le docteur Cliff Yaffe a termin\u00e9 sa r\u00e9sidence en chirurgie g\u00e9n\u00e9rale \u00e0 la University of Manitoba en 1981, suivi d\u2019une bourse de recherche en gastroent\u00e9rologie \u00e0 l\u2019Universit\u00e9 McGill. Le docteur Yaffe s\u2019est joint au d\u00e9partement de chirurgie, section de chirurgie g\u00e9n\u00e9rale en 1986 comme professeur adjoint en chirurgie. Il a occup\u00e9 le poste de directeur [&hellip;]","og_url":"https:\/\/carms.wpcdev.ca\/fr\/a-propos-de\/gouvernance-et-comites\/gouvernance\/docteur-cliff-yaffe\/","og_site_name":"CaRMS","article_modified_time":"2023-05-31T14:29:05+00:00","twitter_card":"summary_large_image","twitter_misc":{"Dur\u00e9e de lecture estim\u00e9e":"2 minutes"},"schema":{"@context":"https:\/\/schema.org","@graph":[{"@type":"WebPage","@id":"https:\/\/carms.wpcdev.ca\/fr\/a-propos-de\/gouvernance-et-comites\/gouvernance\/docteur-cliff-yaffe\/","url":"https:\/\/carms.wpcdev.ca\/fr\/a-propos-de\/gouvernance-et-comites\/gouvernance\/docteur-cliff-yaffe\/","name":"Docteur Cliff Yaffe - CaRMS","isPartOf":{"@id":"https:\/\/carms.wpcdev.ca\/#website"},"datePublished":"2023-05-31T14:25:38+00:00","dateModified":"2023-05-31T14:29:05+00:00","breadcrumb":{"@id":"https:\/\/carms.wpcdev.ca\/fr\/a-propos-de\/gouvernance-et-comites\/gouvernance\/docteur-cliff-yaffe\/#breadcrumb"},"inLanguage":"fr-FR","potentialAction":[{"@type":"ReadAction","target":["https:\/\/carms.wpcdev.ca\/fr\/a-propos-de\/gouvernance-et-comites\/gouvernance\/docteur-cliff-yaffe\/"]}]},{"@type":"BreadcrumbList","@id":"https:\/\/carms.wpcdev.ca\/fr\/a-propos-de\/gouvernance-et-comites\/gouvernance\/docteur-cliff-yaffe\/#breadcrumb","itemListElement":[{"@type":"ListItem","position":1,"name":"Accueil","item":"https:\/\/carms.wpcdev.ca\/fr\/"},{"@type":"ListItem","position":2,"name":"\u00c0 propos de","item":"https:\/\/carms.wpcdev.ca\/fr\/a-propos-de\/"},{"@type":"ListItem","position":3,"name":"Gouvernance et comit\u00e9s","item":"https:\/\/carms.wpcdev.ca\/fr\/a-propos-de\/gouvernance-et-comites\/"},{"@type":"ListItem","position":4,"name":"Gouvernance","item":"https:\/\/carms.wpcdev.ca\/fr\/a-propos-de\/gouvernance-et-comites\/gouvernance\/"},{"@type":"ListItem","position":5,"name":"Docteur Cliff Yaffe"}]},{"@type":"WebSite","@id":"https:\/\/carms.wpcdev.ca\/#website","url":"https:\/\/carms.wpcdev.ca\/","name":"CaRMS","description":"","potentialAction":[{"@type":"SearchAction","target":{"@type":"EntryPoint","urlTemplate":"https:\/\/carms.wpcdev.ca\/?s={search_term_string}"},"query-input":{"@type":"PropertyValueSpecification","valueRequired":true,"valueName":"search_term_string"}}],"inLanguage":"fr-FR"}]}},"publishpress_future_workflow_manual_trigger":{"enabledWorkflows":[]},"_links":{"self":[{"href":"https:\/\/carms.wpcdev.ca\/fr\/wp-json\/wp\/v2\/pages\/37691","targetHints":{"allow":["GET"]}}],"collection":[{"href":"https:\/\/carms.wpcdev.ca\/fr\/wp-json\/wp\/v2\/pages"}],"about":[{"href":"https:\/\/carms.wpcdev.ca\/fr\/wp-json\/wp\/v2\/types\/page"}],"author":[{"embeddable":true,"href":"https:\/\/carms.wpcdev.ca\/fr\/wp-json\/wp\/v2\/users\/40"}],"replies":[{"embeddable":true,"href":"https:\/\/carms.wpcdev.ca\/fr\/wp-json\/wp\/v2\/comments?post=37691"}],"version-history":[{"count":3,"href":"https:\/\/carms.wpcdev.ca\/fr\/wp-json\/wp\/v2\/pages\/37691\/revisions"}],"predecessor-version":[{"id":37697,"href":"https:\/\/carms.wpcdev.ca\/fr\/wp-json\/wp\/v2\/pages\/37691\/revisions\/37697"}],"up":[{"embeddable":true,"href":"https:\/\/carms.wpcdev.ca\/fr\/wp-json\/wp\/v2\/pages\/1053"}],"wp:attachment":[{"href":"https:\/\/carms.wpcdev.ca\/fr\/wp-json\/wp\/v2\/media?parent=37691"}],"curies":[{"name":"wp","href":"https:\/\/api.w.org\/{rel}","templated":true}]}}