{"id":35098,"date":"2023-01-30T13:13:00","date_gmt":"2023-01-30T18:13:00","guid":{"rendered":"https:\/\/www.carms.ca\/?page_id=35098"},"modified":"2023-01-30T13:13:00","modified_gmt":"2023-01-30T18:13:00","slug":"madame-mariya-andreeva","status":"publish","type":"page","link":"https:\/\/carms.wpcdev.ca\/fr\/a-propos-de\/gouvernance-et-comites\/gouvernance\/madame-mariya-andreeva\/","title":{"rendered":"Madame Mariya Andreeva"},"content":{"rendered":"<p><strong>Madame Mariya Andreeva <\/strong>a \u00e9t\u00e9 s\u00e9lectionn\u00e9e par la F\u00e9d\u00e9ration m\u00e9dicale \u00e9tudiante du Qu\u00e9bec (FMEQ) pour succ\u00e9der \u00e0 la docteure Roxanne St-Pierre-Alain comme directrice s\u00e9lectionn\u00e9e par la FMEQ au sein du conseil d\u2019administration de CaRMS.<\/p>\n<p>Mariya est une \u00e9tudiante de troisi\u00e8me ann\u00e9e en m\u00e9decine \u00e0 l\u2019Universit\u00e9 de Sherbrooke et l\u2019actuelle d\u00e9l\u00e9gu\u00e9e aux finances et aux ressources humaines de la FMEQ. Avant de poursuivre ses \u00e9tudes dans le domaine de la m\u00e9decine, Mariya a obtenu son baccalaur\u00e9at en droit \u00e8 l\u2019Universit\u00e9 de Sherbrooke ainsi qu\u2019un dipl\u00f4me de 2<sup>e<\/sup>\u00a0cycle en fiscalit\u00e9. Elle est \u00e9galement inscrite dans un programme de ma\u00eetrise recherche en sciences de la sant\u00e9 \u00e0 l\u2019Universit\u00e9 de Sherbrooke.<\/p>\n<p>Depuis le d\u00e9but de ses \u00e9tudes en m\u00e9decine, elle a \u00e9t\u00e9 impliqu\u00e9e dans la repr\u00e9sentation des \u00e9tudiants gr\u00e2ce \u00e0 son association \u00e9tudiante locale AGEMUS (Association g\u00e9n\u00e9rale \u00e9tudiante en m\u00e9decine de l\u2019Universit\u00e9 de Sherbrooke), ainsi qu\u2019avec d\u2019autres comit\u00e9s et projets. Par cons\u00e9quent, Mariya s\u2019est familiaris\u00e9e avec les diff\u00e9rents enjeux auxquels font face les \u00e9tudiants en m\u00e9decine pendant leurs \u00e9tudes et la pr\u00e9paration pour la r\u00e9sidence. Ceci l\u2019a naturellement pouss\u00e9e \u00e0 chercher un poste au sein de la FMEQ, o\u00f9 elle esp\u00e8re avoir sur des sujets acad\u00e9miques, sociaux et politiques concernant les \u00e9tudiants en m\u00e9decine et le domaine de la sant\u00e9 en g\u00e9n\u00e9ral.<\/p>\n","protected":false},"excerpt":{"rendered":"<p>Madame Mariya Andreeva a \u00e9t\u00e9 s\u00e9lectionn\u00e9e par la F\u00e9d\u00e9ration m\u00e9dicale \u00e9tudiante du Qu\u00e9bec (FMEQ) pour succ\u00e9der \u00e0 la docteure Roxanne St-Pierre-Alain comme directrice s\u00e9lectionn\u00e9e par la FMEQ au sein du conseil d\u2019administration de CaRMS. Mariya est une \u00e9tudiante de troisi\u00e8me ann\u00e9e en m\u00e9decine \u00e0 l\u2019Universit\u00e9 de Sherbrooke et l\u2019actuelle d\u00e9l\u00e9gu\u00e9e aux finances et aux ressources [&hellip;]<\/p>\n","protected":false},"author":40,"featured_media":0,"parent":1053,"menu_order":0,"comment_status":"closed","ping_status":"closed","template":"","meta":{"_acf_changed":false,"footnotes":""},"class_list":["post-35098","page","type-page","status-publish","hentry"],"acf":{"subtitle":"<p><em>Directrice<br \/>\n<\/em>\u00c9tudiante en m\u00e9decine<br \/>\nUniversit\u00e9 de Sherbrooke<\/p>\n"},"yoast_head":"<!-- This site is optimized with the Yoast SEO plugin v25.7 - https:\/\/yoast.com\/wordpress\/plugins\/seo\/ -->\n<title>Madame Mariya Andreeva - CaRMS<\/title>\n<meta name=\"robots\" content=\"noindex, follow, max-snippet:-1, max-image-preview:large, max-video-preview:-1\" \/>\n<meta property=\"og:locale\" content=\"fr_FR\" \/>\n<meta property=\"og:type\" content=\"article\" \/>\n<meta property=\"og:title\" content=\"Madame Mariya Andreeva - CaRMS\" \/>\n<meta property=\"og:description\" content=\"Madame Mariya Andreeva a \u00e9t\u00e9 s\u00e9lectionn\u00e9e par la F\u00e9d\u00e9ration m\u00e9dicale \u00e9tudiante du Qu\u00e9bec (FMEQ) pour succ\u00e9der \u00e0 la docteure Roxanne St-Pierre-Alain comme directrice s\u00e9lectionn\u00e9e par la FMEQ au sein du conseil d\u2019administration de CaRMS. Mariya est une \u00e9tudiante de troisi\u00e8me ann\u00e9e en m\u00e9decine \u00e0 l\u2019Universit\u00e9 de Sherbrooke et l\u2019actuelle d\u00e9l\u00e9gu\u00e9e aux finances et aux ressources [&hellip;]\" \/>\n<meta property=\"og:url\" content=\"https:\/\/carms.wpcdev.ca\/fr\/a-propos-de\/gouvernance-et-comites\/gouvernance\/madame-mariya-andreeva\/\" \/>\n<meta property=\"og:site_name\" content=\"CaRMS\" \/>\n<meta name=\"twitter:card\" content=\"summary_large_image\" \/>\n<meta name=\"twitter:label1\" content=\"Dur\u00e9e de lecture estim\u00e9e\" \/>\n\t<meta name=\"twitter:data1\" content=\"1 minute\" \/>\n<script type=\"application\/ld+json\" class=\"yoast-schema-graph\">{\"@context\":\"https:\/\/schema.org\",\"@graph\":[{\"@type\":\"WebPage\",\"@id\":\"https:\/\/carms.wpcdev.ca\/fr\/a-propos-de\/gouvernance-et-comites\/gouvernance\/madame-mariya-andreeva\/\",\"url\":\"https:\/\/carms.wpcdev.ca\/fr\/a-propos-de\/gouvernance-et-comites\/gouvernance\/madame-mariya-andreeva\/\",\"name\":\"Madame Mariya Andreeva - CaRMS\",\"isPartOf\":{\"@id\":\"https:\/\/carms.wpcdev.ca\/#website\"},\"datePublished\":\"2023-01-30T18:13:00+00:00\",\"breadcrumb\":{\"@id\":\"https:\/\/carms.wpcdev.ca\/fr\/a-propos-de\/gouvernance-et-comites\/gouvernance\/madame-mariya-andreeva\/#breadcrumb\"},\"inLanguage\":\"fr-FR\",\"potentialAction\":[{\"@type\":\"ReadAction\",\"target\":[\"https:\/\/carms.wpcdev.ca\/fr\/a-propos-de\/gouvernance-et-comites\/gouvernance\/madame-mariya-andreeva\/\"]}]},{\"@type\":\"BreadcrumbList\",\"@id\":\"https:\/\/carms.wpcdev.ca\/fr\/a-propos-de\/gouvernance-et-comites\/gouvernance\/madame-mariya-andreeva\/#breadcrumb\",\"itemListElement\":[{\"@type\":\"ListItem\",\"position\":1,\"name\":\"Accueil\",\"item\":\"https:\/\/carms.wpcdev.ca\/fr\/\"},{\"@type\":\"ListItem\",\"position\":2,\"name\":\"\u00c0 propos de\",\"item\":\"https:\/\/carms.wpcdev.ca\/fr\/a-propos-de\/\"},{\"@type\":\"ListItem\",\"position\":3,\"name\":\"Gouvernance et comit\u00e9s\",\"item\":\"https:\/\/carms.wpcdev.ca\/fr\/a-propos-de\/gouvernance-et-comites\/\"},{\"@type\":\"ListItem\",\"position\":4,\"name\":\"Gouvernance\",\"item\":\"https:\/\/carms.wpcdev.ca\/fr\/a-propos-de\/gouvernance-et-comites\/gouvernance\/\"},{\"@type\":\"ListItem\",\"position\":5,\"name\":\"Madame Mariya Andreeva\"}]},{\"@type\":\"WebSite\",\"@id\":\"https:\/\/carms.wpcdev.ca\/#website\",\"url\":\"https:\/\/carms.wpcdev.ca\/\",\"name\":\"CaRMS\",\"description\":\"\",\"potentialAction\":[{\"@type\":\"SearchAction\",\"target\":{\"@type\":\"EntryPoint\",\"urlTemplate\":\"https:\/\/carms.wpcdev.ca\/?s={search_term_string}\"},\"query-input\":{\"@type\":\"PropertyValueSpecification\",\"valueRequired\":true,\"valueName\":\"search_term_string\"}}],\"inLanguage\":\"fr-FR\"}]}<\/script>\n<!-- \/ Yoast SEO plugin. -->","yoast_head_json":{"title":"Madame Mariya Andreeva - CaRMS","robots":{"index":"noindex","follow":"follow","max-snippet":"max-snippet:-1","max-image-preview":"max-image-preview:large","max-video-preview":"max-video-preview:-1"},"og_locale":"fr_FR","og_type":"article","og_title":"Madame Mariya Andreeva - CaRMS","og_description":"Madame Mariya Andreeva a \u00e9t\u00e9 s\u00e9lectionn\u00e9e par la F\u00e9d\u00e9ration m\u00e9dicale \u00e9tudiante du Qu\u00e9bec (FMEQ) pour succ\u00e9der \u00e0 la docteure Roxanne St-Pierre-Alain comme directrice s\u00e9lectionn\u00e9e par la FMEQ au sein du conseil d\u2019administration de CaRMS. Mariya est une \u00e9tudiante de troisi\u00e8me ann\u00e9e en m\u00e9decine \u00e0 l\u2019Universit\u00e9 de Sherbrooke et l\u2019actuelle d\u00e9l\u00e9gu\u00e9e aux finances et aux ressources [&hellip;]","og_url":"https:\/\/carms.wpcdev.ca\/fr\/a-propos-de\/gouvernance-et-comites\/gouvernance\/madame-mariya-andreeva\/","og_site_name":"CaRMS","twitter_card":"summary_large_image","twitter_misc":{"Dur\u00e9e de lecture estim\u00e9e":"1 minute"},"schema":{"@context":"https:\/\/schema.org","@graph":[{"@type":"WebPage","@id":"https:\/\/carms.wpcdev.ca\/fr\/a-propos-de\/gouvernance-et-comites\/gouvernance\/madame-mariya-andreeva\/","url":"https:\/\/carms.wpcdev.ca\/fr\/a-propos-de\/gouvernance-et-comites\/gouvernance\/madame-mariya-andreeva\/","name":"Madame Mariya Andreeva - CaRMS","isPartOf":{"@id":"https:\/\/carms.wpcdev.ca\/#website"},"datePublished":"2023-01-30T18:13:00+00:00","breadcrumb":{"@id":"https:\/\/carms.wpcdev.ca\/fr\/a-propos-de\/gouvernance-et-comites\/gouvernance\/madame-mariya-andreeva\/#breadcrumb"},"inLanguage":"fr-FR","potentialAction":[{"@type":"ReadAction","target":["https:\/\/carms.wpcdev.ca\/fr\/a-propos-de\/gouvernance-et-comites\/gouvernance\/madame-mariya-andreeva\/"]}]},{"@type":"BreadcrumbList","@id":"https:\/\/carms.wpcdev.ca\/fr\/a-propos-de\/gouvernance-et-comites\/gouvernance\/madame-mariya-andreeva\/#breadcrumb","itemListElement":[{"@type":"ListItem","position":1,"name":"Accueil","item":"https:\/\/carms.wpcdev.ca\/fr\/"},{"@type":"ListItem","position":2,"name":"\u00c0 propos de","item":"https:\/\/carms.wpcdev.ca\/fr\/a-propos-de\/"},{"@type":"ListItem","position":3,"name":"Gouvernance et comit\u00e9s","item":"https:\/\/carms.wpcdev.ca\/fr\/a-propos-de\/gouvernance-et-comites\/"},{"@type":"ListItem","position":4,"name":"Gouvernance","item":"https:\/\/carms.wpcdev.ca\/fr\/a-propos-de\/gouvernance-et-comites\/gouvernance\/"},{"@type":"ListItem","position":5,"name":"Madame Mariya Andreeva"}]},{"@type":"WebSite","@id":"https:\/\/carms.wpcdev.ca\/#website","url":"https:\/\/carms.wpcdev.ca\/","name":"CaRMS","description":"","potentialAction":[{"@type":"SearchAction","target":{"@type":"EntryPoint","urlTemplate":"https:\/\/carms.wpcdev.ca\/?s={search_term_string}"},"query-input":{"@type":"PropertyValueSpecification","valueRequired":true,"valueName":"search_term_string"}}],"inLanguage":"fr-FR"}]}},"publishpress_future_workflow_manual_trigger":{"enabledWorkflows":[]},"_links":{"self":[{"href":"https:\/\/carms.wpcdev.ca\/fr\/wp-json\/wp\/v2\/pages\/35098","targetHints":{"allow":["GET"]}}],"collection":[{"href":"https:\/\/carms.wpcdev.ca\/fr\/wp-json\/wp\/v2\/pages"}],"about":[{"href":"https:\/\/carms.wpcdev.ca\/fr\/wp-json\/wp\/v2\/types\/page"}],"author":[{"embeddable":true,"href":"https:\/\/carms.wpcdev.ca\/fr\/wp-json\/wp\/v2\/users\/40"}],"replies":[{"embeddable":true,"href":"https:\/\/carms.wpcdev.ca\/fr\/wp-json\/wp\/v2\/comments?post=35098"}],"version-history":[{"count":1,"href":"https:\/\/carms.wpcdev.ca\/fr\/wp-json\/wp\/v2\/pages\/35098\/revisions"}],"predecessor-version":[{"id":35099,"href":"https:\/\/carms.wpcdev.ca\/fr\/wp-json\/wp\/v2\/pages\/35098\/revisions\/35099"}],"up":[{"embeddable":true,"href":"https:\/\/carms.wpcdev.ca\/fr\/wp-json\/wp\/v2\/pages\/1053"}],"wp:attachment":[{"href":"https:\/\/carms.wpcdev.ca\/fr\/wp-json\/wp\/v2\/media?parent=35098"}],"curies":[{"name":"wp","href":"https:\/\/api.w.org\/{rel}","templated":true}]}}