{"id":31368,"date":"2022-02-09T10:21:50","date_gmt":"2022-02-09T15:21:50","guid":{"rendered":"https:\/\/www.carms.ca\/?page_id=31368"},"modified":"2025-01-14T13:49:08","modified_gmt":"2025-01-14T18:49:08","slug":"docteure-sarah-kinzie","status":"publish","type":"page","link":"https:\/\/carms.wpcdev.ca\/fr\/a-propos-de\/gouvernance-et-comites\/gouvernance\/docteure-sarah-kinzie\/","title":{"rendered":"Docteure Sarah Kinzie"},"content":{"rendered":"<p>La docteure Kinzie est une m\u00e9decin de famille universitaire et une professeure associ\u00e9e au d\u00e9partement de m\u00e9decine familiale \u00e0 la <em>McMaster University<\/em>. Elle exerce la m\u00e9decine au centre de sant\u00e9 de la famille Stonechurch, o\u00f9 elle offre des soins compr\u00e9hensifs \u00e0 une population de patients diversifi\u00e9e dans un mod\u00e8le de soins fond\u00e9 sur une \u00e9quipe interprofessionnelle.\u00a0Depuis 2022, Sarah occupe le poste de pr\u00e9sidente associ\u00e9e, \u00e9ducation, fournissant du visionnement et de la supervision strat\u00e9gique \u00e0 travers le continuum des \u00e9tudes de premier cycle et postdoctorales, ainsi que le d\u00e9veloppement du corps professoral pour son d\u00e9partement.<\/p>\n<p>L\u2019orientation acad\u00e9mique primaire de Sarah est l\u2019enseignement m\u00e9dical postdoctoral. Au cours des ann\u00e9es, elle a men\u00e9 plusieurs innovations programmatiques, destin\u00e9es \u00e0 \u00e9quiper les r\u00e9sidents de fa\u00e7on efficace pour une pratique g\u00e9n\u00e9rale et durable. D\u2019autres int\u00e9r\u00eats acad\u00e9miques incluent les soins ax\u00e9s sur les relations et l\u2019enseignement, des strat\u00e9gies d\u2019apprentissage et de r\u00e9adaptation favorables, l\u2019accessibilit\u00e9 et l\u2019inclusion en enseignement m\u00e9dical et le d\u00e9veloppement identitaire professionnel. De 2015 \u00e0 2023, elle a occup\u00e9 le poste de directrice du programme postdoctoral pour la m\u00e9decine familiale, supervisant la formation de plus de 200\u00a0r\u00e9sidents en m\u00e9decine familiale, distribu\u00e9s \u00e0 travers douze sites. Sarah reste impliqu\u00e9e dans le domaine de l\u2019enseignement m\u00e9dical postdoctoral \u00e0 McMaster en tant que copr\u00e9sidente du comit\u00e9 de l\u2019environnement d\u2019apprentissage positif et comme pr\u00e9sidente du groupe des accommodements en m\u00e9decine postdoctorale.<\/p>\n<p>Sarah a \u00e9t\u00e9 activement impliqu\u00e9e dans le domaine de s\u00e9lection depuis quelques ann\u00e9es, dirigeant le d\u00e9veloppement et la mise en \u0153uvre locaux d\u2019outils et de processus de s\u00e9lection actualis\u00e9s ax\u00e9s sur l\u2019augmentation de la normalisation, l\u2019\u00e9quit\u00e9 et la transparence. Membre active du groupe de travail de s\u00e9lection des directeurs de programmes en m\u00e9decine familiale depuis 2019, Sarah a contribu\u00e9 aux recommandations nationales qui ont \u00e9t\u00e9 approuv\u00e9es pour la s\u00e9lection des r\u00e9sidents en m\u00e9decine familiale au Canada et est une partenaire cl\u00e9 dans deux initiatives en cours \u2014 le formulaire de recommandation structur\u00e9e en m\u00e9decine familiale et l\u2019\u00e9valuation des choix professionnels en m\u00e9decine de famille (CProMF), un nouveau test de jugement situationnel propre \u00e0 la MF, introduits pour le cycle d\u2019admission de 2022 et qui est maintenant utilis\u00e9 par tous les programmes de m\u00e9decine familiale au Canada.<\/p>\n<p>Membre du conseil d\u2019administration de CaRMS depuis 2021, Sarah a accept\u00e9 le r\u00f4le de tr\u00e9sori\u00e8re en 2023. Dans le cadre de ce r\u00f4le, Sarah est actuellement la pr\u00e9sidente du comit\u00e9 des finances et de la v\u00e9rification et est une membre du comit\u00e9 de direction du conseil d\u2019administration.<\/p>\n","protected":false},"excerpt":{"rendered":"<p>La docteure Kinzie est une m\u00e9decin de famille universitaire et une professeure associ\u00e9e au d\u00e9partement de m\u00e9decine familiale \u00e0 la McMaster University. Elle exerce la m\u00e9decine au centre de sant\u00e9 de la famille Stonechurch, o\u00f9 elle offre des soins compr\u00e9hensifs \u00e0 une population de patients diversifi\u00e9e dans un mod\u00e8le de soins fond\u00e9 sur une \u00e9quipe [&hellip;]<\/p>\n","protected":false},"author":40,"featured_media":0,"parent":1053,"menu_order":0,"comment_status":"closed","ping_status":"closed","template":"","meta":{"_acf_changed":false,"footnotes":""},"class_list":["post-31368","page","type-page","status-publish","hentry"],"acf":{"subtitle":"<p><em>Tr\u00e9sori\u00e8re<br \/>\n<\/em><em>Pr\u00e9sidente associ\u00e9e, \u00e9ducation, d\u00e9partement de m\u00e9decine familiale<br \/>\nMcMaster University<\/em><\/p>\n"},"yoast_head":"<!-- This site is optimized with the Yoast SEO plugin v25.7 - https:\/\/yoast.com\/wordpress\/plugins\/seo\/ -->\n<title>Docteure Sarah Kinzie - CaRMS<\/title>\n<meta name=\"robots\" content=\"noindex, follow, max-snippet:-1, max-image-preview:large, max-video-preview:-1\" \/>\n<meta property=\"og:locale\" content=\"fr_FR\" \/>\n<meta property=\"og:type\" content=\"article\" \/>\n<meta property=\"og:title\" content=\"Docteure Sarah Kinzie - CaRMS\" \/>\n<meta property=\"og:description\" content=\"La docteure Kinzie est une m\u00e9decin de famille universitaire et une professeure associ\u00e9e au d\u00e9partement de m\u00e9decine familiale \u00e0 la McMaster University. Elle exerce la m\u00e9decine au centre de sant\u00e9 de la famille Stonechurch, o\u00f9 elle offre des soins compr\u00e9hensifs \u00e0 une population de patients diversifi\u00e9e dans un mod\u00e8le de soins fond\u00e9 sur une \u00e9quipe [&hellip;]\" \/>\n<meta property=\"og:url\" content=\"https:\/\/carms.wpcdev.ca\/fr\/a-propos-de\/gouvernance-et-comites\/gouvernance\/docteure-sarah-kinzie\/\" \/>\n<meta property=\"og:site_name\" content=\"CaRMS\" \/>\n<meta property=\"article:modified_time\" content=\"2025-01-14T18:49:08+00:00\" \/>\n<meta name=\"twitter:card\" content=\"summary_large_image\" \/>\n<meta name=\"twitter:label1\" content=\"Dur\u00e9e de lecture estim\u00e9e\" \/>\n\t<meta name=\"twitter:data1\" content=\"2 minutes\" \/>\n<script type=\"application\/ld+json\" class=\"yoast-schema-graph\">{\"@context\":\"https:\/\/schema.org\",\"@graph\":[{\"@type\":\"WebPage\",\"@id\":\"https:\/\/carms.wpcdev.ca\/fr\/a-propos-de\/gouvernance-et-comites\/gouvernance\/docteure-sarah-kinzie\/\",\"url\":\"https:\/\/carms.wpcdev.ca\/fr\/a-propos-de\/gouvernance-et-comites\/gouvernance\/docteure-sarah-kinzie\/\",\"name\":\"Docteure Sarah Kinzie - CaRMS\",\"isPartOf\":{\"@id\":\"https:\/\/carms.wpcdev.ca\/#website\"},\"datePublished\":\"2022-02-09T15:21:50+00:00\",\"dateModified\":\"2025-01-14T18:49:08+00:00\",\"breadcrumb\":{\"@id\":\"https:\/\/carms.wpcdev.ca\/fr\/a-propos-de\/gouvernance-et-comites\/gouvernance\/docteure-sarah-kinzie\/#breadcrumb\"},\"inLanguage\":\"fr-FR\",\"potentialAction\":[{\"@type\":\"ReadAction\",\"target\":[\"https:\/\/carms.wpcdev.ca\/fr\/a-propos-de\/gouvernance-et-comites\/gouvernance\/docteure-sarah-kinzie\/\"]}]},{\"@type\":\"BreadcrumbList\",\"@id\":\"https:\/\/carms.wpcdev.ca\/fr\/a-propos-de\/gouvernance-et-comites\/gouvernance\/docteure-sarah-kinzie\/#breadcrumb\",\"itemListElement\":[{\"@type\":\"ListItem\",\"position\":1,\"name\":\"Accueil\",\"item\":\"https:\/\/carms.wpcdev.ca\/fr\/\"},{\"@type\":\"ListItem\",\"position\":2,\"name\":\"\u00c0 propos de\",\"item\":\"https:\/\/carms.wpcdev.ca\/fr\/a-propos-de\/\"},{\"@type\":\"ListItem\",\"position\":3,\"name\":\"Gouvernance et comit\u00e9s\",\"item\":\"https:\/\/carms.wpcdev.ca\/fr\/a-propos-de\/gouvernance-et-comites\/\"},{\"@type\":\"ListItem\",\"position\":4,\"name\":\"Gouvernance\",\"item\":\"https:\/\/carms.wpcdev.ca\/fr\/a-propos-de\/gouvernance-et-comites\/gouvernance\/\"},{\"@type\":\"ListItem\",\"position\":5,\"name\":\"Docteure Sarah Kinzie\"}]},{\"@type\":\"WebSite\",\"@id\":\"https:\/\/carms.wpcdev.ca\/#website\",\"url\":\"https:\/\/carms.wpcdev.ca\/\",\"name\":\"CaRMS\",\"description\":\"\",\"potentialAction\":[{\"@type\":\"SearchAction\",\"target\":{\"@type\":\"EntryPoint\",\"urlTemplate\":\"https:\/\/carms.wpcdev.ca\/?s={search_term_string}\"},\"query-input\":{\"@type\":\"PropertyValueSpecification\",\"valueRequired\":true,\"valueName\":\"search_term_string\"}}],\"inLanguage\":\"fr-FR\"}]}<\/script>\n<!-- \/ Yoast SEO plugin. -->","yoast_head_json":{"title":"Docteure Sarah Kinzie - CaRMS","robots":{"index":"noindex","follow":"follow","max-snippet":"max-snippet:-1","max-image-preview":"max-image-preview:large","max-video-preview":"max-video-preview:-1"},"og_locale":"fr_FR","og_type":"article","og_title":"Docteure Sarah Kinzie - CaRMS","og_description":"La docteure Kinzie est une m\u00e9decin de famille universitaire et une professeure associ\u00e9e au d\u00e9partement de m\u00e9decine familiale \u00e0 la McMaster University. Elle exerce la m\u00e9decine au centre de sant\u00e9 de la famille Stonechurch, o\u00f9 elle offre des soins compr\u00e9hensifs \u00e0 une population de patients diversifi\u00e9e dans un mod\u00e8le de soins fond\u00e9 sur une \u00e9quipe [&hellip;]","og_url":"https:\/\/carms.wpcdev.ca\/fr\/a-propos-de\/gouvernance-et-comites\/gouvernance\/docteure-sarah-kinzie\/","og_site_name":"CaRMS","article_modified_time":"2025-01-14T18:49:08+00:00","twitter_card":"summary_large_image","twitter_misc":{"Dur\u00e9e de lecture estim\u00e9e":"2 minutes"},"schema":{"@context":"https:\/\/schema.org","@graph":[{"@type":"WebPage","@id":"https:\/\/carms.wpcdev.ca\/fr\/a-propos-de\/gouvernance-et-comites\/gouvernance\/docteure-sarah-kinzie\/","url":"https:\/\/carms.wpcdev.ca\/fr\/a-propos-de\/gouvernance-et-comites\/gouvernance\/docteure-sarah-kinzie\/","name":"Docteure Sarah Kinzie - CaRMS","isPartOf":{"@id":"https:\/\/carms.wpcdev.ca\/#website"},"datePublished":"2022-02-09T15:21:50+00:00","dateModified":"2025-01-14T18:49:08+00:00","breadcrumb":{"@id":"https:\/\/carms.wpcdev.ca\/fr\/a-propos-de\/gouvernance-et-comites\/gouvernance\/docteure-sarah-kinzie\/#breadcrumb"},"inLanguage":"fr-FR","potentialAction":[{"@type":"ReadAction","target":["https:\/\/carms.wpcdev.ca\/fr\/a-propos-de\/gouvernance-et-comites\/gouvernance\/docteure-sarah-kinzie\/"]}]},{"@type":"BreadcrumbList","@id":"https:\/\/carms.wpcdev.ca\/fr\/a-propos-de\/gouvernance-et-comites\/gouvernance\/docteure-sarah-kinzie\/#breadcrumb","itemListElement":[{"@type":"ListItem","position":1,"name":"Accueil","item":"https:\/\/carms.wpcdev.ca\/fr\/"},{"@type":"ListItem","position":2,"name":"\u00c0 propos de","item":"https:\/\/carms.wpcdev.ca\/fr\/a-propos-de\/"},{"@type":"ListItem","position":3,"name":"Gouvernance et comit\u00e9s","item":"https:\/\/carms.wpcdev.ca\/fr\/a-propos-de\/gouvernance-et-comites\/"},{"@type":"ListItem","position":4,"name":"Gouvernance","item":"https:\/\/carms.wpcdev.ca\/fr\/a-propos-de\/gouvernance-et-comites\/gouvernance\/"},{"@type":"ListItem","position":5,"name":"Docteure Sarah Kinzie"}]},{"@type":"WebSite","@id":"https:\/\/carms.wpcdev.ca\/#website","url":"https:\/\/carms.wpcdev.ca\/","name":"CaRMS","description":"","potentialAction":[{"@type":"SearchAction","target":{"@type":"EntryPoint","urlTemplate":"https:\/\/carms.wpcdev.ca\/?s={search_term_string}"},"query-input":{"@type":"PropertyValueSpecification","valueRequired":true,"valueName":"search_term_string"}}],"inLanguage":"fr-FR"}]}},"publishpress_future_workflow_manual_trigger":{"enabledWorkflows":[]},"_links":{"self":[{"href":"https:\/\/carms.wpcdev.ca\/fr\/wp-json\/wp\/v2\/pages\/31368","targetHints":{"allow":["GET"]}}],"collection":[{"href":"https:\/\/carms.wpcdev.ca\/fr\/wp-json\/wp\/v2\/pages"}],"about":[{"href":"https:\/\/carms.wpcdev.ca\/fr\/wp-json\/wp\/v2\/types\/page"}],"author":[{"embeddable":true,"href":"https:\/\/carms.wpcdev.ca\/fr\/wp-json\/wp\/v2\/users\/40"}],"replies":[{"embeddable":true,"href":"https:\/\/carms.wpcdev.ca\/fr\/wp-json\/wp\/v2\/comments?post=31368"}],"version-history":[{"count":3,"href":"https:\/\/carms.wpcdev.ca\/fr\/wp-json\/wp\/v2\/pages\/31368\/revisions"}],"predecessor-version":[{"id":45182,"href":"https:\/\/carms.wpcdev.ca\/fr\/wp-json\/wp\/v2\/pages\/31368\/revisions\/45182"}],"up":[{"embeddable":true,"href":"https:\/\/carms.wpcdev.ca\/fr\/wp-json\/wp\/v2\/pages\/1053"}],"wp:attachment":[{"href":"https:\/\/carms.wpcdev.ca\/fr\/wp-json\/wp\/v2\/media?parent=31368"}],"curies":[{"name":"wp","href":"https:\/\/api.w.org\/{rel}","templated":true}]}}