{"id":2906,"date":"2018-05-17T10:17:09","date_gmt":"2018-05-17T14:17:09","guid":{"rendered":"http:\/\/carms2017.wpengine.com\/?page_id=2906"},"modified":"2019-06-10T11:32:11","modified_gmt":"2019-06-10T15:32:11","slug":"donnees-et-rapports-du-jsp","status":"publish","type":"page","link":"https:\/\/carms.wpcdev.ca\/fr\/donnees-et-rapports\/donnees-et-rapports-du-jsp\/","title":{"rendered":"Donn\u00e9es et rapports du JSP"},"content":{"rendered":"[mk_page_section layout_structure=\u00a0\u00bbhalf_left\u00a0\u00bb bg_image=\u00a0\u00bbhttp:\/\/carms.thedev.ca\/wp-content\/uploads\/2018\/05\/istock-675913278.jpg\u00a0\u00bb bg_color=\u00a0\u00bb#f2f6f9&Prime; padding_top=\u00a0\u00bb50&Prime; padding_bottom=\u00a0\u00bb50&Prime; el_class=\u00a0\u00bblayout-half-image\u00a0\u00bb][vc_column][vc_column_text css=\u00a0\u00bb.vc_custom_1526581028117{margin-bottom: 0px !important;}\u00a0\u00bb]Nos rapports du JSP offrent de l\u2019information d\u00e9taill\u00e9e et un aper\u00e7u des r\u00e9sultats et des tendances du jumelage remontant \u00e0 2011.[\/vc_column_text][mk_padding_divider size=\u00a0\u00bb20&Prime;][vc_column_text css=\u00a0\u00bb.vc_custom_1526570178822{margin-bottom: 0px !important;}\u00a0\u00bb]<strong><img loading=\"lazy\" decoding=\"async\" class=\"alignleft size-full wp-image-1957\" src=\"https:\/\/carms.ca\/wp-content\/uploads\/2018\/04\/carms-data-inquiry-icon.png\" alt=\"\" width=\"70\" height=\"76\" \/><\/strong><strong>Avez-vous une demande de donn\u00e9es?<\/strong> Si vous avez une question concernant les donn\u00e9es du jumelage, communiquez avec nous en utilisant notre <a href=\"\/fr\/donnees-et-rapports\/formulaire-de-demande-de-donnees\/\">formulaire de demande de donn\u00e9es<\/a>.[\/vc_column_text][mk_padding_divider size=\u00a0\u00bb20&Prime;][vc_message icon_fontawesome=\u00a0\u00bbfa fa-book\u00a0\u00bb]\n<div>Cherchez-vous de l\u2019aide pour interpr\u00e9ter les donn\u00e9es\u00a0? Nos <a href=\"https:\/\/carms.ca\/pdfs\/CaRMS-Definitions-des-donnees.pdf\" target=\"_blank\" rel=\"noopener noreferrer\">d\u00e9finitions des donn\u00e9es<\/a> peuvent vous aider.<\/div>\n[\/vc_message][\/vc_column][\/mk_page_section][mk_page_section bg_image=\u00a0\u00bbhttps:\/\/carms.ca\/wp-content\/uploads\/2017\/06\/home-bottom-bg.jpg\u00a0\u00bb bg_stretch=\u00a0\u00bbtrue\u00a0\u00bb min_height=\u00a0\u00bb0&Prime; padding_top=\u00a0\u00bb0&Prime; padding_bottom=\u00a0\u00bb0&Prime; section_id=\u00a0\u00bbcarms-info\u00a0\u00bb el_class=\u00a0\u00bboverflow-visible\u00a0\u00bb sidebar=\u00a0\u00bbsidebar-1&Prime;][vc_column][mk_padding_divider][vc_column_text align=\u00a0\u00bbcenter\u00a0\u00bb css=\u00a0\u00bb.vc_custom_1526581052788{margin-bottom: 0px !important;}\u00a0\u00bb]S\u00e9lectionnez une ann\u00e9e ci-dessous pour acc\u00e9der aux rapport de jumelage du JSP en format Excel et PDF[\/vc_column_text][vc_raw_html el_class=\u00a0\u00bbyear-select\u00a0\u00bb]JTNDZGl2JTNFJTBBJTNDcCUzRVMlQzMlQTlsZWN0aW9ubmV6JTIwdW5lJTIwYW5uJUMzJUE5ZSUzQyUyRnAlM0UlMEElM0NwJTIwY2xhc3MlM0QlMjJ5ZWFyLXNlbGVjdC1idG4lMjIlM0VTJUMzJUE5bGVjdGlvbm5leiUzQyUyRnAlM0UlMEElM0MlMkZkaXYlM0UlMEElM0NkaXYlMjBpZCUzRCUyMnJlcG9ydC15ZWFyLXNlbGVjdG9yLXdyYXBwZXIlMjIlM0UlMEElM0NkaXYlMjBpZCUzRCUyMnJlcG9ydC15ZWFyLXNlbGVjdG9yJTIyJTIwY2xhc3MlM0QlMjJQU00lMjIlM0UlMEElM0MlMkZkaXYlM0UlMEElM0MlMkZkaXYlM0U=[\/vc_raw_html][\/vc_column][\/mk_page_section][mk_page_section bg_image=\u00a0\u00bbhttp:\/\/carms.thedev.ca\/wp-content\/uploads\/2018\/04\/istock-859500980.jpg\u00a0\u00bb bg_position=\u00a0\u00bbcenter top\u00a0\u00bb bg_repeat=\u00a0\u00bbno-repeat\u00a0\u00bb bg_stretch=\u00a0\u00bbtrue\u00a0\u00bb min_height=\u00a0\u00bb1100&Prime; el_class=\u00a0\u00bbzindex-1&Prime; sidebar=\u00a0\u00bbsidebar-1&Prime;][vc_column][vc_raw_html el_id=\u00a0\u00bbdata-list-wrapper\u00a0\u00bb css=\u00a0\u00bb.vc_custom_1527605380262{background-color: rgba(237,244,246,0.85) !important;*background-color: rgb(237,244,246) !important;}\u00a0\u00bb]JTNDaDIlMjBjbGFzcyUzRCUyMmluaXRpYWwtdGV4dCUyMiUzRSUzQyUyRmgyJTNF[\/vc_raw_html][\/vc_column][\/mk_page_section]\n","protected":false},"excerpt":{"rendered":"<p>[mk_page_section layout_structure=\u00a0\u00bbhalf_left\u00a0\u00bb bg_image=\u00a0\u00bbhttp:\/\/carms.thedev.ca\/wp-content\/uploads\/2018\/05\/istock-675913278.jpg\u00a0\u00bb bg_color=\u00a0\u00bb#f2f6f9&Prime; padding_top=\u00a0\u00bb50&Prime; padding_bottom=\u00a0\u00bb50&Prime; el_class=\u00a0\u00bblayout-half-image\u00a0\u00bb][vc_column][vc_column_text css=\u00a0\u00bb.vc_custom_1526581028117{margin-bottom: 0px !important;}\u00a0\u00bb]Nos rapports du JSP offrent de l\u2019information d\u00e9taill\u00e9e et un aper\u00e7u des r\u00e9sultats et des tendances du jumelage remontant \u00e0 2011.[\/vc_column_text][mk_padding_divider size=\u00a0\u00bb20&Prime;][vc_column_text css=\u00a0\u00bb.vc_custom_1526570178822{margin-bottom: 0px !important;}\u00a0\u00bb]Avez-vous une demande de donn\u00e9es? Si vous avez une question concernant les donn\u00e9es du jumelage, communiquez avec nous en utilisant notre formulaire [&hellip;]<\/p>\n","protected":false},"author":5,"featured_media":0,"parent":2901,"menu_order":0,"comment_status":"closed","ping_status":"closed","template":"","meta":{"_acf_changed":false,"footnotes":""},"class_list":["post-2906","page","type-page","status-publish","hentry"],"acf":{"subtitle":""},"yoast_head":"<!-- This site is optimized with the Yoast SEO plugin v25.7 - https:\/\/yoast.com\/wordpress\/plugins\/seo\/ -->\n<title>Donn\u00e9es et rapports du JSP - CaRMS<\/title>\n<meta name=\"robots\" content=\"noindex, follow, max-snippet:-1, max-image-preview:large, max-video-preview:-1\" \/>\n<meta property=\"og:locale\" content=\"fr_FR\" \/>\n<meta property=\"og:type\" content=\"article\" \/>\n<meta property=\"og:title\" content=\"Donn\u00e9es et rapports du JSP - CaRMS\" \/>\n<meta property=\"og:description\" content=\"[mk_page_section layout_structure=\u00a0\u00bbhalf_left\u00a0\u00bb bg_image=\u00a0\u00bbhttp:\/\/carms.thedev.ca\/wp-content\/uploads\/2018\/05\/istock-675913278.jpg\u00a0\u00bb bg_color=\u00a0\u00bb#f2f6f9&Prime; padding_top=\u00a0\u00bb50&Prime; padding_bottom=\u00a0\u00bb50&Prime; el_class=\u00a0\u00bblayout-half-image\u00a0\u00bb][vc_column][vc_column_text css=\u00a0\u00bb.vc_custom_1526581028117{margin-bottom: 0px !important;}\u00a0\u00bb]Nos rapports du JSP offrent de l\u2019information d\u00e9taill\u00e9e et un aper\u00e7u des r\u00e9sultats et des tendances du jumelage remontant \u00e0 2011.[\/vc_column_text][mk_padding_divider size=\u00a0\u00bb20&Prime;][vc_column_text css=\u00a0\u00bb.vc_custom_1526570178822{margin-bottom: 0px !important;}\u00a0\u00bb]Avez-vous une demande de donn\u00e9es? Si vous avez une question concernant les donn\u00e9es du jumelage, communiquez avec nous en utilisant notre formulaire [&hellip;]\" \/>\n<meta property=\"og:url\" content=\"https:\/\/carms.wpcdev.ca\/fr\/donnees-et-rapports\/donnees-et-rapports-du-jsp\/\" \/>\n<meta property=\"og:site_name\" content=\"CaRMS\" \/>\n<meta property=\"article:modified_time\" content=\"2019-06-10T15:32:11+00:00\" \/>\n<meta property=\"og:image\" content=\"https:\/\/carms.ca\/wp-content\/uploads\/2018\/04\/carms-data-inquiry-icon.png\" \/>\n<meta name=\"twitter:card\" content=\"summary_large_image\" \/>\n<meta name=\"twitter:label1\" content=\"Dur\u00e9e de lecture estim\u00e9e\" \/>\n\t<meta name=\"twitter:data1\" content=\"2 minutes\" \/>\n<script type=\"application\/ld+json\" class=\"yoast-schema-graph\">{\"@context\":\"https:\/\/schema.org\",\"@graph\":[{\"@type\":\"WebPage\",\"@id\":\"https:\/\/carms.wpcdev.ca\/fr\/donnees-et-rapports\/donnees-et-rapports-du-jsp\/\",\"url\":\"https:\/\/carms.wpcdev.ca\/fr\/donnees-et-rapports\/donnees-et-rapports-du-jsp\/\",\"name\":\"Donn\u00e9es et rapports du JSP - CaRMS\",\"isPartOf\":{\"@id\":\"https:\/\/carms.wpcdev.ca\/#website\"},\"primaryImageOfPage\":{\"@id\":\"https:\/\/carms.wpcdev.ca\/fr\/donnees-et-rapports\/donnees-et-rapports-du-jsp\/#primaryimage\"},\"image\":{\"@id\":\"https:\/\/carms.wpcdev.ca\/fr\/donnees-et-rapports\/donnees-et-rapports-du-jsp\/#primaryimage\"},\"thumbnailUrl\":\"https:\/\/carms.ca\/wp-content\/uploads\/2018\/04\/carms-data-inquiry-icon.png\",\"datePublished\":\"2018-05-17T14:17:09+00:00\",\"dateModified\":\"2019-06-10T15:32:11+00:00\",\"breadcrumb\":{\"@id\":\"https:\/\/carms.wpcdev.ca\/fr\/donnees-et-rapports\/donnees-et-rapports-du-jsp\/#breadcrumb\"},\"inLanguage\":\"fr-FR\",\"potentialAction\":[{\"@type\":\"ReadAction\",\"target\":[\"https:\/\/carms.wpcdev.ca\/fr\/donnees-et-rapports\/donnees-et-rapports-du-jsp\/\"]}]},{\"@type\":\"ImageObject\",\"inLanguage\":\"fr-FR\",\"@id\":\"https:\/\/carms.wpcdev.ca\/fr\/donnees-et-rapports\/donnees-et-rapports-du-jsp\/#primaryimage\",\"url\":\"https:\/\/carms.ca\/wp-content\/uploads\/2018\/04\/carms-data-inquiry-icon.png\",\"contentUrl\":\"https:\/\/carms.ca\/wp-content\/uploads\/2018\/04\/carms-data-inquiry-icon.png\"},{\"@type\":\"BreadcrumbList\",\"@id\":\"https:\/\/carms.wpcdev.ca\/fr\/donnees-et-rapports\/donnees-et-rapports-du-jsp\/#breadcrumb\",\"itemListElement\":[{\"@type\":\"ListItem\",\"position\":1,\"name\":\"Accueil\",\"item\":\"https:\/\/carms.wpcdev.ca\/fr\/\"},{\"@type\":\"ListItem\",\"position\":2,\"name\":\"Donn\u00e9es et rapports\",\"item\":\"https:\/\/carms.wpcdev.ca\/fr\/donnees-et-rapports\/\"},{\"@type\":\"ListItem\",\"position\":3,\"name\":\"Donn\u00e9es et rapports du JSP\"}]},{\"@type\":\"WebSite\",\"@id\":\"https:\/\/carms.wpcdev.ca\/#website\",\"url\":\"https:\/\/carms.wpcdev.ca\/\",\"name\":\"CaRMS\",\"description\":\"\",\"potentialAction\":[{\"@type\":\"SearchAction\",\"target\":{\"@type\":\"EntryPoint\",\"urlTemplate\":\"https:\/\/carms.wpcdev.ca\/?s={search_term_string}\"},\"query-input\":{\"@type\":\"PropertyValueSpecification\",\"valueRequired\":true,\"valueName\":\"search_term_string\"}}],\"inLanguage\":\"fr-FR\"}]}<\/script>\n<!-- \/ Yoast SEO plugin. -->","yoast_head_json":{"title":"Donn\u00e9es et rapports du JSP - CaRMS","robots":{"index":"noindex","follow":"follow","max-snippet":"max-snippet:-1","max-image-preview":"max-image-preview:large","max-video-preview":"max-video-preview:-1"},"og_locale":"fr_FR","og_type":"article","og_title":"Donn\u00e9es et rapports du JSP - CaRMS","og_description":"[mk_page_section layout_structure=\u00a0\u00bbhalf_left\u00a0\u00bb bg_image=\u00a0\u00bbhttp:\/\/carms.thedev.ca\/wp-content\/uploads\/2018\/05\/istock-675913278.jpg\u00a0\u00bb bg_color=\u00a0\u00bb#f2f6f9&Prime; padding_top=\u00a0\u00bb50&Prime; padding_bottom=\u00a0\u00bb50&Prime; el_class=\u00a0\u00bblayout-half-image\u00a0\u00bb][vc_column][vc_column_text css=\u00a0\u00bb.vc_custom_1526581028117{margin-bottom: 0px !important;}\u00a0\u00bb]Nos rapports du JSP offrent de l\u2019information d\u00e9taill\u00e9e et un aper\u00e7u des r\u00e9sultats et des tendances du jumelage remontant \u00e0 2011.[\/vc_column_text][mk_padding_divider size=\u00a0\u00bb20&Prime;][vc_column_text css=\u00a0\u00bb.vc_custom_1526570178822{margin-bottom: 0px !important;}\u00a0\u00bb]Avez-vous une demande de donn\u00e9es? Si vous avez une question concernant les donn\u00e9es du jumelage, communiquez avec nous en utilisant notre formulaire [&hellip;]","og_url":"https:\/\/carms.wpcdev.ca\/fr\/donnees-et-rapports\/donnees-et-rapports-du-jsp\/","og_site_name":"CaRMS","article_modified_time":"2019-06-10T15:32:11+00:00","og_image":[{"url":"https:\/\/carms.ca\/wp-content\/uploads\/2018\/04\/carms-data-inquiry-icon.png","type":"","width":"","height":""}],"twitter_card":"summary_large_image","twitter_misc":{"Dur\u00e9e de lecture estim\u00e9e":"2 minutes"},"schema":{"@context":"https:\/\/schema.org","@graph":[{"@type":"WebPage","@id":"https:\/\/carms.wpcdev.ca\/fr\/donnees-et-rapports\/donnees-et-rapports-du-jsp\/","url":"https:\/\/carms.wpcdev.ca\/fr\/donnees-et-rapports\/donnees-et-rapports-du-jsp\/","name":"Donn\u00e9es et rapports du JSP - CaRMS","isPartOf":{"@id":"https:\/\/carms.wpcdev.ca\/#website"},"primaryImageOfPage":{"@id":"https:\/\/carms.wpcdev.ca\/fr\/donnees-et-rapports\/donnees-et-rapports-du-jsp\/#primaryimage"},"image":{"@id":"https:\/\/carms.wpcdev.ca\/fr\/donnees-et-rapports\/donnees-et-rapports-du-jsp\/#primaryimage"},"thumbnailUrl":"https:\/\/carms.ca\/wp-content\/uploads\/2018\/04\/carms-data-inquiry-icon.png","datePublished":"2018-05-17T14:17:09+00:00","dateModified":"2019-06-10T15:32:11+00:00","breadcrumb":{"@id":"https:\/\/carms.wpcdev.ca\/fr\/donnees-et-rapports\/donnees-et-rapports-du-jsp\/#breadcrumb"},"inLanguage":"fr-FR","potentialAction":[{"@type":"ReadAction","target":["https:\/\/carms.wpcdev.ca\/fr\/donnees-et-rapports\/donnees-et-rapports-du-jsp\/"]}]},{"@type":"ImageObject","inLanguage":"fr-FR","@id":"https:\/\/carms.wpcdev.ca\/fr\/donnees-et-rapports\/donnees-et-rapports-du-jsp\/#primaryimage","url":"https:\/\/carms.ca\/wp-content\/uploads\/2018\/04\/carms-data-inquiry-icon.png","contentUrl":"https:\/\/carms.ca\/wp-content\/uploads\/2018\/04\/carms-data-inquiry-icon.png"},{"@type":"BreadcrumbList","@id":"https:\/\/carms.wpcdev.ca\/fr\/donnees-et-rapports\/donnees-et-rapports-du-jsp\/#breadcrumb","itemListElement":[{"@type":"ListItem","position":1,"name":"Accueil","item":"https:\/\/carms.wpcdev.ca\/fr\/"},{"@type":"ListItem","position":2,"name":"Donn\u00e9es et rapports","item":"https:\/\/carms.wpcdev.ca\/fr\/donnees-et-rapports\/"},{"@type":"ListItem","position":3,"name":"Donn\u00e9es et rapports du JSP"}]},{"@type":"WebSite","@id":"https:\/\/carms.wpcdev.ca\/#website","url":"https:\/\/carms.wpcdev.ca\/","name":"CaRMS","description":"","potentialAction":[{"@type":"SearchAction","target":{"@type":"EntryPoint","urlTemplate":"https:\/\/carms.wpcdev.ca\/?s={search_term_string}"},"query-input":{"@type":"PropertyValueSpecification","valueRequired":true,"valueName":"search_term_string"}}],"inLanguage":"fr-FR"}]}},"publishpress_future_workflow_manual_trigger":{"enabledWorkflows":[]},"_links":{"self":[{"href":"https:\/\/carms.wpcdev.ca\/fr\/wp-json\/wp\/v2\/pages\/2906","targetHints":{"allow":["GET"]}}],"collection":[{"href":"https:\/\/carms.wpcdev.ca\/fr\/wp-json\/wp\/v2\/pages"}],"about":[{"href":"https:\/\/carms.wpcdev.ca\/fr\/wp-json\/wp\/v2\/types\/page"}],"author":[{"embeddable":true,"href":"https:\/\/carms.wpcdev.ca\/fr\/wp-json\/wp\/v2\/users\/5"}],"replies":[{"embeddable":true,"href":"https:\/\/carms.wpcdev.ca\/fr\/wp-json\/wp\/v2\/comments?post=2906"}],"version-history":[{"count":3,"href":"https:\/\/carms.wpcdev.ca\/fr\/wp-json\/wp\/v2\/pages\/2906\/revisions"}],"predecessor-version":[{"id":15685,"href":"https:\/\/carms.wpcdev.ca\/fr\/wp-json\/wp\/v2\/pages\/2906\/revisions\/15685"}],"up":[{"embeddable":true,"href":"https:\/\/carms.wpcdev.ca\/fr\/wp-json\/wp\/v2\/pages\/2901"}],"wp:attachment":[{"href":"https:\/\/carms.wpcdev.ca\/fr\/wp-json\/wp\/v2\/media?parent=2906"}],"curies":[{"name":"wp","href":"https:\/\/api.w.org\/{rel}","templated":true}]}}