{"id":2860,"date":"2018-05-16T15:17:18","date_gmt":"2018-05-16T19:17:18","guid":{"rendered":"http:\/\/carms2017.wpengine.com\/?page_id=2860"},"modified":"2022-09-09T09:48:04","modified_gmt":"2022-09-09T13:48:04","slug":"calendriers","status":"publish","type":"page","link":"https:\/\/carms.wpcdev.ca\/fr\/calendriers\/","title":{"rendered":"Calendriers"},"content":{"rendered":"<div class=\"wpb-content-wrapper\">[mk_page_section layout_structure=\u00a0\u00bbhalf_left\u00a0\u00bb bg_image=\u00a0\u00bbhttps:\/\/carms.ca\/wp-content\/uploads\/2018\/06\/dsc1339_flip_lowres.jpg\u00a0\u00bb bg_color=\u00a0\u00bb#f2f6f9&Prime; padding_top=\u00a0\u00bb50&Prime; padding_bottom=\u00a0\u00bb50&Prime; el_class=\u00a0\u00bblayout-half-image\u00a0\u00bb][vc_column][mk_padding_divider size=\u00a0\u00bb80&Prime;][vc_column_text css=\u00a0\u00bb.vc_custom_1526597421770{margin-bottom: 0px !important;}\u00a0\u00bb]Nos calendriers de jumelage sont con\u00e7us afin de vous garder sur la bonne voie tout au long de votre cycle de jumelage.<\/p>\n<p>S\u00e9lectionnez votre jumelage et votre r\u00f4le ci-dessous pour acc\u00e9der \u00e0 un calendrier personnalis\u00e9 avec des dates limites importantes et des dates rep\u00e8res recommand\u00e9es pour vous aider \u00e0 utiliser au mieux votre temps pendant chaque \u00e9tape du jumelage.<\/p>\n<p>Vous pouvez \u00e9galement conserver ces dates importantes \u00e0 la port\u00e9e de la main en important votre calendrier de jumelage dans votre propre calendrier.[\/vc_column_text][mk_padding_divider size=\u00a0\u00bb80&Prime;][\/vc_column][\/mk_page_section][vc_row][vc_column][mk_padding_divider size=\u00a0\u00bb50&Prime; visibility=\u00a0\u00bbhidden-sm\u00a0\u00bb][vc_custom_heading text=\u00a0\u00bbS\u00e9lectionnez un jumelage pour acc\u00e9der aux calendriers\u00a0\u00bb font_container=\u00a0\u00bbtag:h2|text_align:center\u00a0\u00bb use_theme_fonts=\u00a0\u00bbyes\u00a0\u00bb][mk_padding_divider size=\u00a0\u00bb50&Prime; visibility=\u00a0\u00bbhidden-sm\u00a0\u00bb][\/vc_column][\/vc_row][vc_row el_class=\u00a0\u00bbtimeline-tabs\u00a0\u00bb][vc_column]     \r\n    \t<div class=\"tc-tabs-style1 row wdo-tabs-container \">\r\n            <ul class=\"nav nav-tabs \">\r\n                                \t<li>\r\n                \t\t<a data-toggle=\"tab\" href=\"\">R-1<\/a>\r\n                \t<\/li>\r\n                                \t<li>\r\n                \t\t<a data-toggle=\"tab\" href=\"\">JSM<\/a>\r\n                \t<\/li>\r\n                                \t<li>\r\n                \t\t<a data-toggle=\"tab\" href=\"\">MF\/CA<\/a>\r\n                \t<\/li>\r\n                                \t<li>\r\n                \t\t<a data-toggle=\"tab\" href=\"\">JSP<\/a>\r\n                \t<\/li>\r\n                            <\/ul>\r\n            <div class=\"tab-content \">\r\n            \t     \t\r\n     \t    <div id=\"tab-237\" class=\"tab-pane fade\">\r\n     \t    \t[vc_column_text css=\u00a0\u00bb.vc_custom_1662731219602{margin-bottom: 0px !important;}\u00a0\u00bb]\n<h3><a href=\"\/fr\/jumelage\/le-jumelage-principal-r-1\/calendrier-du-jumelage-r-1\/\">Candidats<\/a><\/h3>\n<h3><span style=\"color: #72bf44;\">Facult\u00e9s<\/span><\/h3>\n<ul>\n<li><a href=\"\/fr\/jumelage\/le-jumelage-principal-r-1\/facultes-programmes\/calendrier-du-1er-tour-du-jumelage-r-1-programmes\/\">Administrateurs et directeurs de programmes<\/a><\/li>\n<li><a href=\"\/fr\/jumelage\/le-jumelage-principal-r-1\/facultes-ugme\/calendrier-du-1er-tour-du-jumelage-r-1-bureaux-des-etudes-de-premier-cycle\/\">Bureaux des \u00e9tudes de premier cycle<\/a><\/li>\n<li><a href=\"\/fr\/jumelage\/le-jumelage-principal-r-1\/facultes-pgme\/calendrier-du-1er-tour-du-jumelage-r-1-bureaux-de-fmpd\/\">Bureaux des \u00e9tudes postdoctorales<\/a><\/li>\n<li><a href=\"\/fr\/jumelage\/le-jumelage-principal-r-1\/facultes-examinateurs-de-dossiers\/calendrier-du-1er-tour-du-jumelage-r-1-examinateurs-de-dossiers\/\">Examinateurs de dossiers<\/a><\/li>\n<\/ul>\n<h3><a href=\"https:\/\/www.carms.ca\/fr\/jumelage\/le-jumelage-principal-r-1\/repondants\/dates-limites-pour-les-references-r1\/\">R\u00e9pondants<\/a><\/h3>\n[\/vc_column_text]     \t    <\/div>\r\n\r\n             \t\r\n     \t    <div id=\"tab-330\" class=\"tab-pane fade\">\r\n     \t    \t[vc_column_text css=\u00a0\u00bb.vc_custom_1662731237717{margin-bottom: 0px !important;}\u00a0\u00bb]\n<h3><a href=\"https:\/\/www.carms.ca\/fr\/jumelage\/jumelage-des-specialites-medicales\/candidats\/calendrier-du-premier-tour-jumelage-des-specialites-medicales\/\">Candidats<\/a><\/h3>\n<h3><span style=\"color: #5b305d;\">Facult\u00e9s<\/span><\/h3>\n<ul>\n<li><a href=\"\/fr\/jumelage\/jumelage-des-specialites-medicales\/facultes-programmes\/calendrier-du-1er-tour-du-jsm-programmes\/\">Administrateurs et directeurs de programmes<\/a><\/li>\n<li><a href=\"\/fr\/jumelage\/jumelage-des-specialites-medicales\/facultes-postdoctorales\/calendrier-du-1er-tour-du-jsm-bureaux-de-fmpd\/\">Bureaux des \u00e9tudes postdoctorales<\/a><\/li>\n<li><a href=\"\/fr\/jumelage\/jumelage-des-specialites-medicales\/facultes-examinateurs\/calendrier-du-1er-tour-du-jsm-examinateurs-de-dossiers\/\">Examinateurs de dossiers<\/a><\/li>\n<\/ul>\n<h3><a href=\"https:\/\/www.carms.ca\/fr\/jumelage\/jumelage-des-specialites-medicales\/repondants\/dates-limites-pour-les-references-jsm-premier-tour\/\">R\u00e9pondants<\/a><\/h3>\n[\/vc_column_text]     \t    <\/div>\r\n\r\n             \t\r\n     \t    <div id=\"tab-82\" class=\"tab-pane fade\">\r\n     \t    \t[vc_column_text css=\u00a0\u00bb.vc_custom_1662731259629{margin-bottom: 0px !important;}\u00a0\u00bb]\n<h3><a href=\"https:\/\/www.carms.ca\/fr\/jumelage\/medecine-familiale-competences-avancees\/candidats\/calendrier-du-jumelage-de-mfca\/\">Candidats<\/a><\/h3>\n<h3><span style=\"color: #178ccb;\">Facult\u00e9s<\/span><\/h3>\n<ul>\n<li><a href=\"https:\/\/www.carms.ca\/fr\/jumelage\/medecine-familiale-competences-avancees\/facultes-administrateurs-directeurs-de-programmes\/calendrier-du-jumelage-de-mfca\/\">Administrateurs et directeurs de programmes<\/a><\/li>\n<li><a href=\"https:\/\/www.carms.ca\/fr\/jumelage\/medecine-familiale-competences-avancees\/facultes-bureaux-des-etudes-postdoctorales\/calendrier-du-jumelage-de-mfca\/\">Bureaux des \u00e9tudes postdoctorales<\/a><\/li>\n<li><a href=\"https:\/\/www.carms.ca\/fr\/jumelage\/medecine-familiale-competences-avancees\/facultes-examinateurs-de-dossiers\/calendrier-du-jumelage-de-mfca\/\">Examinateurs de dossiers<\/a><\/li>\n<\/ul>\n<h3><a href=\"https:\/\/www.carms.ca\/fr\/jumelage\/medecine-familiale-competences-avancees\/repondants\/dates-limites-pour-les-references-mfca\/\">R\u00e9pondants<\/a><\/h3>\n[\/vc_column_text]     \t    <\/div>\r\n\r\n             \t\r\n     \t    <div id=\"tab-839\" class=\"tab-pane fade\">\r\n     \t    \t[vc_column_text css=\u00a0\u00bb.vc_custom_1662731276453{margin-bottom: 0px !important;}\u00a0\u00bb]\n<h3><a href=\"https:\/\/www.carms.ca\/fr\/jumelage\/jumelage-des-specialites-pediatriques\/candidats\/calendrier-jsp\/\">Candidats<\/a><\/h3>\n<h3><span style=\"color: #f48024;\">Facult\u00e9s<\/span><\/h3>\n<ul>\n<li><a href=\"https:\/\/www.carms.ca\/fr\/jumelage\/jumelage-des-specialites-pediatriques\/facultes-administrateurs-directeurs-de-programmes\/calendrier-du-jumelage-des-specialites-pediatriques-programmes\/\">Administrateurs et directeurs de programmes<\/a><\/li>\n<li><a href=\"https:\/\/www.carms.ca\/fr\/jumelage\/jumelage-des-specialites-pediatriques\/facultes-bureaux-des-etudes-postdoctorales\/calendrier-jsp\/\">Bureaux des \u00e9tudes postdoctorales<\/a><\/li>\n<li><a href=\"https:\/\/carms.ca\/fr\/jumelage\/jumelage-des-specialites-pediatriques\/facultes-examinateurs-de-dossiers\/calendrier-jsp\/\">Examinateurs de dossiers<\/a><\/li>\n<\/ul>\n<h3><a href=\"https:\/\/www.carms.ca\/fr\/jumelage\/jumelage-des-specialites-pediatriques\/repondants\/dates-limites-pour-les-references-jsp\/\">R\u00e9pondants<\/a><\/h3>\n[\/vc_column_text]     \t    <\/div>\r\n\r\n                    <\/div>                \t\t\t\r\n    \t<\/div>\r\n        [\/vc_column][\/vc_row][mk_page_section bg_image=\u00a0\u00bbhttp:\/\/carms.thedev.ca\/wp-content\/uploads\/2018\/04\/carms-data-reports-background.png\u00a0\u00bb bg_position=\u00a0\u00bbcenter top\u00a0\u00bb bg_repeat=\u00a0\u00bbno-repeat\u00a0\u00bb bg_stretch=\u00a0\u00bbtrue\u00a0\u00bb min_height=\u00a0\u00bb1100&Prime; full_width=\u00a0\u00bbtrue\u00a0\u00bb sidebar=\u00a0\u00bbsidebar-1&Prime;][vc_column][\/vc_column][\/mk_page_section]\n<\/div>","protected":false},"excerpt":{"rendered":"<p>[mk_page_section layout_structure=\u00a0\u00bbhalf_left\u00a0\u00bb bg_image=\u00a0\u00bbhttps:\/\/carms.ca\/wp-content\/uploads\/2018\/06\/dsc1339_flip_lowres.jpg\u00a0\u00bb bg_color=\u00a0\u00bb#f2f6f9&Prime; padding_top=\u00a0\u00bb50&Prime; padding_bottom=\u00a0\u00bb50&Prime; el_class=\u00a0\u00bblayout-half-image\u00a0\u00bb][vc_column][mk_padding_divider size=\u00a0\u00bb80&Prime;][vc_column_text css=\u00a0\u00bb.vc_custom_1526597421770{margin-bottom: 0px !important;}\u00a0\u00bb]Nos calendriers de jumelage sont con\u00e7us afin de vous garder sur la bonne voie tout au long de votre cycle de jumelage. S\u00e9lectionnez votre jumelage et votre r\u00f4le ci-dessous pour acc\u00e9der \u00e0 un calendrier personnalis\u00e9 avec des dates limites importantes et des dates rep\u00e8res recommand\u00e9es [&hellip;]<\/p>\n","protected":false},"author":3,"featured_media":0,"parent":0,"menu_order":0,"comment_status":"closed","ping_status":"closed","template":"","meta":{"_acf_changed":false,"footnotes":""},"class_list":["post-2860","page","type-page","status-publish","hentry"],"acf":{"subtitle":""},"yoast_head":"<!-- This site is optimized with the Yoast SEO plugin v25.7 - https:\/\/yoast.com\/wordpress\/plugins\/seo\/ -->\n<title>Calendriers - CaRMS<\/title>\n<meta name=\"robots\" content=\"noindex, follow, max-snippet:-1, max-image-preview:large, max-video-preview:-1\" \/>\n<meta property=\"og:locale\" content=\"fr_FR\" \/>\n<meta property=\"og:type\" content=\"article\" \/>\n<meta property=\"og:title\" content=\"Calendriers - CaRMS\" \/>\n<meta property=\"og:description\" content=\"[mk_page_section layout_structure=\u00a0\u00bbhalf_left\u00a0\u00bb bg_image=\u00a0\u00bbhttps:\/\/carms.ca\/wp-content\/uploads\/2018\/06\/dsc1339_flip_lowres.jpg\u00a0\u00bb bg_color=\u00a0\u00bb#f2f6f9&Prime; padding_top=\u00a0\u00bb50&Prime; padding_bottom=\u00a0\u00bb50&Prime; el_class=\u00a0\u00bblayout-half-image\u00a0\u00bb][vc_column][mk_padding_divider size=\u00a0\u00bb80&Prime;][vc_column_text css=\u00a0\u00bb.vc_custom_1526597421770{margin-bottom: 0px !important;}\u00a0\u00bb]Nos calendriers de jumelage sont con\u00e7us afin de vous garder sur la bonne voie tout au long de votre cycle de jumelage. S\u00e9lectionnez votre jumelage et votre r\u00f4le ci-dessous pour acc\u00e9der \u00e0 un calendrier personnalis\u00e9 avec des dates limites importantes et des dates rep\u00e8res recommand\u00e9es [&hellip;]\" \/>\n<meta property=\"og:url\" content=\"https:\/\/carms.wpcdev.ca\/fr\/calendriers\/\" \/>\n<meta property=\"og:site_name\" content=\"CaRMS\" \/>\n<meta property=\"article:modified_time\" content=\"2022-09-09T13:48:04+00:00\" \/>\n<meta name=\"twitter:card\" content=\"summary_large_image\" \/>\n<meta name=\"twitter:label1\" content=\"Dur\u00e9e de lecture estim\u00e9e\" \/>\n\t<meta name=\"twitter:data1\" content=\"1 minute\" \/>\n<script type=\"application\/ld+json\" class=\"yoast-schema-graph\">{\"@context\":\"https:\/\/schema.org\",\"@graph\":[{\"@type\":\"WebPage\",\"@id\":\"https:\/\/carms.wpcdev.ca\/fr\/calendriers\/\",\"url\":\"https:\/\/carms.wpcdev.ca\/fr\/calendriers\/\",\"name\":\"Calendriers - CaRMS\",\"isPartOf\":{\"@id\":\"https:\/\/carms.wpcdev.ca\/#website\"},\"datePublished\":\"2018-05-16T19:17:18+00:00\",\"dateModified\":\"2022-09-09T13:48:04+00:00\",\"breadcrumb\":{\"@id\":\"https:\/\/carms.wpcdev.ca\/fr\/calendriers\/#breadcrumb\"},\"inLanguage\":\"fr-FR\",\"potentialAction\":[{\"@type\":\"ReadAction\",\"target\":[\"https:\/\/carms.wpcdev.ca\/fr\/calendriers\/\"]}]},{\"@type\":\"BreadcrumbList\",\"@id\":\"https:\/\/carms.wpcdev.ca\/fr\/calendriers\/#breadcrumb\",\"itemListElement\":[{\"@type\":\"ListItem\",\"position\":1,\"name\":\"Accueil\",\"item\":\"https:\/\/carms.wpcdev.ca\/fr\/\"},{\"@type\":\"ListItem\",\"position\":2,\"name\":\"Calendriers\"}]},{\"@type\":\"WebSite\",\"@id\":\"https:\/\/carms.wpcdev.ca\/#website\",\"url\":\"https:\/\/carms.wpcdev.ca\/\",\"name\":\"CaRMS\",\"description\":\"\",\"potentialAction\":[{\"@type\":\"SearchAction\",\"target\":{\"@type\":\"EntryPoint\",\"urlTemplate\":\"https:\/\/carms.wpcdev.ca\/?s={search_term_string}\"},\"query-input\":{\"@type\":\"PropertyValueSpecification\",\"valueRequired\":true,\"valueName\":\"search_term_string\"}}],\"inLanguage\":\"fr-FR\"}]}<\/script>\n<!-- \/ Yoast SEO plugin. -->","yoast_head_json":{"title":"Calendriers - CaRMS","robots":{"index":"noindex","follow":"follow","max-snippet":"max-snippet:-1","max-image-preview":"max-image-preview:large","max-video-preview":"max-video-preview:-1"},"og_locale":"fr_FR","og_type":"article","og_title":"Calendriers - CaRMS","og_description":"[mk_page_section layout_structure=\u00a0\u00bbhalf_left\u00a0\u00bb bg_image=\u00a0\u00bbhttps:\/\/carms.ca\/wp-content\/uploads\/2018\/06\/dsc1339_flip_lowres.jpg\u00a0\u00bb bg_color=\u00a0\u00bb#f2f6f9&Prime; padding_top=\u00a0\u00bb50&Prime; padding_bottom=\u00a0\u00bb50&Prime; el_class=\u00a0\u00bblayout-half-image\u00a0\u00bb][vc_column][mk_padding_divider size=\u00a0\u00bb80&Prime;][vc_column_text css=\u00a0\u00bb.vc_custom_1526597421770{margin-bottom: 0px !important;}\u00a0\u00bb]Nos calendriers de jumelage sont con\u00e7us afin de vous garder sur la bonne voie tout au long de votre cycle de jumelage. S\u00e9lectionnez votre jumelage et votre r\u00f4le ci-dessous pour acc\u00e9der \u00e0 un calendrier personnalis\u00e9 avec des dates limites importantes et des dates rep\u00e8res recommand\u00e9es [&hellip;]","og_url":"https:\/\/carms.wpcdev.ca\/fr\/calendriers\/","og_site_name":"CaRMS","article_modified_time":"2022-09-09T13:48:04+00:00","twitter_card":"summary_large_image","twitter_misc":{"Dur\u00e9e de lecture estim\u00e9e":"1 minute"},"schema":{"@context":"https:\/\/schema.org","@graph":[{"@type":"WebPage","@id":"https:\/\/carms.wpcdev.ca\/fr\/calendriers\/","url":"https:\/\/carms.wpcdev.ca\/fr\/calendriers\/","name":"Calendriers - CaRMS","isPartOf":{"@id":"https:\/\/carms.wpcdev.ca\/#website"},"datePublished":"2018-05-16T19:17:18+00:00","dateModified":"2022-09-09T13:48:04+00:00","breadcrumb":{"@id":"https:\/\/carms.wpcdev.ca\/fr\/calendriers\/#breadcrumb"},"inLanguage":"fr-FR","potentialAction":[{"@type":"ReadAction","target":["https:\/\/carms.wpcdev.ca\/fr\/calendriers\/"]}]},{"@type":"BreadcrumbList","@id":"https:\/\/carms.wpcdev.ca\/fr\/calendriers\/#breadcrumb","itemListElement":[{"@type":"ListItem","position":1,"name":"Accueil","item":"https:\/\/carms.wpcdev.ca\/fr\/"},{"@type":"ListItem","position":2,"name":"Calendriers"}]},{"@type":"WebSite","@id":"https:\/\/carms.wpcdev.ca\/#website","url":"https:\/\/carms.wpcdev.ca\/","name":"CaRMS","description":"","potentialAction":[{"@type":"SearchAction","target":{"@type":"EntryPoint","urlTemplate":"https:\/\/carms.wpcdev.ca\/?s={search_term_string}"},"query-input":{"@type":"PropertyValueSpecification","valueRequired":true,"valueName":"search_term_string"}}],"inLanguage":"fr-FR"}]}},"publishpress_future_workflow_manual_trigger":{"enabledWorkflows":[]},"_links":{"self":[{"href":"https:\/\/carms.wpcdev.ca\/fr\/wp-json\/wp\/v2\/pages\/2860","targetHints":{"allow":["GET"]}}],"collection":[{"href":"https:\/\/carms.wpcdev.ca\/fr\/wp-json\/wp\/v2\/pages"}],"about":[{"href":"https:\/\/carms.wpcdev.ca\/fr\/wp-json\/wp\/v2\/types\/page"}],"author":[{"embeddable":true,"href":"https:\/\/carms.wpcdev.ca\/fr\/wp-json\/wp\/v2\/users\/3"}],"replies":[{"embeddable":true,"href":"https:\/\/carms.wpcdev.ca\/fr\/wp-json\/wp\/v2\/comments?post=2860"}],"version-history":[{"count":15,"href":"https:\/\/carms.wpcdev.ca\/fr\/wp-json\/wp\/v2\/pages\/2860\/revisions"}],"predecessor-version":[{"id":34318,"href":"https:\/\/carms.wpcdev.ca\/fr\/wp-json\/wp\/v2\/pages\/2860\/revisions\/34318"}],"wp:attachment":[{"href":"https:\/\/carms.wpcdev.ca\/fr\/wp-json\/wp\/v2\/media?parent=2860"}],"curies":[{"name":"wp","href":"https:\/\/api.w.org\/{rel}","templated":true}]}}