{"id":2462,"date":"2018-05-12T17:27:57","date_gmt":"2018-05-12T21:27:57","guid":{"rendered":"http:\/\/carms2017.wpengine.com\/?page_id=2462"},"modified":"2018-05-23T09:34:33","modified_gmt":"2018-05-23T13:34:33","slug":"evenements-et-prix","status":"publish","type":"page","link":"https:\/\/carms.wpcdev.ca\/fr\/evenements-et-prix\/","title":{"rendered":"\u00c9v\u00e8nements et prix"},"content":{"rendered":"<div class=\"wpb-content-wrapper\">[vc_row fullwidth=\u00a0\u00bbtrue\u00a0\u00bb][vc_column]<style type=\"text\/css\">a.eg-henryharrison-element-1,a.eg-henryharrison-element-2{-webkit-transition:all .4s linear;-moz-transition:all .4s linear;-o-transition:all .4s linear;-ms-transition:all .4s linear;transition:all .4s linear}.eg-jimmy-carter-element-11 i:before{margin-left:0px;margin-right:0px}.eg-harding-element-17{letter-spacing:1px}.eg-harding-wrapper .esg-entry-media{overflow:hidden;box-sizing:border-box;-webkit-box-sizing:border-box;-moz-box-sizing:border-box;padding:30px 30px 0px 30px}.eg-harding-wrapper .esg-media-poster{overflow:hidden;border-radius:50%;-webkit-border-radius:50%;-moz-border-radius:50%}.eg-ulysses-s-grant-wrapper .esg-entry-media{overflow:hidden;box-sizing:border-box;-webkit-box-sizing:border-box;-moz-box-sizing:border-box;padding:30px 30px 0px 30px}.eg-ulysses-s-grant-wrapper .esg-media-poster{overflow:hidden;border-radius:50%;-webkit-border-radius:50%;-moz-border-radius:50%}.eg-richard-nixon-wrapper .esg-entry-media{overflow:hidden;box-sizing:border-box;-webkit-box-sizing:border-box;-moz-box-sizing:border-box;padding:30px 30px 0px 30px}.eg-richard-nixon-wrapper .esg-media-poster{overflow:hidden;border-radius:50%;-webkit-border-radius:50%;-moz-border-radius:50%}.eg-herbert-hoover-wrapper .esg-media-poster{filter:url(\"data:image\/svg+xml;utf8,<svg xmlns='http:\/\/www.w3.org\/2000\/svg'><filter id='grayscale'><feColorMatrix type='matrix' values='0.3333 0.3333 0.3333 0 0 0.3333 0.3333 0.3333 0 0 0.3333 0.3333 0.3333 0 0 0 0 0 1 0'\/><\/filter><\/svg>#grayscale\");filter:gray;-webkit-filter:grayscale(100%)}.eg-herbert-hoover-wrapper:hover .esg-media-poster{filter:url(\"data:image\/svg+xml;utf8,<svg xmlns='http:\/\/www.w3.org\/2000\/svg'><filter id='grayscale'><feColorMatrix type='matrix' values='1 0 0 0 0,0 1 0 0 0,0 0 1 0 0,0 0 0 1 0'\/><\/filter><\/svg>#grayscale\");-webkit-filter:grayscale(0%)}.eg-lyndon-johnson-wrapper .esg-media-poster{filter:url(\"data:image\/svg+xml;utf8,<svg xmlns='http:\/\/www.w3.org\/2000\/svg'><filter id='grayscale'><feColorMatrix type='matrix' values='0.3333 0.3333 0.3333 0 0 0.3333 0.3333 0.3333 0 0 0.3333 0.3333 0.3333 0 0 0 0 0 1 0'\/><\/filter><\/svg>#grayscale\");filter:gray;-webkit-filter:grayscale(100%)}.eg-lyndon-johnson-wrapper:hover .esg-media-poster{filter:url(\"data:image\/svg+xml;utf8,<svg xmlns='http:\/\/www.w3.org\/2000\/svg'><filter id='grayscale'><feColorMatrix type='matrix' values='1 0 0 0 0,0 1 0 0 0,0 0 1 0 0,0 0 0 1 0'\/><\/filter><\/svg>#grayscale\");-webkit-filter:grayscale(0%)}.esg-overlay.eg-ronald-reagan-container {background:-moz-linear-gradient(top,rgba(0,0,0,0) 50%,rgba(0,0,0,0.83) 99%,rgba(0,0,0,0.85) 100%);background:-webkit-gradient(linear,left top,left bottom,color-stop(50%,rgba(0,0,0,0)),color-stop(99%,rgba(0,0,0,0.83)),color-stop(100%,rgba(0,0,0,0.85)));background:-webkit-linear-gradient(top,rgba(0,0,0,0) 50%,rgba(0,0,0,0.83) 99%,rgba(0,0,0,0.85) 100%);background:-o-linear-gradient(top,rgba(0,0,0,0) 50%,rgba(0,0,0,0.83) 99%,rgba(0,0,0,0.85) 100%);background:-ms-linear-gradient(top,rgba(0,0,0,0) 50%,rgba(0,0,0,0.83) 99%,rgba(0,0,0,0.85) 100%);background:linear-gradient(to bottom,rgba(0,0,0,0) 50%,rgba(0,0,0,0.83) 99%,rgba(0,0,0,0.85) 100%);filter:progid:DXImageTransform.Microsoft.gradient( startColorstr='#00000000',endColorstr='#d9000000',GradientType=0 )}.eg-georgebush-wrapper .esg-entry-cover {background:-moz-linear-gradient(top,rgba(0,0,0,0) 50%,rgba(0,0,0,0.83) 99%,rgba(0,0,0,0.85) 100%);background:-webkit-gradient(linear,left top,left bottom,color-stop(50%,rgba(0,0,0,0)),color-stop(99%,rgba(0,0,0,0.83)),color-stop(100%,rgba(0,0,0,0.85)));background:-webkit-linear-gradient(top,rgba(0,0,0,0) 50%,rgba(0,0,0,0.83) 99%,rgba(0,0,0,0.85) 100%);background:-o-linear-gradient(top,rgba(0,0,0,0) 50%,rgba(0,0,0,0.83) 99%,rgba(0,0,0,0.85) 100%);background:-ms-linear-gradient(top,rgba(0,0,0,0) 50%,rgba(0,0,0,0.83) 99%,rgba(0,0,0,0.85) 100%);background:linear-gradient(to bottom,rgba(0,0,0,0) 50%,rgba(0,0,0,0.83) 99%,rgba(0,0,0,0.85) 100%);filter:progid:DXImageTransform.Microsoft.gradient( startColorstr='#00000000',endColorstr='#d9000000',GradientType=0 )}.eg-jefferson-wrapper{-webkit-border-radius:5px !important;-moz-border-radius:5px !important;border-radius:5px !important;-webkit-mask-image:url(data:image\/png;base64,iVBORw0KGgoAAAANSUhEUgAAAAEAAAABCAIAAACQd1PeAAAAGXRFWHRTb2Z0d2FyZQBBZG9iZSBJbWFnZVJlYWR5ccllPAAAAA5JREFUeNpiYGBgAAgwAAAEAAGbA+oJAAAAAElFTkSuQmCC) !important}.eg-monroe-element-1{text-shadow:0px 1px 3px rgba(0,0,0,0.1)}.eg-lyndon-johnson-wrapper .esg-entry-cover{background:-moz-radial-gradient(center,ellipse cover,rgba(0,0,0,0.35) 0%,rgba(18,18,18,0) 96%,rgba(19,19,19,0) 100%);background:-webkit-gradient(radial,center center,0px,center center,100%,color-stop(0%,rgba(0,0,0,0.35)),color-stop(96%,rgba(18,18,18,0)),color-stop(100%,rgba(19,19,19,0)));background:-webkit-radial-gradient(center,ellipse cover,rgba(0,0,0,0.35) 0%,rgba(18,18,18,0) 96%,rgba(19,19,19,0) 100%);background:-o-radial-gradient(center,ellipse cover,rgba(0,0,0,0.35) 0%,rgba(18,18,18,0) 96%,rgba(19,19,19,0) 100%);background:-ms-radial-gradient(center,ellipse cover,rgba(0,0,0,0.35) 0%,rgba(18,18,18,0) 96%,rgba(19,19,19,0) 100%);background:radial-gradient(ellipse at center,rgba(0,0,0,0.35) 0%,rgba(18,18,18,0) 96%,rgba(19,19,19,0) 100%);filter:progid:DXImageTransform.Microsoft.gradient( startColorstr='#59000000',endColorstr='#00131313',GradientType=1 )}.eg-wilbert-wrapper .esg-entry-cover{background:-moz-radial-gradient(center,ellipse cover,rgba(0,0,0,0.35) 0%,rgba(18,18,18,0) 96%,rgba(19,19,19,0) 100%);background:-webkit-gradient(radial,center center,0px,center center,100%,color-stop(0%,rgba(0,0,0,0.35)),color-stop(96%,rgba(18,18,18,0)),color-stop(100%,rgba(19,19,19,0)));background:-webkit-radial-gradient(center,ellipse cover,rgba(0,0,0,0.35) 0%,rgba(18,18,18,0) 96%,rgba(19,19,19,0) 100%);background:-o-radial-gradient(center,ellipse cover,rgba(0,0,0,0.35) 0%,rgba(18,18,18,0) 96%,rgba(19,19,19,0) 100%);background:-ms-radial-gradient(center,ellipse cover,rgba(0,0,0,0.35) 0%,rgba(18,18,18,0) 96%,rgba(19,19,19,0) 100%);background:radial-gradient(ellipse at center,rgba(0,0,0,0.35) 0%,rgba(18,18,18,0) 96%,rgba(19,19,19,0) 100%);filter:progid:DXImageTransform.Microsoft.gradient( startColorstr='#59000000',endColorstr='#00131313',GradientType=1 )}.eg-wilbert-wrapper .esg-media-poster{-webkit-transition:0.4s ease-in-out;-moz-transition:0.4s ease-in-out;-o-transition:0.4s ease-in-out;transition:0.4s ease-in-out;filter:url(\"data:image\/svg+xml;utf8,<svg xmlns='http:\/\/www.w3.org\/2000\/svg'><filter id='grayscale'><feColorMatrix type='matrix' values='0.3333 0.3333 0.3333 0 0 0.3333 0.3333 0.3333 0 0 0.3333 0.3333 0.3333 0 0 0 0 0 1 0'\/><\/filter><\/svg>#grayscale\");filter:gray;-webkit-filter:grayscale(100%)}.eg-wilbert-wrapper:hover .esg-media-poster{filter:url(\"data:image\/svg+xml;utf8,<svg xmlns='http:\/\/www.w3.org\/2000\/svg'><filter id='grayscale'><feColorMatrix type='matrix' values='1 0 0 0 0,0 1 0 0 0,0 0 1 0 0,0 0 0 1 0'\/><\/filter><\/svg>#grayscale\");-webkit-filter:grayscale(0%)}.eg-phillie-element-3:after{content:\" \";width:0px;height:0px;border-style:solid;border-width:5px 5px 0 5px;border-color:#000 transparent transparent transparent;left:50%;margin-left:-5px;bottom:-5px;position:absolute}.eg-howardtaft-wrapper .esg-media-poster{filter:url(\"data:image\/svg+xml;utf8,<svg xmlns='http:\/\/www.w3.org\/2000\/svg'><filter id='grayscale'><feColorMatrix type='matrix' values='1 0 0 0 0,0 1 0 0 0,0 0 1 0 0,0 0 0 1 0'\/><\/filter><\/svg>#grayscale\");-webkit-filter:grayscale(0%)}.eg-howardtaft-wrapper:hover .esg-media-poster{filter:url(\"data:image\/svg+xml;utf8,<svg xmlns='http:\/\/www.w3.org\/2000\/svg'><filter id='grayscale'><feColorMatrix type='matrix' values='0.3333 0.3333 0.3333 0 0 0.3333 0.3333 0.3333 0 0 0.3333 0.3333 0.3333 0 0 0 0 0 1 0'\/><\/filter><\/svg>#grayscale\");filter:gray;-webkit-filter:grayscale(100%)}.myportfolio-container .added_to_cart.wc-forward{font-family:\"Open Sans\";font-size:13px;color:#fff;margin-top:10px}.esgbox-title.esgbox-title-outside-wrap{font-size:15px;font-weight:700;text-align:center}.esgbox-title.esgbox-title-inside-wrap{padding-bottom:10px;font-size:15px;font-weight:700;text-align:center}.esg-content.eg-twitterstream-element-33-a{display:inline-block}.eg-twitterstream-element-35{word-break:break-all}.esg-overlay.eg-twitterstream-container {background:-moz-linear-gradient(top,rgba(0,0,0,0) 50%,rgba(0,0,0,0.83) 99%,rgba(0,0,0,0.85) 100%);background:-webkit-gradient(linear,left top,left bottom,color-stop(50%,rgba(0,0,0,0)),color-stop(99%,rgba(0,0,0,0.83)),color-stop(100%,rgba(0,0,0,0.85)));background:-webkit-linear-gradient(top,rgba(0,0,0,0) 50%,rgba(0,0,0,0.83) 99%,rgba(0,0,0,0.85) 100%);background:-o-linear-gradient(top,rgba(0,0,0,0) 50%,rgba(0,0,0,0.83) 99%,rgba(0,0,0,0.85) 100%);background:-ms-linear-gradient(top,rgba(0,0,0,0) 50%,rgba(0,0,0,0.83) 99%,rgba(0,0,0,0.85) 100%);background:linear-gradient(to bottom,rgba(0,0,0,0) 50%,rgba(0,0,0,0.83) 99%,rgba(0,0,0,0.85) 100%);filter:progid:DXImageTransform.Microsoft.gradient( startColorstr='#00000000',endColorstr='#d9000000',GradientType=0 )}.esg-content.eg-facebookstream-element-33-a{display:inline-block}.eg-facebookstream-element-0{word-break:break-all}.esg-overlay.eg-flickrstream-container {background:-moz-linear-gradient(top,rgba(0,0,0,0) 50%,rgba(0,0,0,0.83) 99%,rgba(0,0,0,0.85) 100%);background:-webkit-gradient(linear,left top,left bottom,color-stop(50%,rgba(0,0,0,0)),color-stop(99%,rgba(0,0,0,0.83)),color-stop(100%,rgba(0,0,0,0.85)));background:-webkit-linear-gradient(top,rgba(0,0,0,0) 50%,rgba(0,0,0,0.83) 99%,rgba(0,0,0,0.85) 100%);background:-o-linear-gradient(top,rgba(0,0,0,0) 50%,rgba(0,0,0,0.83) 99%,rgba(0,0,0,0.85) 100%);background:-ms-linear-gradient(top,rgba(0,0,0,0) 50%,rgba(0,0,0,0.83) 99%,rgba(0,0,0,0.85) 100%);background:linear-gradient(to bottom,rgba(0,0,0,0) 50%,rgba(0,0,0,0.83) 99%,rgba(0,0,0,0.85) 100%);filter:progid:DXImageTransform.Microsoft.gradient( startColorstr='#00000000',endColorstr='#d9000000',GradientType=0 )}<\/style>\n<style type=\"text\/css\">.minimal-light .navigationbuttons,.minimal-light .esg-pagination,.minimal-light .esg-filters{text-align:center}.minimal-light .esg-filterbutton,.minimal-light .esg-navigationbutton,.minimal-light .esg-sortbutton,.minimal-light .esg-cartbutton a{color:#999;margin-right:5px;cursor:pointer;padding:0px 16px;border:1px solid #e5e5e5;line-height:38px;border-radius:5px;-moz-border-radius:5px;-webkit-border-radius:5px;font-size:12px;font-weight:700;font-family:\"Open Sans\",sans-serif;display:inline-block;background:#fff;margin-bottom:5px}.minimal-light .esg-navigationbutton *{color:#999}.minimal-light .esg-navigationbutton{padding:0px 16px}.minimal-light .esg-pagination-button:last-child{margin-right:0}.minimal-light .esg-left,.minimal-light .esg-right{padding:0px 11px}.minimal-light  .esg-sortbutton-wrapper,.minimal-light  .esg-cartbutton-wrapper{display:inline-block}.minimal-light  .esg-sortbutton-order,.minimal-light  .esg-cartbutton-order{display:inline-block;vertical-align:top;border:1px solid #e5e5e5;width:40px;line-height:38px;border-radius:0px 5px 5px 0px;-moz-border-radius:0px 5px 5px 0px;-webkit-border-radius:0px 5px 5px 0px;font-size:12px;font-weight:700;color:#999;cursor:pointer;background:#fff}.minimal-light .esg-cartbutton{color:#333;cursor:default !important}.minimal-light .esg-cartbutton .esgicon-basket {color:#333;font-size:15px;line-height:15px;margin-right:10px}.minimal-light  .esg-cartbutton-wrapper{cursor:default !important}.minimal-light .esg-sortbutton,.minimal-light .esg-cartbutton{display:inline-block;position:relative;cursor:pointer;margin-right:0px;border-right:none;border-radius:5px 0px 0px 5px;-moz-border-radius:5px 0px 0px 5px;-webkit-border-radius:5px 0px 0px 5px}.minimal-light .esg-navigationbutton:hover,.minimal-light .esg-filterbutton:hover,.minimal-light .esg-sortbutton:hover,.minimal-light .esg-sortbutton-order:hover,.minimal-light .esg-cartbutton a:hover,.minimal-light .esg-filterbutton.selected{background-color:#fff;border-color:#bbb;color:#333;box-shadow:0px 3px 5px 0px rgba(0,0,0,0.13)}.minimal-light .esg-navigationbutton:hover *{color:#333}.minimal-light .esg-sortbutton-order.tp-desc:hover{border-color:#bbb;color:#333;box-shadow:0px -3px 5px 0px rgba(0,0,0,0.13) !important}.minimal-light .esg-filter-checked{padding:1px 3px;color:#cbcbcb;background:#cbcbcb;margin-left:7px;font-size:9px;font-weight:300;line-height:9px;vertical-align:middle}.minimal-light .esg-filterbutton.selected .esg-filter-checked,.minimal-light .esg-filterbutton:hover .esg-filter-checked{padding:1px 3px 1px 3px;color:#fff;background:#000;margin-left:7px;font-size:9px;font-weight:300;line-height:9px;vertical-align:middle}<\/style>\n<style>.eg-events-awards-fr-element-4{font-size:15px !important;line-height:24px !important;color:#ffffff !important;font-weight:600 !important;padding:10px 24px 10px 24px  !important;border-radius:50px 50px 50px 50px  !important;background:#1a9ed5 !important;z-index:2 !important;display:inline-block;font-family:\"Open Sans\" !important;text-transform:uppercase !important;border-top-width:2px !important;border-right-width:2px !important;border-bottom-width:2px !important;border-left-width:2px !important;border-color:#1a9ed5 !important;border-style:solid !important}.eg-events-awards-fr-element-3{font-size:22px !important;line-height:25px !important;color:#ffffff !important;font-weight:500 !important;display:block !important;text-align:center !important;clear:both !important;margin:0px 0px px 0px  !important;padding:0px 0px 0px 0px  !important;border-radius:0px 0px 0px 0px  !important;background:transparent !important;position:relative !important;z-index:2 !important}<\/style>\n<style>.eg-events-awards-fr-element-4:hover{font-size:15px !important;line-height:24px !important;color:#1a9ed5 !important;font-weight:600 !important;border-radius:50px 50px 50px 50px  !important;background:rgba(255,255,255,0) !important;font-family:\"Open Sans\" !important;text-transform:uppercase !important;border-top-width:2px !important;border-right-width:2px !important;border-bottom-width:2px !important;border-left-width:2px !important;border-color:#1a9ed5 !important;border-style:solid !important}<\/style>\n<style>.eg-events-awards-fr-element-4-a{display:inline-block !important;float:none !important;clear:both !important;margin:150px 0px 0px 0px  !important;position:relative !important}<\/style>\n<style>.eg-events-awards-fr-container{background:rgba(0,0,0,0.5)}<\/style>\n<style>.eg-events-awards-fr-content{background:#ffffff;padding:0px 0px 0px 0px;border-width:0px 0px 0px 0px;border-radius:0px 0px 0px 0px;border-color:transparent;border-style:none;text-align:center}<\/style>\n<style>.esg-grid .mainul li.eg-events-awards-fr-wrapper{background:#ffffff;padding:0px 0px 0px 0px;border-width:0px 0px 0px 0px;border-radius:0px 0px 0px 0px;border-color:transparent;border-style:none}<\/style>\n<style>.esg-grid .mainul li.eg-events-awards-fr-wrapper .esg-media-poster{background-size:cover;background-position:center center;background-repeat:no-repeat}<\/style>\n<!-- THE ESSENTIAL GRID POST -->\n\n<article id=\"events-awards-fr-grid\" class=\"myportfolio-container esg-grid-wrap-container minimal-light esg-entry-skin-events-awards-fr source_type_post\" data-alias=\"events-awards-fr\">\n\n   <div id=\"esg-grid-2-1\" class=\"esg-grid\" style=\"background: transparent;padding: 0px 0px 0px 0px ; box-sizing:border-box; -moz-box-sizing:border-box; -webkit-box-sizing:border-box;\">\n<ul>\n<li id=\"eg-2-post-id-27100_6118\" class=\"filterall eg-events-awards-fr-wrapper eg-post-id-27100\" data-skin=\"events-awards-fr\" data-date=\"1620311540\" data-cobblesw=\"1\" data-cobblesh=\"1\" >\n    <div class=\"esg-media-cover-wrapper\">\n<div class=\"esg-entry-media\" ><img loading=\"lazy\" decoding=\"async\" class=\"esg-entry-media-img\"  src=\"https:\/\/carms.wpcdev.ca\/wp-content\/uploads\/2021\/05\/events-awards-slider-carms-forum-25.jpg\" data-no-lazy=\"1\" alt=\"\" title=\"events-awards-slider-carms-forum-25\" width=\"1000\" height=\"560\"><\/div>\n\n            <div class=\"esg-entry-cover\" >\n\n                <div class=\"esg-overlay eg-events-awards-fr-container  esg-transition\" data-transition=\"esg-none\"><\/div>\n\n\t\t\t\t<div class=\"esg-bottom eg-events-awards-fr-element-4-a eg-post-27100 eg-events-awards-fr-element-4-a\"><a class=\"eg-events-awards-fr-element-4 eg-post-27100\" href=\"https:\/\/carms.wpcdev.ca\/fr\/evenements-prix\/forum-de-carms\/\" target=\"_self\"><p>En lire davantage<\/p><\/a><\/div>\n\t\t\t\t<div class=\"esg-center eg-events-awards-fr-element-3 eg-post-27100 eg-events-awards-fr-element-3\">Forum de CaRMS<\/div>\n           <\/div>\n   <\/div>\n\n<\/li>\n<li id=\"eg-2-post-id-2460_5075\" class=\"filterall eg-events-awards-fr-wrapper eg-post-id-2460\" data-skin=\"events-awards-fr\" data-date=\"1526144717\" data-cobblesw=\"1\" data-cobblesh=\"1\" >\n    <div class=\"esg-media-cover-wrapper\">\n<div class=\"esg-entry-media\" ><img loading=\"lazy\" decoding=\"async\" class=\"esg-entry-media-img\"  src=\"https:\/\/carms.wpcdev.ca\/wp-content\/uploads\/2018\/05\/sbsal-fr.jpg\" data-no-lazy=\"1\" alt=\"\" title=\"sbsal-fr\" width=\"1000\" height=\"560\"><\/div>\n\n            <div class=\"esg-entry-cover\" >\n\n                <div class=\"esg-overlay eg-events-awards-fr-container  esg-transition\" data-transition=\"esg-none\"><\/div>\n\n\t\t\t\t<div class=\"esg-bottom eg-events-awards-fr-element-4-a eg-post-2460 eg-events-awards-fr-element-4-a\"><a class=\"eg-events-awards-fr-element-4 eg-post-2460\" href=\"https:\/\/carms.wpcdev.ca\/fr\/evenements-prix\/prix-de-leadership-etudiant-sandra-banner\/\" target=\"_self\"><p>En lire davantage<\/p><\/a><\/div>\n\t\t\t\t<div class=\"esg-center eg-events-awards-fr-element-3 eg-post-2460 eg-events-awards-fr-element-3\">Prix de leadership \u00e9tudiant Sandra Banner<\/div>\n           <\/div>\n   <\/div>\n\n<\/li>\n<\/ul>\n    <\/div>\n\n<\/article>\n<div class=\"clear\"><\/div>\n[\/vc_column][\/vc_row]\n<\/div>","protected":false},"excerpt":{"rendered":"<p>[vc_row fullwidth=\u00a0\u00bbtrue\u00a0\u00bb][vc_column][\/vc_column][\/vc_row]<\/p>\n","protected":false},"author":3,"featured_media":0,"parent":0,"menu_order":0,"comment_status":"closed","ping_status":"closed","template":"","meta":{"_acf_changed":false,"footnotes":""},"class_list":["post-2462","page","type-page","status-publish","hentry"],"acf":{"subtitle":"<p>CaRMS est l\u2019h\u00f4te de nombreux \u00e9v\u00e8nements tout au long de l\u2019ann\u00e9e afin de fournir des renseignements importants au sujet de nos services et nos produits \u00e0 nos parties prenantes et utilisateurs. Nous participons \u00e9galement \u00e0 plusieurs \u00e9v\u00e8nements et conf\u00e9rences dans le domaine de l\u2019enseignement m\u00e9dical.<\/p>\n"},"yoast_head":"<!-- This site is optimized with the Yoast SEO plugin v25.7 - https:\/\/yoast.com\/wordpress\/plugins\/seo\/ -->\n<title>\u00c9v\u00e8nements et prix - CaRMS<\/title>\n<meta name=\"robots\" content=\"noindex, follow, max-snippet:-1, max-image-preview:large, max-video-preview:-1\" \/>\n<meta property=\"og:locale\" content=\"fr_FR\" \/>\n<meta property=\"og:type\" content=\"article\" \/>\n<meta property=\"og:title\" content=\"\u00c9v\u00e8nements et prix - CaRMS\" \/>\n<meta property=\"og:description\" content=\"[vc_row fullwidth=\u00a0\u00bbtrue\u00a0\u00bb][vc_column][\/vc_column][\/vc_row]\" \/>\n<meta property=\"og:url\" content=\"https:\/\/carms.wpcdev.ca\/fr\/evenements-et-prix\/\" \/>\n<meta property=\"og:site_name\" content=\"CaRMS\" \/>\n<meta property=\"article:modified_time\" content=\"2018-05-23T13:34:33+00:00\" \/>\n<meta name=\"twitter:card\" content=\"summary_large_image\" \/>\n<meta name=\"twitter:label1\" content=\"Dur\u00e9e de lecture estim\u00e9e\" \/>\n\t<meta name=\"twitter:data1\" content=\"1 minute\" \/>\n<script type=\"application\/ld+json\" class=\"yoast-schema-graph\">{\"@context\":\"https:\/\/schema.org\",\"@graph\":[{\"@type\":\"WebPage\",\"@id\":\"https:\/\/carms.wpcdev.ca\/fr\/evenements-et-prix\/\",\"url\":\"https:\/\/carms.wpcdev.ca\/fr\/evenements-et-prix\/\",\"name\":\"\u00c9v\u00e8nements et prix - CaRMS\",\"isPartOf\":{\"@id\":\"https:\/\/carms.wpcdev.ca\/#website\"},\"datePublished\":\"2018-05-12T21:27:57+00:00\",\"dateModified\":\"2018-05-23T13:34:33+00:00\",\"breadcrumb\":{\"@id\":\"https:\/\/carms.wpcdev.ca\/fr\/evenements-et-prix\/#breadcrumb\"},\"inLanguage\":\"fr-FR\",\"potentialAction\":[{\"@type\":\"ReadAction\",\"target\":[\"https:\/\/carms.wpcdev.ca\/fr\/evenements-et-prix\/\"]}]},{\"@type\":\"BreadcrumbList\",\"@id\":\"https:\/\/carms.wpcdev.ca\/fr\/evenements-et-prix\/#breadcrumb\",\"itemListElement\":[{\"@type\":\"ListItem\",\"position\":1,\"name\":\"Accueil\",\"item\":\"https:\/\/carms.wpcdev.ca\/fr\/\"},{\"@type\":\"ListItem\",\"position\":2,\"name\":\"\u00c9v\u00e8nements et prix\"}]},{\"@type\":\"WebSite\",\"@id\":\"https:\/\/carms.wpcdev.ca\/#website\",\"url\":\"https:\/\/carms.wpcdev.ca\/\",\"name\":\"CaRMS\",\"description\":\"\",\"potentialAction\":[{\"@type\":\"SearchAction\",\"target\":{\"@type\":\"EntryPoint\",\"urlTemplate\":\"https:\/\/carms.wpcdev.ca\/?s={search_term_string}\"},\"query-input\":{\"@type\":\"PropertyValueSpecification\",\"valueRequired\":true,\"valueName\":\"search_term_string\"}}],\"inLanguage\":\"fr-FR\"}]}<\/script>\n<!-- \/ Yoast SEO plugin. -->","yoast_head_json":{"title":"\u00c9v\u00e8nements et prix - CaRMS","robots":{"index":"noindex","follow":"follow","max-snippet":"max-snippet:-1","max-image-preview":"max-image-preview:large","max-video-preview":"max-video-preview:-1"},"og_locale":"fr_FR","og_type":"article","og_title":"\u00c9v\u00e8nements et prix - CaRMS","og_description":"[vc_row fullwidth=\u00a0\u00bbtrue\u00a0\u00bb][vc_column][\/vc_column][\/vc_row]","og_url":"https:\/\/carms.wpcdev.ca\/fr\/evenements-et-prix\/","og_site_name":"CaRMS","article_modified_time":"2018-05-23T13:34:33+00:00","twitter_card":"summary_large_image","twitter_misc":{"Dur\u00e9e de lecture estim\u00e9e":"1 minute"},"schema":{"@context":"https:\/\/schema.org","@graph":[{"@type":"WebPage","@id":"https:\/\/carms.wpcdev.ca\/fr\/evenements-et-prix\/","url":"https:\/\/carms.wpcdev.ca\/fr\/evenements-et-prix\/","name":"\u00c9v\u00e8nements et prix - CaRMS","isPartOf":{"@id":"https:\/\/carms.wpcdev.ca\/#website"},"datePublished":"2018-05-12T21:27:57+00:00","dateModified":"2018-05-23T13:34:33+00:00","breadcrumb":{"@id":"https:\/\/carms.wpcdev.ca\/fr\/evenements-et-prix\/#breadcrumb"},"inLanguage":"fr-FR","potentialAction":[{"@type":"ReadAction","target":["https:\/\/carms.wpcdev.ca\/fr\/evenements-et-prix\/"]}]},{"@type":"BreadcrumbList","@id":"https:\/\/carms.wpcdev.ca\/fr\/evenements-et-prix\/#breadcrumb","itemListElement":[{"@type":"ListItem","position":1,"name":"Accueil","item":"https:\/\/carms.wpcdev.ca\/fr\/"},{"@type":"ListItem","position":2,"name":"\u00c9v\u00e8nements et prix"}]},{"@type":"WebSite","@id":"https:\/\/carms.wpcdev.ca\/#website","url":"https:\/\/carms.wpcdev.ca\/","name":"CaRMS","description":"","potentialAction":[{"@type":"SearchAction","target":{"@type":"EntryPoint","urlTemplate":"https:\/\/carms.wpcdev.ca\/?s={search_term_string}"},"query-input":{"@type":"PropertyValueSpecification","valueRequired":true,"valueName":"search_term_string"}}],"inLanguage":"fr-FR"}]}},"publishpress_future_workflow_manual_trigger":{"enabledWorkflows":[]},"_links":{"self":[{"href":"https:\/\/carms.wpcdev.ca\/fr\/wp-json\/wp\/v2\/pages\/2462","targetHints":{"allow":["GET"]}}],"collection":[{"href":"https:\/\/carms.wpcdev.ca\/fr\/wp-json\/wp\/v2\/pages"}],"about":[{"href":"https:\/\/carms.wpcdev.ca\/fr\/wp-json\/wp\/v2\/types\/page"}],"author":[{"embeddable":true,"href":"https:\/\/carms.wpcdev.ca\/fr\/wp-json\/wp\/v2\/users\/3"}],"replies":[{"embeddable":true,"href":"https:\/\/carms.wpcdev.ca\/fr\/wp-json\/wp\/v2\/comments?post=2462"}],"version-history":[{"count":1,"href":"https:\/\/carms.wpcdev.ca\/fr\/wp-json\/wp\/v2\/pages\/2462\/revisions"}],"predecessor-version":[{"id":27086,"href":"https:\/\/carms.wpcdev.ca\/fr\/wp-json\/wp\/v2\/pages\/2462\/revisions\/27086"}],"wp:attachment":[{"href":"https:\/\/carms.wpcdev.ca\/fr\/wp-json\/wp\/v2\/media?parent=2462"}],"curies":[{"name":"wp","href":"https:\/\/api.w.org\/{rel}","templated":true}]}}