{"id":11126,"date":"2018-10-23T08:48:06","date_gmt":"2018-10-23T12:48:06","guid":{"rendered":"https:\/\/www.carms.ca\/?page_id=11126"},"modified":"2023-12-07T10:59:15","modified_gmt":"2023-12-07T15:59:15","slug":"docteure-inge-schabort","status":"publish","type":"page","link":"https:\/\/carms.wpcdev.ca\/fr\/a-propos-de\/gouvernance-et-comites\/gouvernance\/docteure-inge-schabort\/","title":{"rendered":"Docteure Inge Schabort"},"content":{"rendered":"<div class=\"wpb-content-wrapper\">[vc_row][vc_column][vc_column_text css=\u00a0\u00bb.vc_custom_1701964750945{margin-bottom: 0px !important;}\u00a0\u00bb]La docteure Inge Schabort (MB ChB, MHPE, CCFP, FCFP) est une professeure associ\u00e9e et la directrice du programme postdoctoral pour les dipl\u00f4m\u00e9s hors Canada et \u00c9tats-Unis en m\u00e9decine (DHCEU) au d\u00e9partement de m\u00e9decine familiale \u00e0 la <em>McMaster University<\/em>.\u00a0Elle exerce la m\u00e9decine familiale \u00e0 temps plein au <em>Stonechurch Family Health Centre <\/em>et elle donne des le\u00e7ons en m\u00e9decine fond\u00e9e sur les preuves, l\u2019assurance de la qualit\u00e9 et les sciences du comportement dans le programme de r\u00e9sidence. Elle enseigne, et a d\u00e9velopp\u00e9 le curriculum, pour le programme provincial de pr\u00e9r\u00e9sidence pour les DIM en Ontario.<\/p>\n<p>La docteure Schabort est l\u2019auteure du document de l\u2019analyse du milieu de l\u2019AFMC concernant les DIM et a \u00e9galement \u00e9t\u00e9 une consultante pour les m\u00e9decins et les intervenants pour le Cadre pancanadien d\u2019\u00e9valuation et de reconnaissance des qualifications professionnelles acquises \u00e0 l\u2019\u00e9tranger. Elle a publi\u00e9 des articles sur plusieurs sujets en soins primaires et en recherche, ainsi qu\u2019un chapitre de livre sur les dipl\u00f4m\u00e9s internationaux en m\u00e9decine. Elle a re\u00e7u le Prix d\u2019excellence du Coll\u00e8ge des m\u00e9decins de famille du Canada en 2012 et le prix <em>Glenn Sawyer Service Award <\/em>de l\u2019Association m\u00e9dicale de l\u2019Ontario en 2015. La docteure Schabort fait \u00e9galement partie du groupe de travail Thomson du Conseil des universit\u00e9s de l\u2019Ontario.<\/p>\n<p>En tant que DIM qui a compl\u00e9t\u00e9 une formation postdoctorale en obst\u00e9trique et gyn\u00e9cologie, en m\u00e9decine interne, en \u00e9pid\u00e9miologie, en immunologie, en endocrinologie, en biochimie et en pathologie avant d\u2019avoir \u00e9t\u00e9 recrut\u00e9 au Canada, elle a d\u00fb comp\u00e9titionner pour un poste pour les DIM en Ontario, refaire ses stages et compl\u00e9ter une formation \u00e0 titre de r\u00e9sidente dans le programme des DIM de l\u2019Ontario. Elle a r\u00e9cemment termin\u00e9 un examen de la documentation pour les DIM et a proc\u00e9d\u00e9 \u00e0 une \u00e9tude de recherche concernant l\u2019information de s\u00e9lection qui pr\u00e9dit le mieux le taux de r\u00e9ussite des DIM lors des examens des coll\u00e8ges.<\/p>\n<p>La docteure Schabort faisait partie du comit\u00e9 directeur de l\u2019Ontario pour le d\u00e9veloppement du curriculum du programme de pr\u00e9r\u00e9sidence pour les dipl\u00f4m\u00e9s internationaux en m\u00e9decine en 2005 et enseigne le curriculum depuis lors. Elle fait \u00e9galement partie du comit\u00e9 directeur pour le d\u00e9veloppement du curriculum pour l\u2019\u00e9valuation de la capacit\u00e9 \u00e0 exercer, et du comit\u00e9 directeur pour les cliniques interprofessionnelles d\u2019\u00e9valuation et d\u2019\u00e9ducation en mati\u00e8re de lombalgie (CIEEL) et a \u00e9t\u00e9 la personne responsable des soins primaires de Hamilton pour la mise en \u0153uvre du projet CIEEL.<\/p>\n<p>Ses int\u00e9r\u00eats cliniques et p\u00e9dagogiques incluent l\u2019enseignement m\u00e9dical, l\u2019enseignement et la revendication pour les DIM, le d\u00e9pistage et la pr\u00e9vention des maladies et la promotion de la sant\u00e9, la gestion du diab\u00e8te et de la douleur en utilisant des syst\u00e8mes d\u2019aide aux d\u00e9cisions cliniques en soins primaires, la sant\u00e9 globale, les soins et l\u2019enseignement interprofessionnel, la sant\u00e9 des r\u00e9fugi\u00e9s, la sant\u00e9 des femmes, la gestion des maladies chroniques, la m\u00e9decine fond\u00e9e sur les preuves et la recherche dans le domines des soins primaires.[\/vc_column_text][\/vc_column][\/vc_row]\n<\/div>","protected":false},"excerpt":{"rendered":"<p>[vc_row][vc_column][vc_column_text css=\u00a0\u00bb.vc_custom_1701964750945{margin-bottom: 0px !important;}\u00a0\u00bb]La docteure Inge Schabort (MB ChB, MHPE, CCFP, FCFP) est une professeure associ\u00e9e et la directrice du programme postdoctoral pour les dipl\u00f4m\u00e9s hors Canada et \u00c9tats-Unis en m\u00e9decine (DHCEU) au d\u00e9partement de m\u00e9decine familiale \u00e0 la McMaster University.\u00a0Elle exerce la m\u00e9decine familiale \u00e0 temps plein au Stonechurch Family Health Centre et elle [&hellip;]<\/p>\n","protected":false},"author":7,"featured_media":0,"parent":1053,"menu_order":0,"comment_status":"closed","ping_status":"closed","template":"","meta":{"_acf_changed":false,"footnotes":""},"class_list":["post-11126","page","type-page","status-publish","hentry"],"acf":{"subtitle":"<p><em>Directrice par mandat sp\u00e9cial<\/em><br \/>\n<span class=\"ui-provider ed bov bli buf bug buh bui buj buk bul bum bun buo bup buq bur bus but buu buv buw bux buy buz bva bvb bvc bvd bve bvf bvg bvh bvi bvj bvk\" dir=\"ltr\">Professeure associ\u00e9e et directrice du programme postdoctoral pour les DHCEU, d\u00e9partement de m\u00e9decine familiale<\/span><br \/>\n<em>McMaster University<\/em><\/p>\n"},"yoast_head":"<!-- This site is optimized with the Yoast SEO plugin v25.7 - https:\/\/yoast.com\/wordpress\/plugins\/seo\/ -->\n<title>Docteure Inge Schabort - CaRMS<\/title>\n<meta name=\"robots\" content=\"noindex, follow, max-snippet:-1, max-image-preview:large, max-video-preview:-1\" \/>\n<meta property=\"og:locale\" content=\"fr_FR\" \/>\n<meta property=\"og:type\" content=\"article\" \/>\n<meta property=\"og:title\" content=\"Docteure Inge Schabort - CaRMS\" \/>\n<meta property=\"og:description\" content=\"[vc_row][vc_column][vc_column_text css=\u00a0\u00bb.vc_custom_1701964750945{margin-bottom: 0px !important;}\u00a0\u00bb]La docteure Inge Schabort (MB ChB, MHPE, CCFP, FCFP) est une professeure associ\u00e9e et la directrice du programme postdoctoral pour les dipl\u00f4m\u00e9s hors Canada et \u00c9tats-Unis en m\u00e9decine (DHCEU) au d\u00e9partement de m\u00e9decine familiale \u00e0 la McMaster University.\u00a0Elle exerce la m\u00e9decine familiale \u00e0 temps plein au Stonechurch Family Health Centre et elle [&hellip;]\" \/>\n<meta property=\"og:url\" content=\"https:\/\/carms.wpcdev.ca\/fr\/a-propos-de\/gouvernance-et-comites\/gouvernance\/docteure-inge-schabort\/\" \/>\n<meta property=\"og:site_name\" content=\"CaRMS\" \/>\n<meta property=\"article:modified_time\" content=\"2023-12-07T15:59:15+00:00\" \/>\n<meta name=\"twitter:card\" content=\"summary_large_image\" \/>\n<meta name=\"twitter:label1\" content=\"Dur\u00e9e de lecture estim\u00e9e\" \/>\n\t<meta name=\"twitter:data1\" content=\"3 minutes\" \/>\n<script type=\"application\/ld+json\" class=\"yoast-schema-graph\">{\"@context\":\"https:\/\/schema.org\",\"@graph\":[{\"@type\":\"WebPage\",\"@id\":\"https:\/\/carms.wpcdev.ca\/fr\/a-propos-de\/gouvernance-et-comites\/gouvernance\/docteure-inge-schabort\/\",\"url\":\"https:\/\/carms.wpcdev.ca\/fr\/a-propos-de\/gouvernance-et-comites\/gouvernance\/docteure-inge-schabort\/\",\"name\":\"Docteure Inge Schabort - CaRMS\",\"isPartOf\":{\"@id\":\"https:\/\/carms.wpcdev.ca\/#website\"},\"datePublished\":\"2018-10-23T12:48:06+00:00\",\"dateModified\":\"2023-12-07T15:59:15+00:00\",\"breadcrumb\":{\"@id\":\"https:\/\/carms.wpcdev.ca\/fr\/a-propos-de\/gouvernance-et-comites\/gouvernance\/docteure-inge-schabort\/#breadcrumb\"},\"inLanguage\":\"fr-FR\",\"potentialAction\":[{\"@type\":\"ReadAction\",\"target\":[\"https:\/\/carms.wpcdev.ca\/fr\/a-propos-de\/gouvernance-et-comites\/gouvernance\/docteure-inge-schabort\/\"]}]},{\"@type\":\"BreadcrumbList\",\"@id\":\"https:\/\/carms.wpcdev.ca\/fr\/a-propos-de\/gouvernance-et-comites\/gouvernance\/docteure-inge-schabort\/#breadcrumb\",\"itemListElement\":[{\"@type\":\"ListItem\",\"position\":1,\"name\":\"Accueil\",\"item\":\"https:\/\/carms.wpcdev.ca\/fr\/\"},{\"@type\":\"ListItem\",\"position\":2,\"name\":\"\u00c0 propos de\",\"item\":\"https:\/\/carms.wpcdev.ca\/fr\/a-propos-de\/\"},{\"@type\":\"ListItem\",\"position\":3,\"name\":\"Gouvernance et comit\u00e9s\",\"item\":\"https:\/\/carms.wpcdev.ca\/fr\/a-propos-de\/gouvernance-et-comites\/\"},{\"@type\":\"ListItem\",\"position\":4,\"name\":\"Gouvernance\",\"item\":\"https:\/\/carms.wpcdev.ca\/fr\/a-propos-de\/gouvernance-et-comites\/gouvernance\/\"},{\"@type\":\"ListItem\",\"position\":5,\"name\":\"Docteure Inge Schabort\"}]},{\"@type\":\"WebSite\",\"@id\":\"https:\/\/carms.wpcdev.ca\/#website\",\"url\":\"https:\/\/carms.wpcdev.ca\/\",\"name\":\"CaRMS\",\"description\":\"\",\"potentialAction\":[{\"@type\":\"SearchAction\",\"target\":{\"@type\":\"EntryPoint\",\"urlTemplate\":\"https:\/\/carms.wpcdev.ca\/?s={search_term_string}\"},\"query-input\":{\"@type\":\"PropertyValueSpecification\",\"valueRequired\":true,\"valueName\":\"search_term_string\"}}],\"inLanguage\":\"fr-FR\"}]}<\/script>\n<!-- \/ Yoast SEO plugin. -->","yoast_head_json":{"title":"Docteure Inge Schabort - CaRMS","robots":{"index":"noindex","follow":"follow","max-snippet":"max-snippet:-1","max-image-preview":"max-image-preview:large","max-video-preview":"max-video-preview:-1"},"og_locale":"fr_FR","og_type":"article","og_title":"Docteure Inge Schabort - CaRMS","og_description":"[vc_row][vc_column][vc_column_text css=\u00a0\u00bb.vc_custom_1701964750945{margin-bottom: 0px !important;}\u00a0\u00bb]La docteure Inge Schabort (MB ChB, MHPE, CCFP, FCFP) est une professeure associ\u00e9e et la directrice du programme postdoctoral pour les dipl\u00f4m\u00e9s hors Canada et \u00c9tats-Unis en m\u00e9decine (DHCEU) au d\u00e9partement de m\u00e9decine familiale \u00e0 la McMaster University.\u00a0Elle exerce la m\u00e9decine familiale \u00e0 temps plein au Stonechurch Family Health Centre et elle [&hellip;]","og_url":"https:\/\/carms.wpcdev.ca\/fr\/a-propos-de\/gouvernance-et-comites\/gouvernance\/docteure-inge-schabort\/","og_site_name":"CaRMS","article_modified_time":"2023-12-07T15:59:15+00:00","twitter_card":"summary_large_image","twitter_misc":{"Dur\u00e9e de lecture estim\u00e9e":"3 minutes"},"schema":{"@context":"https:\/\/schema.org","@graph":[{"@type":"WebPage","@id":"https:\/\/carms.wpcdev.ca\/fr\/a-propos-de\/gouvernance-et-comites\/gouvernance\/docteure-inge-schabort\/","url":"https:\/\/carms.wpcdev.ca\/fr\/a-propos-de\/gouvernance-et-comites\/gouvernance\/docteure-inge-schabort\/","name":"Docteure Inge Schabort - CaRMS","isPartOf":{"@id":"https:\/\/carms.wpcdev.ca\/#website"},"datePublished":"2018-10-23T12:48:06+00:00","dateModified":"2023-12-07T15:59:15+00:00","breadcrumb":{"@id":"https:\/\/carms.wpcdev.ca\/fr\/a-propos-de\/gouvernance-et-comites\/gouvernance\/docteure-inge-schabort\/#breadcrumb"},"inLanguage":"fr-FR","potentialAction":[{"@type":"ReadAction","target":["https:\/\/carms.wpcdev.ca\/fr\/a-propos-de\/gouvernance-et-comites\/gouvernance\/docteure-inge-schabort\/"]}]},{"@type":"BreadcrumbList","@id":"https:\/\/carms.wpcdev.ca\/fr\/a-propos-de\/gouvernance-et-comites\/gouvernance\/docteure-inge-schabort\/#breadcrumb","itemListElement":[{"@type":"ListItem","position":1,"name":"Accueil","item":"https:\/\/carms.wpcdev.ca\/fr\/"},{"@type":"ListItem","position":2,"name":"\u00c0 propos de","item":"https:\/\/carms.wpcdev.ca\/fr\/a-propos-de\/"},{"@type":"ListItem","position":3,"name":"Gouvernance et comit\u00e9s","item":"https:\/\/carms.wpcdev.ca\/fr\/a-propos-de\/gouvernance-et-comites\/"},{"@type":"ListItem","position":4,"name":"Gouvernance","item":"https:\/\/carms.wpcdev.ca\/fr\/a-propos-de\/gouvernance-et-comites\/gouvernance\/"},{"@type":"ListItem","position":5,"name":"Docteure Inge Schabort"}]},{"@type":"WebSite","@id":"https:\/\/carms.wpcdev.ca\/#website","url":"https:\/\/carms.wpcdev.ca\/","name":"CaRMS","description":"","potentialAction":[{"@type":"SearchAction","target":{"@type":"EntryPoint","urlTemplate":"https:\/\/carms.wpcdev.ca\/?s={search_term_string}"},"query-input":{"@type":"PropertyValueSpecification","valueRequired":true,"valueName":"search_term_string"}}],"inLanguage":"fr-FR"}]}},"publishpress_future_workflow_manual_trigger":{"enabledWorkflows":[]},"_links":{"self":[{"href":"https:\/\/carms.wpcdev.ca\/fr\/wp-json\/wp\/v2\/pages\/11126","targetHints":{"allow":["GET"]}}],"collection":[{"href":"https:\/\/carms.wpcdev.ca\/fr\/wp-json\/wp\/v2\/pages"}],"about":[{"href":"https:\/\/carms.wpcdev.ca\/fr\/wp-json\/wp\/v2\/types\/page"}],"author":[{"embeddable":true,"href":"https:\/\/carms.wpcdev.ca\/fr\/wp-json\/wp\/v2\/users\/7"}],"replies":[{"embeddable":true,"href":"https:\/\/carms.wpcdev.ca\/fr\/wp-json\/wp\/v2\/comments?post=11126"}],"version-history":[{"count":4,"href":"https:\/\/carms.wpcdev.ca\/fr\/wp-json\/wp\/v2\/pages\/11126\/revisions"}],"predecessor-version":[{"id":40438,"href":"https:\/\/carms.wpcdev.ca\/fr\/wp-json\/wp\/v2\/pages\/11126\/revisions\/40438"}],"up":[{"embeddable":true,"href":"https:\/\/carms.wpcdev.ca\/fr\/wp-json\/wp\/v2\/pages\/1053"}],"wp:attachment":[{"href":"https:\/\/carms.wpcdev.ca\/fr\/wp-json\/wp\/v2\/media?parent=11126"}],"curies":[{"name":"wp","href":"https:\/\/api.w.org\/{rel}","templated":true}]}}