{"id":11123,"date":"2018-10-23T08:44:53","date_gmt":"2018-10-23T12:44:53","guid":{"rendered":"https:\/\/www.carms.ca\/?page_id=11123"},"modified":"2022-07-19T14:13:06","modified_gmt":"2022-07-19T18:13:06","slug":"docteur-jay-rosenfield","status":"publish","type":"page","link":"https:\/\/carms.wpcdev.ca\/fr\/a-propos-de\/gouvernance-et-comites\/gouvernance\/docteur-jay-rosenfield\/","title":{"rendered":"Docteur Jay Rosenfield"},"content":{"rendered":"<p>Le docteur Jay Rosenfield a obtenu son dipl\u00f4me en interpr\u00e9tation du piano du <em>Royal Conservatory of Music\/University of Toronto <\/em>en 1978 et a termin\u00e9 ses \u00e9tudes en m\u00e9decine \u00e0 la <em>University of Toronto <\/em>en 1982. Il est agr\u00e9g\u00e9 en p\u00e9diatrie par le Coll\u00e8ge royal des m\u00e9decins et chirurgiens du Canada et par le <em>American Board of Pediatrics<\/em>, et a re\u00e7u une ma\u00eetrise en \u00e9ducation de la <em>Ontario Institute for Studies in Education <\/em>(OISE) en 1998. Un p\u00e9diatre du d\u00e9veloppement et un clinicien-\u00e9ducateur, il a des engagements actifs \u00e0 la <em>Hospital for Sick Children <\/em>et \u00e0 la <em>Holland Bloorview Kids Rehabilitation Hospital<\/em>. Il a \u00e9t\u00e9 le codirecteur du programme de bourse en p\u00e9diatrie du d\u00e9veloppement depuis plusieurs ann\u00e9es. Le docteur Rosenfield est actuellement un professeur \u00e9m\u00e9rite en p\u00e9diatrie \u00e0 la <em>University of Toronto, <\/em>o\u00f9 il a occup\u00e9 le poste de vice-doyen du programme de m\u00e9decine \u00e0 la facult\u00e9 de m\u00e9decine de 2006 \u00e0 2016.<\/p>\n<p>Le docteur Rosenfield est un leader national en enseignement m\u00e9dical, ayant co-dirig\u00e9 le projet de l\u2019Avenir de l\u2019\u00e9ducation m\u00e9dicale au Canada (AEMC) de l\u2019Association des facult\u00e9s de m\u00e9decine du Canada et la mise en \u0153uvre des recommandations de transitions du projet postdoctoral de l\u2019AEMC. Il est un ancien pr\u00e9sident du Conseil m\u00e9dical du Canada.<\/p>\n","protected":false},"excerpt":{"rendered":"<p>Le docteur Jay Rosenfield a obtenu son dipl\u00f4me en interpr\u00e9tation du piano du Royal Conservatory of Music\/University of Toronto en 1978 et a termin\u00e9 ses \u00e9tudes en m\u00e9decine \u00e0 la University of Toronto en 1982. Il est agr\u00e9g\u00e9 en p\u00e9diatrie par le Coll\u00e8ge royal des m\u00e9decins et chirurgiens du Canada et par le American Board [&hellip;]<\/p>\n","protected":false},"author":7,"featured_media":0,"parent":1053,"menu_order":0,"comment_status":"closed","ping_status":"closed","template":"","meta":{"_acf_changed":false,"footnotes":""},"class_list":["post-11123","page","type-page","status-publish","hentry"],"acf":{"subtitle":"<p><em>Directeur<\/em><br \/>\nProfesseur \u00e9m\u00e9rite, University of Toronto<\/p>\n"},"yoast_head":"<!-- This site is optimized with the Yoast SEO plugin v25.7 - https:\/\/yoast.com\/wordpress\/plugins\/seo\/ -->\n<title>Docteur Jay Rosenfield - CaRMS<\/title>\n<meta name=\"robots\" content=\"noindex, follow, max-snippet:-1, max-image-preview:large, max-video-preview:-1\" \/>\n<meta property=\"og:locale\" content=\"fr_FR\" \/>\n<meta property=\"og:type\" content=\"article\" \/>\n<meta property=\"og:title\" content=\"Docteur Jay Rosenfield - CaRMS\" \/>\n<meta property=\"og:description\" content=\"Le docteur Jay Rosenfield a obtenu son dipl\u00f4me en interpr\u00e9tation du piano du Royal Conservatory of Music\/University of Toronto en 1978 et a termin\u00e9 ses \u00e9tudes en m\u00e9decine \u00e0 la University of Toronto en 1982. Il est agr\u00e9g\u00e9 en p\u00e9diatrie par le Coll\u00e8ge royal des m\u00e9decins et chirurgiens du Canada et par le American Board [&hellip;]\" \/>\n<meta property=\"og:url\" content=\"https:\/\/carms.wpcdev.ca\/fr\/a-propos-de\/gouvernance-et-comites\/gouvernance\/docteur-jay-rosenfield\/\" \/>\n<meta property=\"og:site_name\" content=\"CaRMS\" \/>\n<meta property=\"article:modified_time\" content=\"2022-07-19T18:13:06+00:00\" \/>\n<meta name=\"twitter:card\" content=\"summary_large_image\" \/>\n<meta name=\"twitter:label1\" content=\"Dur\u00e9e de lecture estim\u00e9e\" \/>\n\t<meta name=\"twitter:data1\" content=\"1 minute\" \/>\n<script type=\"application\/ld+json\" class=\"yoast-schema-graph\">{\"@context\":\"https:\/\/schema.org\",\"@graph\":[{\"@type\":\"WebPage\",\"@id\":\"https:\/\/carms.wpcdev.ca\/fr\/a-propos-de\/gouvernance-et-comites\/gouvernance\/docteur-jay-rosenfield\/\",\"url\":\"https:\/\/carms.wpcdev.ca\/fr\/a-propos-de\/gouvernance-et-comites\/gouvernance\/docteur-jay-rosenfield\/\",\"name\":\"Docteur Jay Rosenfield - CaRMS\",\"isPartOf\":{\"@id\":\"https:\/\/carms.wpcdev.ca\/#website\"},\"datePublished\":\"2018-10-23T12:44:53+00:00\",\"dateModified\":\"2022-07-19T18:13:06+00:00\",\"breadcrumb\":{\"@id\":\"https:\/\/carms.wpcdev.ca\/fr\/a-propos-de\/gouvernance-et-comites\/gouvernance\/docteur-jay-rosenfield\/#breadcrumb\"},\"inLanguage\":\"fr-FR\",\"potentialAction\":[{\"@type\":\"ReadAction\",\"target\":[\"https:\/\/carms.wpcdev.ca\/fr\/a-propos-de\/gouvernance-et-comites\/gouvernance\/docteur-jay-rosenfield\/\"]}]},{\"@type\":\"BreadcrumbList\",\"@id\":\"https:\/\/carms.wpcdev.ca\/fr\/a-propos-de\/gouvernance-et-comites\/gouvernance\/docteur-jay-rosenfield\/#breadcrumb\",\"itemListElement\":[{\"@type\":\"ListItem\",\"position\":1,\"name\":\"Accueil\",\"item\":\"https:\/\/carms.wpcdev.ca\/fr\/\"},{\"@type\":\"ListItem\",\"position\":2,\"name\":\"\u00c0 propos de\",\"item\":\"https:\/\/carms.wpcdev.ca\/fr\/a-propos-de\/\"},{\"@type\":\"ListItem\",\"position\":3,\"name\":\"Gouvernance et comit\u00e9s\",\"item\":\"https:\/\/carms.wpcdev.ca\/fr\/a-propos-de\/gouvernance-et-comites\/\"},{\"@type\":\"ListItem\",\"position\":4,\"name\":\"Gouvernance\",\"item\":\"https:\/\/carms.wpcdev.ca\/fr\/a-propos-de\/gouvernance-et-comites\/gouvernance\/\"},{\"@type\":\"ListItem\",\"position\":5,\"name\":\"Docteur Jay Rosenfield\"}]},{\"@type\":\"WebSite\",\"@id\":\"https:\/\/carms.wpcdev.ca\/#website\",\"url\":\"https:\/\/carms.wpcdev.ca\/\",\"name\":\"CaRMS\",\"description\":\"\",\"potentialAction\":[{\"@type\":\"SearchAction\",\"target\":{\"@type\":\"EntryPoint\",\"urlTemplate\":\"https:\/\/carms.wpcdev.ca\/?s={search_term_string}\"},\"query-input\":{\"@type\":\"PropertyValueSpecification\",\"valueRequired\":true,\"valueName\":\"search_term_string\"}}],\"inLanguage\":\"fr-FR\"}]}<\/script>\n<!-- \/ Yoast SEO plugin. -->","yoast_head_json":{"title":"Docteur Jay Rosenfield - CaRMS","robots":{"index":"noindex","follow":"follow","max-snippet":"max-snippet:-1","max-image-preview":"max-image-preview:large","max-video-preview":"max-video-preview:-1"},"og_locale":"fr_FR","og_type":"article","og_title":"Docteur Jay Rosenfield - CaRMS","og_description":"Le docteur Jay Rosenfield a obtenu son dipl\u00f4me en interpr\u00e9tation du piano du Royal Conservatory of Music\/University of Toronto en 1978 et a termin\u00e9 ses \u00e9tudes en m\u00e9decine \u00e0 la University of Toronto en 1982. Il est agr\u00e9g\u00e9 en p\u00e9diatrie par le Coll\u00e8ge royal des m\u00e9decins et chirurgiens du Canada et par le American Board [&hellip;]","og_url":"https:\/\/carms.wpcdev.ca\/fr\/a-propos-de\/gouvernance-et-comites\/gouvernance\/docteur-jay-rosenfield\/","og_site_name":"CaRMS","article_modified_time":"2022-07-19T18:13:06+00:00","twitter_card":"summary_large_image","twitter_misc":{"Dur\u00e9e de lecture estim\u00e9e":"1 minute"},"schema":{"@context":"https:\/\/schema.org","@graph":[{"@type":"WebPage","@id":"https:\/\/carms.wpcdev.ca\/fr\/a-propos-de\/gouvernance-et-comites\/gouvernance\/docteur-jay-rosenfield\/","url":"https:\/\/carms.wpcdev.ca\/fr\/a-propos-de\/gouvernance-et-comites\/gouvernance\/docteur-jay-rosenfield\/","name":"Docteur Jay Rosenfield - CaRMS","isPartOf":{"@id":"https:\/\/carms.wpcdev.ca\/#website"},"datePublished":"2018-10-23T12:44:53+00:00","dateModified":"2022-07-19T18:13:06+00:00","breadcrumb":{"@id":"https:\/\/carms.wpcdev.ca\/fr\/a-propos-de\/gouvernance-et-comites\/gouvernance\/docteur-jay-rosenfield\/#breadcrumb"},"inLanguage":"fr-FR","potentialAction":[{"@type":"ReadAction","target":["https:\/\/carms.wpcdev.ca\/fr\/a-propos-de\/gouvernance-et-comites\/gouvernance\/docteur-jay-rosenfield\/"]}]},{"@type":"BreadcrumbList","@id":"https:\/\/carms.wpcdev.ca\/fr\/a-propos-de\/gouvernance-et-comites\/gouvernance\/docteur-jay-rosenfield\/#breadcrumb","itemListElement":[{"@type":"ListItem","position":1,"name":"Accueil","item":"https:\/\/carms.wpcdev.ca\/fr\/"},{"@type":"ListItem","position":2,"name":"\u00c0 propos de","item":"https:\/\/carms.wpcdev.ca\/fr\/a-propos-de\/"},{"@type":"ListItem","position":3,"name":"Gouvernance et comit\u00e9s","item":"https:\/\/carms.wpcdev.ca\/fr\/a-propos-de\/gouvernance-et-comites\/"},{"@type":"ListItem","position":4,"name":"Gouvernance","item":"https:\/\/carms.wpcdev.ca\/fr\/a-propos-de\/gouvernance-et-comites\/gouvernance\/"},{"@type":"ListItem","position":5,"name":"Docteur Jay Rosenfield"}]},{"@type":"WebSite","@id":"https:\/\/carms.wpcdev.ca\/#website","url":"https:\/\/carms.wpcdev.ca\/","name":"CaRMS","description":"","potentialAction":[{"@type":"SearchAction","target":{"@type":"EntryPoint","urlTemplate":"https:\/\/carms.wpcdev.ca\/?s={search_term_string}"},"query-input":{"@type":"PropertyValueSpecification","valueRequired":true,"valueName":"search_term_string"}}],"inLanguage":"fr-FR"}]}},"publishpress_future_workflow_manual_trigger":{"enabledWorkflows":[]},"_links":{"self":[{"href":"https:\/\/carms.wpcdev.ca\/fr\/wp-json\/wp\/v2\/pages\/11123","targetHints":{"allow":["GET"]}}],"collection":[{"href":"https:\/\/carms.wpcdev.ca\/fr\/wp-json\/wp\/v2\/pages"}],"about":[{"href":"https:\/\/carms.wpcdev.ca\/fr\/wp-json\/wp\/v2\/types\/page"}],"author":[{"embeddable":true,"href":"https:\/\/carms.wpcdev.ca\/fr\/wp-json\/wp\/v2\/users\/7"}],"replies":[{"embeddable":true,"href":"https:\/\/carms.wpcdev.ca\/fr\/wp-json\/wp\/v2\/comments?post=11123"}],"version-history":[{"count":4,"href":"https:\/\/carms.wpcdev.ca\/fr\/wp-json\/wp\/v2\/pages\/11123\/revisions"}],"predecessor-version":[{"id":33842,"href":"https:\/\/carms.wpcdev.ca\/fr\/wp-json\/wp\/v2\/pages\/11123\/revisions\/33842"}],"up":[{"embeddable":true,"href":"https:\/\/carms.wpcdev.ca\/fr\/wp-json\/wp\/v2\/pages\/1053"}],"wp:attachment":[{"href":"https:\/\/carms.wpcdev.ca\/fr\/wp-json\/wp\/v2\/media?parent=11123"}],"curies":[{"name":"wp","href":"https:\/\/api.w.org\/{rel}","templated":true}]}}