{"id":11117,"date":"2018-10-23T08:37:46","date_gmt":"2018-10-23T12:37:46","guid":{"rendered":"https:\/\/www.carms.ca\/?page_id=11117"},"modified":"2024-03-12T06:31:53","modified_gmt":"2024-03-12T10:31:53","slug":"docteure-monique-williams","status":"publish","type":"page","link":"https:\/\/carms.wpcdev.ca\/fr\/a-propos-de\/gouvernance-et-comites\/gouvernance\/docteure-monique-williams\/","title":{"rendered":"Docteure Monique Williams-Tettamente"},"content":{"rendered":"<p>Monique Williams-Tettamente est une r\u00e9sidente de premi\u00e8re ann\u00e9e en m\u00e9decine familiale \u00e0 la <em>University of Alberta<\/em>. Elle est une membre des Forces arm\u00e9es canadiennes et est inscrite au volet d\u2019\u00e9ducation du PMEM. Elle est membre des FAC depuis 25\u00a0ans et a commenc\u00e9 son parcours m\u00e9dical en tant que technicienne m\u00e9dicale avant de suivre une formation en tant que m\u00e9decin adjointe et de d\u00e9cider de poursuivre une formation avanc\u00e9e en tant que m\u00e9decin. Elle a \u00e9t\u00e9 membre de nombreux conseils et comit\u00e9s aux niveaux provincial et f\u00e9d\u00e9ral et est passionn\u00e9e par son travail de revendication pour la s\u00e9curit\u00e9 des patients et les populations vuln\u00e9rables.<\/p>\n","protected":false},"excerpt":{"rendered":"<p>Monique Williams-Tettamente est une r\u00e9sidente de premi\u00e8re ann\u00e9e en m\u00e9decine familiale \u00e0 la University of Alberta. Elle est une membre des Forces arm\u00e9es canadiennes et est inscrite au volet d\u2019\u00e9ducation du PMEM. Elle est membre des FAC depuis 25\u00a0ans et a commenc\u00e9 son parcours m\u00e9dical en tant que technicienne m\u00e9dicale avant de suivre une formation [&hellip;]<\/p>\n","protected":false},"author":7,"featured_media":0,"parent":1053,"menu_order":0,"comment_status":"closed","ping_status":"closed","template":"","meta":{"_acf_changed":false,"footnotes":""},"class_list":["post-11117","page","type-page","status-publish","hentry"],"acf":{"subtitle":"<p><em>Directrice<\/em><br \/>\nR\u00e9sidente en m\u00e9decine, m\u00e9decine familiale<br \/>\n<em>University of Alberta<\/em><br \/>\n<em>Organisme parrain : FEMC<\/em><\/p>\n"},"yoast_head":"<!-- This site is optimized with the Yoast SEO plugin v25.7 - https:\/\/yoast.com\/wordpress\/plugins\/seo\/ -->\n<title>Docteure Monique Williams-Tettamente - CaRMS<\/title>\n<meta name=\"robots\" content=\"noindex, follow, max-snippet:-1, max-image-preview:large, max-video-preview:-1\" \/>\n<meta property=\"og:locale\" content=\"fr_FR\" \/>\n<meta property=\"og:type\" content=\"article\" \/>\n<meta property=\"og:title\" content=\"Docteure Monique Williams-Tettamente - CaRMS\" \/>\n<meta property=\"og:description\" content=\"Monique Williams-Tettamente est une r\u00e9sidente de premi\u00e8re ann\u00e9e en m\u00e9decine familiale \u00e0 la University of Alberta. Elle est une membre des Forces arm\u00e9es canadiennes et est inscrite au volet d\u2019\u00e9ducation du PMEM. Elle est membre des FAC depuis 25\u00a0ans et a commenc\u00e9 son parcours m\u00e9dical en tant que technicienne m\u00e9dicale avant de suivre une formation [&hellip;]\" \/>\n<meta property=\"og:url\" content=\"https:\/\/carms.wpcdev.ca\/fr\/a-propos-de\/gouvernance-et-comites\/gouvernance\/docteure-monique-williams\/\" \/>\n<meta property=\"og:site_name\" content=\"CaRMS\" \/>\n<meta property=\"article:modified_time\" content=\"2024-03-12T10:31:53+00:00\" \/>\n<meta name=\"twitter:card\" content=\"summary_large_image\" \/>\n<meta name=\"twitter:label1\" content=\"Dur\u00e9e de lecture estim\u00e9e\" \/>\n\t<meta name=\"twitter:data1\" content=\"1 minute\" \/>\n<script type=\"application\/ld+json\" class=\"yoast-schema-graph\">{\"@context\":\"https:\/\/schema.org\",\"@graph\":[{\"@type\":\"WebPage\",\"@id\":\"https:\/\/carms.wpcdev.ca\/fr\/a-propos-de\/gouvernance-et-comites\/gouvernance\/docteure-monique-williams\/\",\"url\":\"https:\/\/carms.wpcdev.ca\/fr\/a-propos-de\/gouvernance-et-comites\/gouvernance\/docteure-monique-williams\/\",\"name\":\"Docteure Monique Williams-Tettamente - CaRMS\",\"isPartOf\":{\"@id\":\"https:\/\/carms.wpcdev.ca\/#website\"},\"datePublished\":\"2018-10-23T12:37:46+00:00\",\"dateModified\":\"2024-03-12T10:31:53+00:00\",\"breadcrumb\":{\"@id\":\"https:\/\/carms.wpcdev.ca\/fr\/a-propos-de\/gouvernance-et-comites\/gouvernance\/docteure-monique-williams\/#breadcrumb\"},\"inLanguage\":\"fr-FR\",\"potentialAction\":[{\"@type\":\"ReadAction\",\"target\":[\"https:\/\/carms.wpcdev.ca\/fr\/a-propos-de\/gouvernance-et-comites\/gouvernance\/docteure-monique-williams\/\"]}]},{\"@type\":\"BreadcrumbList\",\"@id\":\"https:\/\/carms.wpcdev.ca\/fr\/a-propos-de\/gouvernance-et-comites\/gouvernance\/docteure-monique-williams\/#breadcrumb\",\"itemListElement\":[{\"@type\":\"ListItem\",\"position\":1,\"name\":\"Accueil\",\"item\":\"https:\/\/carms.wpcdev.ca\/fr\/\"},{\"@type\":\"ListItem\",\"position\":2,\"name\":\"\u00c0 propos de\",\"item\":\"https:\/\/carms.wpcdev.ca\/fr\/a-propos-de\/\"},{\"@type\":\"ListItem\",\"position\":3,\"name\":\"Gouvernance et comit\u00e9s\",\"item\":\"https:\/\/carms.wpcdev.ca\/fr\/a-propos-de\/gouvernance-et-comites\/\"},{\"@type\":\"ListItem\",\"position\":4,\"name\":\"Gouvernance\",\"item\":\"https:\/\/carms.wpcdev.ca\/fr\/a-propos-de\/gouvernance-et-comites\/gouvernance\/\"},{\"@type\":\"ListItem\",\"position\":5,\"name\":\"Docteure Monique Williams-Tettamente\"}]},{\"@type\":\"WebSite\",\"@id\":\"https:\/\/carms.wpcdev.ca\/#website\",\"url\":\"https:\/\/carms.wpcdev.ca\/\",\"name\":\"CaRMS\",\"description\":\"\",\"potentialAction\":[{\"@type\":\"SearchAction\",\"target\":{\"@type\":\"EntryPoint\",\"urlTemplate\":\"https:\/\/carms.wpcdev.ca\/?s={search_term_string}\"},\"query-input\":{\"@type\":\"PropertyValueSpecification\",\"valueRequired\":true,\"valueName\":\"search_term_string\"}}],\"inLanguage\":\"fr-FR\"}]}<\/script>\n<!-- \/ Yoast SEO plugin. -->","yoast_head_json":{"title":"Docteure Monique Williams-Tettamente - CaRMS","robots":{"index":"noindex","follow":"follow","max-snippet":"max-snippet:-1","max-image-preview":"max-image-preview:large","max-video-preview":"max-video-preview:-1"},"og_locale":"fr_FR","og_type":"article","og_title":"Docteure Monique Williams-Tettamente - CaRMS","og_description":"Monique Williams-Tettamente est une r\u00e9sidente de premi\u00e8re ann\u00e9e en m\u00e9decine familiale \u00e0 la University of Alberta. Elle est une membre des Forces arm\u00e9es canadiennes et est inscrite au volet d\u2019\u00e9ducation du PMEM. Elle est membre des FAC depuis 25\u00a0ans et a commenc\u00e9 son parcours m\u00e9dical en tant que technicienne m\u00e9dicale avant de suivre une formation [&hellip;]","og_url":"https:\/\/carms.wpcdev.ca\/fr\/a-propos-de\/gouvernance-et-comites\/gouvernance\/docteure-monique-williams\/","og_site_name":"CaRMS","article_modified_time":"2024-03-12T10:31:53+00:00","twitter_card":"summary_large_image","twitter_misc":{"Dur\u00e9e de lecture estim\u00e9e":"1 minute"},"schema":{"@context":"https:\/\/schema.org","@graph":[{"@type":"WebPage","@id":"https:\/\/carms.wpcdev.ca\/fr\/a-propos-de\/gouvernance-et-comites\/gouvernance\/docteure-monique-williams\/","url":"https:\/\/carms.wpcdev.ca\/fr\/a-propos-de\/gouvernance-et-comites\/gouvernance\/docteure-monique-williams\/","name":"Docteure Monique Williams-Tettamente - CaRMS","isPartOf":{"@id":"https:\/\/carms.wpcdev.ca\/#website"},"datePublished":"2018-10-23T12:37:46+00:00","dateModified":"2024-03-12T10:31:53+00:00","breadcrumb":{"@id":"https:\/\/carms.wpcdev.ca\/fr\/a-propos-de\/gouvernance-et-comites\/gouvernance\/docteure-monique-williams\/#breadcrumb"},"inLanguage":"fr-FR","potentialAction":[{"@type":"ReadAction","target":["https:\/\/carms.wpcdev.ca\/fr\/a-propos-de\/gouvernance-et-comites\/gouvernance\/docteure-monique-williams\/"]}]},{"@type":"BreadcrumbList","@id":"https:\/\/carms.wpcdev.ca\/fr\/a-propos-de\/gouvernance-et-comites\/gouvernance\/docteure-monique-williams\/#breadcrumb","itemListElement":[{"@type":"ListItem","position":1,"name":"Accueil","item":"https:\/\/carms.wpcdev.ca\/fr\/"},{"@type":"ListItem","position":2,"name":"\u00c0 propos de","item":"https:\/\/carms.wpcdev.ca\/fr\/a-propos-de\/"},{"@type":"ListItem","position":3,"name":"Gouvernance et comit\u00e9s","item":"https:\/\/carms.wpcdev.ca\/fr\/a-propos-de\/gouvernance-et-comites\/"},{"@type":"ListItem","position":4,"name":"Gouvernance","item":"https:\/\/carms.wpcdev.ca\/fr\/a-propos-de\/gouvernance-et-comites\/gouvernance\/"},{"@type":"ListItem","position":5,"name":"Docteure Monique Williams-Tettamente"}]},{"@type":"WebSite","@id":"https:\/\/carms.wpcdev.ca\/#website","url":"https:\/\/carms.wpcdev.ca\/","name":"CaRMS","description":"","potentialAction":[{"@type":"SearchAction","target":{"@type":"EntryPoint","urlTemplate":"https:\/\/carms.wpcdev.ca\/?s={search_term_string}"},"query-input":{"@type":"PropertyValueSpecification","valueRequired":true,"valueName":"search_term_string"}}],"inLanguage":"fr-FR"}]}},"publishpress_future_workflow_manual_trigger":{"enabledWorkflows":[]},"_links":{"self":[{"href":"https:\/\/carms.wpcdev.ca\/fr\/wp-json\/wp\/v2\/pages\/11117","targetHints":{"allow":["GET"]}}],"collection":[{"href":"https:\/\/carms.wpcdev.ca\/fr\/wp-json\/wp\/v2\/pages"}],"about":[{"href":"https:\/\/carms.wpcdev.ca\/fr\/wp-json\/wp\/v2\/types\/page"}],"author":[{"embeddable":true,"href":"https:\/\/carms.wpcdev.ca\/fr\/wp-json\/wp\/v2\/users\/7"}],"replies":[{"embeddable":true,"href":"https:\/\/carms.wpcdev.ca\/fr\/wp-json\/wp\/v2\/comments?post=11117"}],"version-history":[{"count":5,"href":"https:\/\/carms.wpcdev.ca\/fr\/wp-json\/wp\/v2\/pages\/11117\/revisions"}],"predecessor-version":[{"id":41359,"href":"https:\/\/carms.wpcdev.ca\/fr\/wp-json\/wp\/v2\/pages\/11117\/revisions\/41359"}],"up":[{"embeddable":true,"href":"https:\/\/carms.wpcdev.ca\/fr\/wp-json\/wp\/v2\/pages\/1053"}],"wp:attachment":[{"href":"https:\/\/carms.wpcdev.ca\/fr\/wp-json\/wp\/v2\/media?parent=11117"}],"curies":[{"name":"wp","href":"https:\/\/api.w.org\/{rel}","templated":true}]}}