{"id":11111,"date":"2018-10-23T08:30:51","date_gmt":"2018-10-23T12:30:51","guid":{"rendered":"https:\/\/www.carms.ca\/?page_id=11111"},"modified":"2018-10-23T08:30:51","modified_gmt":"2018-10-23T12:30:51","slug":"docteur-tom-mclaughlin","status":"publish","type":"page","link":"https:\/\/carms.wpcdev.ca\/fr\/a-propos-de\/gouvernance-et-comites\/gouvernance\/docteur-tom-mclaughlin\/","title":{"rendered":"Docteur Tom McLaughlin"},"content":{"rendered":"<p>Le docteur Tom McLaughlin est un p\u00e9diatre hospitalier g\u00e9n\u00e9ral \u00e0 la <em>BC Children\u2019s Hospital<\/em>. Il a obtenu son dipl\u00f4me en m\u00e9decine et a termin\u00e9 sa formation \u00e0 titre de r\u00e9sident \u00e0 la <em>University of Toronto<\/em>, et termine actuellement \u00e0 temps partiel une ma\u00eetrise en politique publique ax\u00e9e sur la politique en sant\u00e9 \u00e0 la <em>Harvard Kennedy School<\/em>.<\/p>\n<p>Bien que sa formation officielle soit en p\u00e9diatrie et en politique publique, sa passion est l\u2019enseignement m\u00e9dical et la promotion de la sant\u00e9. Lorsqu\u2019il \u00e9tait \u00e9tudiant en m\u00e9decine, il a dirig\u00e9 les efforts de revendication de la F\u00e9d\u00e9ration des \u00e9tudiants et des \u00e9tudiantes en m\u00e9decine du Canada aupr\u00e8s du gouvernement f\u00e9d\u00e9ral pour favoriser la formation dans les stages en milieu rural. Il s\u2019est int\u00e9ress\u00e9 aux ressources humaines en sant\u00e9, ce qui l\u2019a amen\u00e9 \u00e0 \u00eatre impliqu\u00e9 dans plusieurs points li\u00e9s aux ressources humaines en sant\u00e9 et au jumelage, incluant le comit\u00e9 des politiques de la sant\u00e9 du Coll\u00e8ge royal, le groupe de travail en ressources humaines de la sant\u00e9 de M\u00e9decins r\u00e9sidents du Canada et le comit\u00e9 de jumelage des r\u00e9sidents de l\u2019AFMC. Il a d\u00e9velopp\u00e9 une expertise dans le domaine de la gouvernance de conseils d\u2019administration et d\u2019organisations. En tant que pr\u00e9sident du conseil d\u2019administration, tr\u00e9sorier, et par la suite pr\u00e9sident de M\u00e9decins r\u00e9sidents du Canada (MRC), il a r\u00e9organis\u00e9 le budget, il a cr\u00e9\u00e9 le premier programme de formation pour les directeurs de MRC, a men\u00e9 les comit\u00e9s des ressources humaines et de la v\u00e9rification, et a guid\u00e9 l\u2019organisation lors de l\u2019embauche d\u2019un nouveau chef de la direction. Il a \u00e9galement si\u00e9g\u00e9 en tant que m\u00e9decin au conseil d\u2019administration de l\u2019Association m\u00e9dicale canadienne et comme membre de groupes hospitaliers, r\u00e9gionaux et provinciaux.<\/p>\n","protected":false},"excerpt":{"rendered":"<p>Le docteur Tom McLaughlin est un p\u00e9diatre hospitalier g\u00e9n\u00e9ral \u00e0 la BC Children\u2019s Hospital. Il a obtenu son dipl\u00f4me en m\u00e9decine et a termin\u00e9 sa formation \u00e0 titre de r\u00e9sident \u00e0 la University of Toronto, et termine actuellement \u00e0 temps partiel une ma\u00eetrise en politique publique ax\u00e9e sur la politique en sant\u00e9 \u00e0 la Harvard [&hellip;]<\/p>\n","protected":false},"author":7,"featured_media":0,"parent":1053,"menu_order":0,"comment_status":"closed","ping_status":"closed","template":"","meta":{"_acf_changed":false,"footnotes":""},"class_list":["post-11111","page","type-page","status-publish","hentry"],"acf":{"subtitle":"<p><em>Directeur<br \/>\n<\/em>P\u00e9diatre<br \/>\nBC Children\u2019s Hospital<\/p>\n"},"yoast_head":"<!-- This site is optimized with the Yoast SEO plugin v25.7 - https:\/\/yoast.com\/wordpress\/plugins\/seo\/ -->\n<title>Docteur Tom McLaughlin - CaRMS<\/title>\n<meta name=\"robots\" content=\"noindex, follow, max-snippet:-1, max-image-preview:large, max-video-preview:-1\" \/>\n<meta property=\"og:locale\" content=\"fr_FR\" \/>\n<meta property=\"og:type\" content=\"article\" \/>\n<meta property=\"og:title\" content=\"Docteur Tom McLaughlin - CaRMS\" \/>\n<meta property=\"og:description\" content=\"Le docteur Tom McLaughlin est un p\u00e9diatre hospitalier g\u00e9n\u00e9ral \u00e0 la BC Children\u2019s Hospital. Il a obtenu son dipl\u00f4me en m\u00e9decine et a termin\u00e9 sa formation \u00e0 titre de r\u00e9sident \u00e0 la University of Toronto, et termine actuellement \u00e0 temps partiel une ma\u00eetrise en politique publique ax\u00e9e sur la politique en sant\u00e9 \u00e0 la Harvard [&hellip;]\" \/>\n<meta property=\"og:url\" content=\"https:\/\/carms.wpcdev.ca\/fr\/a-propos-de\/gouvernance-et-comites\/gouvernance\/docteur-tom-mclaughlin\/\" \/>\n<meta property=\"og:site_name\" content=\"CaRMS\" \/>\n<meta name=\"twitter:card\" content=\"summary_large_image\" \/>\n<meta name=\"twitter:label1\" content=\"Dur\u00e9e de lecture estim\u00e9e\" \/>\n\t<meta name=\"twitter:data1\" content=\"2 minutes\" \/>\n<script type=\"application\/ld+json\" class=\"yoast-schema-graph\">{\"@context\":\"https:\/\/schema.org\",\"@graph\":[{\"@type\":\"WebPage\",\"@id\":\"https:\/\/carms.wpcdev.ca\/fr\/a-propos-de\/gouvernance-et-comites\/gouvernance\/docteur-tom-mclaughlin\/\",\"url\":\"https:\/\/carms.wpcdev.ca\/fr\/a-propos-de\/gouvernance-et-comites\/gouvernance\/docteur-tom-mclaughlin\/\",\"name\":\"Docteur Tom McLaughlin - CaRMS\",\"isPartOf\":{\"@id\":\"https:\/\/carms.wpcdev.ca\/#website\"},\"datePublished\":\"2018-10-23T12:30:51+00:00\",\"breadcrumb\":{\"@id\":\"https:\/\/carms.wpcdev.ca\/fr\/a-propos-de\/gouvernance-et-comites\/gouvernance\/docteur-tom-mclaughlin\/#breadcrumb\"},\"inLanguage\":\"fr-FR\",\"potentialAction\":[{\"@type\":\"ReadAction\",\"target\":[\"https:\/\/carms.wpcdev.ca\/fr\/a-propos-de\/gouvernance-et-comites\/gouvernance\/docteur-tom-mclaughlin\/\"]}]},{\"@type\":\"BreadcrumbList\",\"@id\":\"https:\/\/carms.wpcdev.ca\/fr\/a-propos-de\/gouvernance-et-comites\/gouvernance\/docteur-tom-mclaughlin\/#breadcrumb\",\"itemListElement\":[{\"@type\":\"ListItem\",\"position\":1,\"name\":\"Accueil\",\"item\":\"https:\/\/carms.wpcdev.ca\/fr\/\"},{\"@type\":\"ListItem\",\"position\":2,\"name\":\"\u00c0 propos de\",\"item\":\"https:\/\/carms.wpcdev.ca\/fr\/a-propos-de\/\"},{\"@type\":\"ListItem\",\"position\":3,\"name\":\"Gouvernance et comit\u00e9s\",\"item\":\"https:\/\/carms.wpcdev.ca\/fr\/a-propos-de\/gouvernance-et-comites\/\"},{\"@type\":\"ListItem\",\"position\":4,\"name\":\"Gouvernance\",\"item\":\"https:\/\/carms.wpcdev.ca\/fr\/a-propos-de\/gouvernance-et-comites\/gouvernance\/\"},{\"@type\":\"ListItem\",\"position\":5,\"name\":\"Docteur Tom McLaughlin\"}]},{\"@type\":\"WebSite\",\"@id\":\"https:\/\/carms.wpcdev.ca\/#website\",\"url\":\"https:\/\/carms.wpcdev.ca\/\",\"name\":\"CaRMS\",\"description\":\"\",\"potentialAction\":[{\"@type\":\"SearchAction\",\"target\":{\"@type\":\"EntryPoint\",\"urlTemplate\":\"https:\/\/carms.wpcdev.ca\/?s={search_term_string}\"},\"query-input\":{\"@type\":\"PropertyValueSpecification\",\"valueRequired\":true,\"valueName\":\"search_term_string\"}}],\"inLanguage\":\"fr-FR\"}]}<\/script>\n<!-- \/ Yoast SEO plugin. -->","yoast_head_json":{"title":"Docteur Tom McLaughlin - CaRMS","robots":{"index":"noindex","follow":"follow","max-snippet":"max-snippet:-1","max-image-preview":"max-image-preview:large","max-video-preview":"max-video-preview:-1"},"og_locale":"fr_FR","og_type":"article","og_title":"Docteur Tom McLaughlin - CaRMS","og_description":"Le docteur Tom McLaughlin est un p\u00e9diatre hospitalier g\u00e9n\u00e9ral \u00e0 la BC Children\u2019s Hospital. Il a obtenu son dipl\u00f4me en m\u00e9decine et a termin\u00e9 sa formation \u00e0 titre de r\u00e9sident \u00e0 la University of Toronto, et termine actuellement \u00e0 temps partiel une ma\u00eetrise en politique publique ax\u00e9e sur la politique en sant\u00e9 \u00e0 la Harvard [&hellip;]","og_url":"https:\/\/carms.wpcdev.ca\/fr\/a-propos-de\/gouvernance-et-comites\/gouvernance\/docteur-tom-mclaughlin\/","og_site_name":"CaRMS","twitter_card":"summary_large_image","twitter_misc":{"Dur\u00e9e de lecture estim\u00e9e":"2 minutes"},"schema":{"@context":"https:\/\/schema.org","@graph":[{"@type":"WebPage","@id":"https:\/\/carms.wpcdev.ca\/fr\/a-propos-de\/gouvernance-et-comites\/gouvernance\/docteur-tom-mclaughlin\/","url":"https:\/\/carms.wpcdev.ca\/fr\/a-propos-de\/gouvernance-et-comites\/gouvernance\/docteur-tom-mclaughlin\/","name":"Docteur Tom McLaughlin - CaRMS","isPartOf":{"@id":"https:\/\/carms.wpcdev.ca\/#website"},"datePublished":"2018-10-23T12:30:51+00:00","breadcrumb":{"@id":"https:\/\/carms.wpcdev.ca\/fr\/a-propos-de\/gouvernance-et-comites\/gouvernance\/docteur-tom-mclaughlin\/#breadcrumb"},"inLanguage":"fr-FR","potentialAction":[{"@type":"ReadAction","target":["https:\/\/carms.wpcdev.ca\/fr\/a-propos-de\/gouvernance-et-comites\/gouvernance\/docteur-tom-mclaughlin\/"]}]},{"@type":"BreadcrumbList","@id":"https:\/\/carms.wpcdev.ca\/fr\/a-propos-de\/gouvernance-et-comites\/gouvernance\/docteur-tom-mclaughlin\/#breadcrumb","itemListElement":[{"@type":"ListItem","position":1,"name":"Accueil","item":"https:\/\/carms.wpcdev.ca\/fr\/"},{"@type":"ListItem","position":2,"name":"\u00c0 propos de","item":"https:\/\/carms.wpcdev.ca\/fr\/a-propos-de\/"},{"@type":"ListItem","position":3,"name":"Gouvernance et comit\u00e9s","item":"https:\/\/carms.wpcdev.ca\/fr\/a-propos-de\/gouvernance-et-comites\/"},{"@type":"ListItem","position":4,"name":"Gouvernance","item":"https:\/\/carms.wpcdev.ca\/fr\/a-propos-de\/gouvernance-et-comites\/gouvernance\/"},{"@type":"ListItem","position":5,"name":"Docteur Tom McLaughlin"}]},{"@type":"WebSite","@id":"https:\/\/carms.wpcdev.ca\/#website","url":"https:\/\/carms.wpcdev.ca\/","name":"CaRMS","description":"","potentialAction":[{"@type":"SearchAction","target":{"@type":"EntryPoint","urlTemplate":"https:\/\/carms.wpcdev.ca\/?s={search_term_string}"},"query-input":{"@type":"PropertyValueSpecification","valueRequired":true,"valueName":"search_term_string"}}],"inLanguage":"fr-FR"}]}},"publishpress_future_workflow_manual_trigger":{"enabledWorkflows":[]},"_links":{"self":[{"href":"https:\/\/carms.wpcdev.ca\/fr\/wp-json\/wp\/v2\/pages\/11111","targetHints":{"allow":["GET"]}}],"collection":[{"href":"https:\/\/carms.wpcdev.ca\/fr\/wp-json\/wp\/v2\/pages"}],"about":[{"href":"https:\/\/carms.wpcdev.ca\/fr\/wp-json\/wp\/v2\/types\/page"}],"author":[{"embeddable":true,"href":"https:\/\/carms.wpcdev.ca\/fr\/wp-json\/wp\/v2\/users\/7"}],"replies":[{"embeddable":true,"href":"https:\/\/carms.wpcdev.ca\/fr\/wp-json\/wp\/v2\/comments?post=11111"}],"version-history":[{"count":1,"href":"https:\/\/carms.wpcdev.ca\/fr\/wp-json\/wp\/v2\/pages\/11111\/revisions"}],"predecessor-version":[{"id":11112,"href":"https:\/\/carms.wpcdev.ca\/fr\/wp-json\/wp\/v2\/pages\/11111\/revisions\/11112"}],"up":[{"embeddable":true,"href":"https:\/\/carms.wpcdev.ca\/fr\/wp-json\/wp\/v2\/pages\/1053"}],"wp:attachment":[{"href":"https:\/\/carms.wpcdev.ca\/fr\/wp-json\/wp\/v2\/media?parent=11111"}],"curies":[{"name":"wp","href":"https:\/\/api.w.org\/{rel}","templated":true}]}}