{"id":1055,"date":"2018-04-09T11:57:59","date_gmt":"2018-04-09T15:57:59","guid":{"rendered":"http:\/\/carms2017.wpengine.com\/?page_id=1055"},"modified":"2022-08-29T16:05:30","modified_gmt":"2022-08-29T20:05:30","slug":"a-propos-de","status":"publish","type":"page","link":"https:\/\/carms.wpcdev.ca\/fr\/a-propos-de\/","title":{"rendered":"\u00c0 propos de"},"content":{"rendered":"[mk_page_section bg_image=\u00a0\u00bbhttp:\/\/carms.thedev.ca\/wp-content\/uploads\/2018\/04\/about-main-image.jpg\u00a0\u00bb bg_color=\u00a0\u00bb#151515&Prime; bg_position=\u00a0\u00bbcenter top\u00a0\u00bb bg_repeat=\u00a0\u00bbno-repeat\u00a0\u00bb bg_stretch=\u00a0\u00bbtrue\u00a0\u00bb padding_top=\u00a0\u00bb0&Prime; padding_bottom=\u00a0\u00bb0&Prime; sidebar=\u00a0\u00bbsidebar-1&Prime;][vc_column width=\u00a0\u00bb1\/2&Prime;][mk_padding_divider size=\u00a0\u00bb35&Prime; visibility=\u00a0\u00bbvisible-sm\u00a0\u00bb][mk_padding_divider size=\u00a0\u00bb100&Prime; visibility=\u00a0\u00bbhidden-sm\u00a0\u00bb][mk_fancy_title tag_name=\u00a0\u00bbh1&Prime; color=\u00a0\u00bb#ffffff\u00a0\u00bb size=\u00a0\u00bb36&Prime; font_weight=\u00a0\u00bb500&Prime; margin_bottom=\u00a0\u00bb0&Prime; font_family=\u00a0\u00bbnone\u00a0\u00bb][\/mk_fancy_title][mk_fancy_title tag_name=\u00a0\u00bbspan\u00a0\u00bb color=\u00a0\u00bb#ffffff\u00a0\u00bb size=\u00a0\u00bb30&Prime; font_family=\u00a0\u00bbnone\u00a0\u00bb]<span style=\"color: #ffffff;\">Nous offrons un processus de candidature et de jumelage ouvert et transparent qui met des milliers d\u2019\u00e9tudiants en m\u00e9decine et de r\u00e9sidents sur la voie pour exercer la m\u00e9decine au Canada<\/span>[\/mk_fancy_title][mk_padding_divider size=\u00a0\u00bb300&Prime; visibility=\u00a0\u00bbhidden-sm\u00a0\u00bb][mk_padding_divider size=\u00a0\u00bb200&Prime; visibility=\u00a0\u00bbvisible-sm\u00a0\u00bb][\/vc_column][vc_column width=\u00a0\u00bb1\/2&Prime;][\/vc_column][\/mk_page_section][mk_page_section bg_image=\u00a0\u00bb\/wp-content\/uploads\/2018\/04\/faded-bg.jpg\u00a0\u00bb bg_color=\u00a0\u00bb#e7f0f7&Prime; padding_top=\u00a0\u00bb80&Prime; padding_bottom=\u00a0\u00bb60&Prime; sidebar=\u00a0\u00bbsidebar-1&Prime;][vc_column width=\u00a0\u00bb1\/3&Prime;][vc_single_image image=\u00a0\u00bb2506&Prime; img_size=\u00a0\u00bbfull\u00a0\u00bb][vc_column_text el_class=\u00a0\u00bbteal\u00a0\u00bb css=\u00a0\u00bb.vc_custom_1526653862302{margin-bottom: 0px !important;}\u00a0\u00bb]\n<p style=\"text-align: center;\"><strong>Qui nous sommes<br \/>\n<\/strong>Nous sommes une organisation nationale ind\u00e9pendante offrant des services de candidature et de jumelage \u00e0 la collectivit\u00e9 de l&rsquo;enseignement m\u00e9dical au Canada<\/p>\n[\/vc_column_text][\/vc_column][vc_column width=\u00a0\u00bb1\/3&Prime;][vc_single_image image=\u00a0\u00bb2507&Prime; img_size=\u00a0\u00bbfull\u00a0\u00bb][vc_column_text el_class=\u00a0\u00bbteal\u00a0\u00bb css=\u00a0\u00bb.vc_custom_1526653870844{margin-bottom: 0px !important;}\u00a0\u00bb]\n<p style=\"text-align: center;\"><strong>Ce que nous faisons<br \/>\n<\/strong>Chaque ann\u00e9e, nous jumelons des milliers d&rsquo;\u00e9tudiants en m\u00e9decine et de r\u00e9sidents \u00e0 des postes de formation requis pour les placer sur la voie pour exercer la m\u00e9decine au Canada<\/p>\n[\/vc_column_text][\/vc_column][vc_column width=\u00a0\u00bb1\/3&Prime;][vc_single_image image=\u00a0\u00bb2508&Prime; img_size=\u00a0\u00bbfull\u00a0\u00bb][vc_column_text el_class=\u00a0\u00bbteal\u00a0\u00bb css=\u00a0\u00bb.vc_custom_1526653880182{margin-bottom: 0px !important;}\u00a0\u00bb]\n<p style=\"text-align: center;\"><strong>Comment nous le faisons<br \/>\n<\/strong>Nous jumelons des candidats et des postes de formation m\u00e9dicale dans les facult\u00e9s de m\u00e9decine au Canada par l&rsquo;entremise d&rsquo;un processus juste et comp\u00e9titif<\/p>\n[\/vc_column_text][\/vc_column][\/mk_page_section][mk_page_section bg_image=\u00a0\u00bbhttps:\/\/carms.ca\/wp-content\/uploads\/2017\/06\/home-bottom-bg.jpg\u00a0\u00bb bg_stretch=\u00a0\u00bbtrue\u00a0\u00bb min_height=\u00a0\u00bb0&Prime; padding_top=\u00a0\u00bb0&Prime; padding_bottom=\u00a0\u00bb0&Prime; section_id=\u00a0\u00bbcarms-info\u00a0\u00bb sidebar=\u00a0\u00bbsidebar-1&Prime;][vc_column][vc_column_text align=\u00a0\u00bbcenter\u00a0\u00bb css=\u00a0\u00bb.vc_custom_1634657576130{margin-bottom: 0px !important;}\u00a0\u00bb]<strong>Notre vision<\/strong><br \/>\nLes meilleurs r\u00e9sultats possible gr\u00e2ce \u00e0 des syst\u00e8mes de candidature et de jumelage s\u00e9curitaires, justes et \u00e9quitables.<\/p>\n<p><strong>Notre mission<\/strong><br \/>\nPour agir comme intendants, b\u00e2tisseurs et innovateurs de services de candidature et de jumelage bas\u00e9s sur les donn\u00e9es.[\/vc_column_text][\/vc_column][\/mk_page_section][mk_page_section full_width=\u00a0\u00bbtrue\u00a0\u00bb padding_top=\u00a0\u00bb0&Prime; padding_bottom=\u00a0\u00bb0&Prime; sidebar=\u00a0\u00bbsidebar-1&Prime;][vc_column width=\u00a0\u00bb1\/4&Prime; css=\u00a0\u00bb.vc_custom_1527082876062{padding-top: 0px !important;padding-right: 0px !important;padding-bottom: 0px !important;padding-left: 0px !important;background-color: #dfece6 !important;}\u00a0\u00bb el_class=\u00a0\u00bbabout-box about-box-fr\u00a0\u00bb][vc_single_image image=\u00a0\u00bb2485&Prime; img_size=\u00a0\u00bbfull\u00a0\u00bb css=\u00a0\u00bb.vc_custom_1526309157200{margin-bottom: 0px !important;border-bottom-width: 0px !important;padding-bottom: 0px !important;}\u00a0\u00bb][mk_divider style=\u00a0\u00bbthick_solid\u00a0\u00bb border_color=\u00a0\u00bb#71bc43&Prime; margin_top=\u00a0\u00bb0&Prime; el_class=\u00a0\u00bbdivider-thick\u00a0\u00bb][vc_column_text el_class=\u00a0\u00bbteal\u00a0\u00bb css=\u00a0\u00bb.vc_custom_1527087446284{padding-top: 35px !important;padding-right: 25px !important;padding-bottom: 35px !important;padding-left: 25px !important;}\u00a0\u00bb]\n<p style=\"text-align: center;\"><strong>Gouvernance et comit\u00e9s<\/strong><br \/>\nApprenenz-en plus au sujet de nos membres, notre conseil d&rsquo;administration, nos comit\u00e9s et plus encore<\/p>\n<p class=\"bottom-paragraph\" style=\"text-align: center;\"><a href=\"http:\/\/carms.thedev.ca\/fr\/a-propos-de\/gouvernance-et-comites\/\"><strong>En apprendre davantage<\/strong><\/a><\/p>\n[\/vc_column_text][\/vc_column][vc_column width=\u00a0\u00bb1\/4&Prime; css=\u00a0\u00bb.vc_custom_1527082882215{padding-top: 0px !important;padding-right: 0px !important;padding-bottom: 0px !important;padding-left: 0px !important;background-color: #dddee8 !important;}\u00a0\u00bb el_class=\u00a0\u00bbabout-box about-box-fr\u00a0\u00bb][vc_single_image image=\u00a0\u00bb2484&Prime; img_size=\u00a0\u00bbfull\u00a0\u00bb css=\u00a0\u00bb.vc_custom_1526309174904{margin-bottom: 0px !important;border-bottom-width: 0px !important;padding-bottom: 0px !important;}\u00a0\u00bb][mk_divider style=\u00a0\u00bbthick_solid\u00a0\u00bb border_color=\u00a0\u00bb#592f5c\u00a0\u00bb margin_top=\u00a0\u00bb0&Prime; el_class=\u00a0\u00bbdivider-thick\u00a0\u00bb][vc_column_text el_class=\u00a0\u00bbteal\u00a0\u00bb css=\u00a0\u00bb.vc_custom_1527087455603{padding-top: 35px !important;padding-right: 25px !important;padding-bottom: 35px !important;padding-left: 25px !important;}\u00a0\u00bb]\n<p style=\"text-align: center;\"><strong>\u00c9quipe<\/strong><br \/>\nRencontrez l&rsquo;\u00e9quipe de CaRMS<\/p>\n<p class=\"bottom-paragraph\" style=\"text-align: center;\"><a href=\"http:\/\/carms.thedev.ca\/fr\/rencontrez-notre-equipe\/\"><strong>En apprendre davantage<\/strong><\/a><\/p>\n[\/vc_column_text][\/vc_column][vc_column width=\u00a0\u00bb1\/4&Prime; css=\u00a0\u00bb.vc_custom_1527082888540{padding-top: 0px !important;padding-right: 0px !important;padding-bottom: 0px !important;padding-left: 0px !important;background-color: #d4e8f3 !important;}\u00a0\u00bb el_class=\u00a0\u00bbabout-box about-box-fr\u00a0\u00bb][vc_single_image image=\u00a0\u00bb2483&Prime; img_size=\u00a0\u00bbfull\u00a0\u00bb css=\u00a0\u00bb.vc_custom_1526309196452{margin-bottom: 0px !important;border-bottom-width: 0px !important;padding-bottom: 0px !important;}\u00a0\u00bb][mk_divider style=\u00a0\u00bbthick_solid\u00a0\u00bb border_color=\u00a0\u00bb#008fca\u00a0\u00bb margin_top=\u00a0\u00bb0&Prime; el_class=\u00a0\u00bbdivider-thick\u00a0\u00bb][vc_column_text el_class=\u00a0\u00bbteal\u00a0\u00bb css=\u00a0\u00bb.vc_custom_1527087470426{padding-top: 35px !important;padding-right: 25px !important;padding-bottom: 35px !important;padding-left: 25px !important;}\u00a0\u00bb]\n<p style=\"text-align: center;\"><strong>\u00c9v\u00e8nements et prix<\/strong><br \/>\nApprenez-en davantage au sujet de nos prix et des \u00e9v\u00e8nements \u00e0 venir<\/p>\n<p class=\"bottom-paragraph\" style=\"text-align: center;\"><a href=\"http:\/\/carms.thedev.ca\/fr\/evenements-et-prix\/\"><strong>En apprendre davantage<\/strong><\/a><\/p>\n[\/vc_column_text][\/vc_column][vc_column width=\u00a0\u00bb1\/4&Prime; css=\u00a0\u00bb.vc_custom_1527082892856{padding-top: 0px !important;padding-right: 0px !important;padding-bottom: 0px !important;padding-left: 0px !important;background-color: #ece6e2 !important;}\u00a0\u00bb el_class=\u00a0\u00bbabout-box about-box-fr\u00a0\u00bb][vc_single_image image=\u00a0\u00bb2482&Prime; img_size=\u00a0\u00bbfull\u00a0\u00bb css=\u00a0\u00bb.vc_custom_1526309219082{margin-bottom: 0px !important;border-bottom-width: 0px !important;padding-bottom: 0px !important;}\u00a0\u00bb][mk_divider style=\u00a0\u00bbthick_solid\u00a0\u00bb border_color=\u00a0\u00bb#ed7c25&Prime; margin_top=\u00a0\u00bb0&Prime; el_class=\u00a0\u00bbdivider-thick\u00a0\u00bb][vc_column_text el_class=\u00a0\u00bbteal\u00a0\u00bb css=\u00a0\u00bb.vc_custom_1527087478501{padding-top: 35px !important;padding-right: 25px !important;padding-bottom: 35px !important;padding-left: 25px !important;}\u00a0\u00bb]\n<p style=\"text-align: center;\"><strong>Possibilit\u00e9s de carri\u00e8res<\/strong><br \/>\nApprenez-en plus au sujet de ce que nous offrons \u00e0 nos employ\u00e9s et visionnez les possibilit\u00e9s de carri\u00e8res actuelles<\/p>\n<p class=\"bottom-paragraph\" style=\"text-align: center;\"><a href=\"http:\/\/carms.thedev.ca\/fr\/a-propos-de\/possibilites-de-carrieres\/\"><strong>En apprendre davantage<\/strong><\/a><\/p>\n[\/vc_column_text][\/vc_column][\/mk_page_section][mk_page_section bg_image=\u00a0\u00bbhttps:\/\/carms.ca\/wp-content\/uploads\/2017\/06\/home-bottom-bg.jpg\u00a0\u00bb bg_stretch=\u00a0\u00bbtrue\u00a0\u00bb min_height=\u00a0\u00bb0&Prime; padding_top=\u00a0\u00bb0&Prime; padding_bottom=\u00a0\u00bb0&Prime; section_id=\u00a0\u00bbcarms-info\u00a0\u00bb sidebar=\u00a0\u00bbsidebar-1&Prime;][vc_column][vc_column_text align=\u00a0\u00bbcenter\u00a0\u00bb css=\u00a0\u00bb.vc_custom_1536950674967{margin-bottom: 0px !important;}\u00a0\u00bb]\n<p style=\"text-align: center;\"><strong>Notre histoire<\/strong><br \/>\nAu cours des cinq derni\u00e8res d\u00e9cennies, CaRMS a adapt\u00e9 ses services et ses outils afin de mieux soutenir les besoins changeants de ses clients et intervenants<\/p>\n[\/vc_column_text][mk_button dimension=\u00a0\u00bbflat\u00a0\u00bb corner_style=\u00a0\u00bbfull_rounded\u00a0\u00bb size=\u00a0\u00bbmedium\u00a0\u00bb letter_spacing=\u00a0\u00bb1&Prime; url=\u00a0\u00bbhttp:\/\/carms.thedev.ca\/fr\/a-propos-de\/notre-histoire\/\u00a0\u00bb align=\u00a0\u00bbcenter\u00a0\u00bb el_class=\u00a0\u00bbbtn btn-blue btn-uppercase\u00a0\u00bb bg_color=\u00a0\u00bb#1a9ed5&Prime; btn_hover_bg=\u00a0\u00bb#ffffff\u00a0\u00bb btn_hover_txt_color=\u00a0\u00bb#1a9ed5&Prime;]Apprenez-en davantage[\/mk_button][mk_padding_divider][\/vc_column][\/mk_page_section][mk_page_section bg_image=\u00a0\u00bb\/wp-content\/uploads\/2018\/04\/faded-bg.jpg\u00a0\u00bb bg_color=\u00a0\u00bb#e7f0f7&Prime; padding_top=\u00a0\u00bb80&Prime; padding_bottom=\u00a0\u00bb60&Prime; sidebar=\u00a0\u00bbsidebar-1&Prime;][vc_column][vc_column_text css=\u00a0\u00bb.vc_custom_1661803521434{margin-bottom: 0px !important;}\u00a0\u00bb]\n<p style=\"text-align: center;\"><em>CaRMS reconnait que le Canada est le territoire des Premi\u00e8res Nations, des Inuits et des M\u00e9tis.\u202f\u00a0<\/em><\/p>\n<p style=\"text-align: center;\"><em>Nous reconnaissons que les bureaux de CaRMS, situ\u00e9s \u00e0 Ottawa, sont situ\u00e9s sur le territoire traditionnel de la Nation algonquine anishinaabe.\u00a0<\/em><\/p>\n<p style=\"text-align: center;\"><em>Nous rendons hommage aux peuples autochtones, pass\u00e9s, pr\u00e9sents et futurs, de toutes les Nations \u00e0 travers le Canada, qui ont contribu\u00e9 \u00e0 la force de ce pays. Nous sommes reconnaissants d\u2019avoir la possibilit\u00e9 de vivre, de travailler et d\u2019apprendre en ce lieu.\u00a0<\/em><\/p>\n[\/vc_column_text][\/vc_column][\/mk_page_section]\n","protected":false},"excerpt":{"rendered":"<p>[mk_page_section bg_image=\u00a0\u00bbhttp:\/\/carms.thedev.ca\/wp-content\/uploads\/2018\/04\/about-main-image.jpg\u00a0\u00bb bg_color=\u00a0\u00bb#151515&Prime; bg_position=\u00a0\u00bbcenter top\u00a0\u00bb bg_repeat=\u00a0\u00bbno-repeat\u00a0\u00bb bg_stretch=\u00a0\u00bbtrue\u00a0\u00bb padding_top=\u00a0\u00bb0&Prime; padding_bottom=\u00a0\u00bb0&Prime; sidebar=\u00a0\u00bbsidebar-1&Prime;][vc_column width=\u00a0\u00bb1\/2&Prime;][mk_padding_divider size=\u00a0\u00bb35&Prime; visibility=\u00a0\u00bbvisible-sm\u00a0\u00bb][mk_padding_divider size=\u00a0\u00bb100&Prime; visibility=\u00a0\u00bbhidden-sm\u00a0\u00bb][mk_fancy_title tag_name=\u00a0\u00bbh1&Prime; color=\u00a0\u00bb#ffffff\u00a0\u00bb size=\u00a0\u00bb36&Prime; font_weight=\u00a0\u00bb500&Prime; margin_bottom=\u00a0\u00bb0&Prime; font_family=\u00a0\u00bbnone\u00a0\u00bb][\/mk_fancy_title][mk_fancy_title tag_name=\u00a0\u00bbspan\u00a0\u00bb color=\u00a0\u00bb#ffffff\u00a0\u00bb size=\u00a0\u00bb30&Prime; font_family=\u00a0\u00bbnone\u00a0\u00bb]Nous offrons un processus de candidature et de jumelage ouvert et transparent qui met des milliers d\u2019\u00e9tudiants en m\u00e9decine et de r\u00e9sidents sur la voie pour exercer la m\u00e9decine au Canada[\/mk_fancy_title][mk_padding_divider [&hellip;]<\/p>\n","protected":false},"author":5,"featured_media":0,"parent":0,"menu_order":0,"comment_status":"closed","ping_status":"closed","template":"","meta":{"_acf_changed":false,"footnotes":""},"class_list":["post-1055","page","type-page","status-publish","hentry"],"acf":{"subtitle":"","parent":""},"yoast_head":"<!-- This site is optimized with the Yoast SEO plugin v25.7 - https:\/\/yoast.com\/wordpress\/plugins\/seo\/ -->\n<title>\u00c0 propos de - CaRMS<\/title>\n<meta name=\"robots\" content=\"noindex, follow, max-snippet:-1, max-image-preview:large, max-video-preview:-1\" \/>\n<meta property=\"og:locale\" content=\"fr_FR\" \/>\n<meta property=\"og:type\" content=\"article\" \/>\n<meta property=\"og:title\" content=\"\u00c0 propos de - CaRMS\" \/>\n<meta property=\"og:description\" content=\"[mk_page_section bg_image=\u00a0\u00bbhttp:\/\/carms.thedev.ca\/wp-content\/uploads\/2018\/04\/about-main-image.jpg\u00a0\u00bb bg_color=\u00a0\u00bb#151515&Prime; bg_position=\u00a0\u00bbcenter top\u00a0\u00bb bg_repeat=\u00a0\u00bbno-repeat\u00a0\u00bb bg_stretch=\u00a0\u00bbtrue\u00a0\u00bb padding_top=\u00a0\u00bb0&Prime; padding_bottom=\u00a0\u00bb0&Prime; sidebar=\u00a0\u00bbsidebar-1&Prime;][vc_column width=\u00a0\u00bb1\/2&Prime;][mk_padding_divider size=\u00a0\u00bb35&Prime; visibility=\u00a0\u00bbvisible-sm\u00a0\u00bb][mk_padding_divider size=\u00a0\u00bb100&Prime; visibility=\u00a0\u00bbhidden-sm\u00a0\u00bb][mk_fancy_title tag_name=\u00a0\u00bbh1&Prime; color=\u00a0\u00bb#ffffff\u00a0\u00bb size=\u00a0\u00bb36&Prime; font_weight=\u00a0\u00bb500&Prime; margin_bottom=\u00a0\u00bb0&Prime; font_family=\u00a0\u00bbnone\u00a0\u00bb][\/mk_fancy_title][mk_fancy_title tag_name=\u00a0\u00bbspan\u00a0\u00bb color=\u00a0\u00bb#ffffff\u00a0\u00bb size=\u00a0\u00bb30&Prime; font_family=\u00a0\u00bbnone\u00a0\u00bb]Nous offrons un processus de candidature et de jumelage ouvert et transparent qui met des milliers d\u2019\u00e9tudiants en m\u00e9decine et de r\u00e9sidents sur la voie pour exercer la m\u00e9decine au Canada[\/mk_fancy_title][mk_padding_divider [&hellip;]\" \/>\n<meta property=\"og:url\" content=\"https:\/\/carms.wpcdev.ca\/fr\/a-propos-de\/\" \/>\n<meta property=\"og:site_name\" content=\"CaRMS\" \/>\n<meta property=\"article:modified_time\" content=\"2022-08-29T20:05:30+00:00\" \/>\n<meta name=\"twitter:card\" content=\"summary_large_image\" \/>\n<meta name=\"twitter:label1\" content=\"Dur\u00e9e de lecture estim\u00e9e\" \/>\n\t<meta name=\"twitter:data1\" content=\"3 minutes\" \/>\n<script type=\"application\/ld+json\" class=\"yoast-schema-graph\">{\"@context\":\"https:\/\/schema.org\",\"@graph\":[{\"@type\":\"WebPage\",\"@id\":\"https:\/\/carms.wpcdev.ca\/fr\/a-propos-de\/\",\"url\":\"https:\/\/carms.wpcdev.ca\/fr\/a-propos-de\/\",\"name\":\"\u00c0 propos de - CaRMS\",\"isPartOf\":{\"@id\":\"https:\/\/carms.wpcdev.ca\/#website\"},\"datePublished\":\"2018-04-09T15:57:59+00:00\",\"dateModified\":\"2022-08-29T20:05:30+00:00\",\"breadcrumb\":{\"@id\":\"https:\/\/carms.wpcdev.ca\/fr\/a-propos-de\/#breadcrumb\"},\"inLanguage\":\"fr-FR\",\"potentialAction\":[{\"@type\":\"ReadAction\",\"target\":[\"https:\/\/carms.wpcdev.ca\/fr\/a-propos-de\/\"]}]},{\"@type\":\"BreadcrumbList\",\"@id\":\"https:\/\/carms.wpcdev.ca\/fr\/a-propos-de\/#breadcrumb\",\"itemListElement\":[{\"@type\":\"ListItem\",\"position\":1,\"name\":\"Accueil\",\"item\":\"https:\/\/carms.wpcdev.ca\/fr\/\"},{\"@type\":\"ListItem\",\"position\":2,\"name\":\"\u00c0 propos de\"}]},{\"@type\":\"WebSite\",\"@id\":\"https:\/\/carms.wpcdev.ca\/#website\",\"url\":\"https:\/\/carms.wpcdev.ca\/\",\"name\":\"CaRMS\",\"description\":\"\",\"potentialAction\":[{\"@type\":\"SearchAction\",\"target\":{\"@type\":\"EntryPoint\",\"urlTemplate\":\"https:\/\/carms.wpcdev.ca\/?s={search_term_string}\"},\"query-input\":{\"@type\":\"PropertyValueSpecification\",\"valueRequired\":true,\"valueName\":\"search_term_string\"}}],\"inLanguage\":\"fr-FR\"}]}<\/script>\n<!-- \/ Yoast SEO plugin. -->","yoast_head_json":{"title":"\u00c0 propos de - CaRMS","robots":{"index":"noindex","follow":"follow","max-snippet":"max-snippet:-1","max-image-preview":"max-image-preview:large","max-video-preview":"max-video-preview:-1"},"og_locale":"fr_FR","og_type":"article","og_title":"\u00c0 propos de - CaRMS","og_description":"[mk_page_section bg_image=\u00a0\u00bbhttp:\/\/carms.thedev.ca\/wp-content\/uploads\/2018\/04\/about-main-image.jpg\u00a0\u00bb bg_color=\u00a0\u00bb#151515&Prime; bg_position=\u00a0\u00bbcenter top\u00a0\u00bb bg_repeat=\u00a0\u00bbno-repeat\u00a0\u00bb bg_stretch=\u00a0\u00bbtrue\u00a0\u00bb padding_top=\u00a0\u00bb0&Prime; padding_bottom=\u00a0\u00bb0&Prime; sidebar=\u00a0\u00bbsidebar-1&Prime;][vc_column width=\u00a0\u00bb1\/2&Prime;][mk_padding_divider size=\u00a0\u00bb35&Prime; visibility=\u00a0\u00bbvisible-sm\u00a0\u00bb][mk_padding_divider size=\u00a0\u00bb100&Prime; visibility=\u00a0\u00bbhidden-sm\u00a0\u00bb][mk_fancy_title tag_name=\u00a0\u00bbh1&Prime; color=\u00a0\u00bb#ffffff\u00a0\u00bb size=\u00a0\u00bb36&Prime; font_weight=\u00a0\u00bb500&Prime; margin_bottom=\u00a0\u00bb0&Prime; font_family=\u00a0\u00bbnone\u00a0\u00bb][\/mk_fancy_title][mk_fancy_title tag_name=\u00a0\u00bbspan\u00a0\u00bb color=\u00a0\u00bb#ffffff\u00a0\u00bb size=\u00a0\u00bb30&Prime; font_family=\u00a0\u00bbnone\u00a0\u00bb]Nous offrons un processus de candidature et de jumelage ouvert et transparent qui met des milliers d\u2019\u00e9tudiants en m\u00e9decine et de r\u00e9sidents sur la voie pour exercer la m\u00e9decine au Canada[\/mk_fancy_title][mk_padding_divider [&hellip;]","og_url":"https:\/\/carms.wpcdev.ca\/fr\/a-propos-de\/","og_site_name":"CaRMS","article_modified_time":"2022-08-29T20:05:30+00:00","twitter_card":"summary_large_image","twitter_misc":{"Dur\u00e9e de lecture estim\u00e9e":"3 minutes"},"schema":{"@context":"https:\/\/schema.org","@graph":[{"@type":"WebPage","@id":"https:\/\/carms.wpcdev.ca\/fr\/a-propos-de\/","url":"https:\/\/carms.wpcdev.ca\/fr\/a-propos-de\/","name":"\u00c0 propos de - CaRMS","isPartOf":{"@id":"https:\/\/carms.wpcdev.ca\/#website"},"datePublished":"2018-04-09T15:57:59+00:00","dateModified":"2022-08-29T20:05:30+00:00","breadcrumb":{"@id":"https:\/\/carms.wpcdev.ca\/fr\/a-propos-de\/#breadcrumb"},"inLanguage":"fr-FR","potentialAction":[{"@type":"ReadAction","target":["https:\/\/carms.wpcdev.ca\/fr\/a-propos-de\/"]}]},{"@type":"BreadcrumbList","@id":"https:\/\/carms.wpcdev.ca\/fr\/a-propos-de\/#breadcrumb","itemListElement":[{"@type":"ListItem","position":1,"name":"Accueil","item":"https:\/\/carms.wpcdev.ca\/fr\/"},{"@type":"ListItem","position":2,"name":"\u00c0 propos de"}]},{"@type":"WebSite","@id":"https:\/\/carms.wpcdev.ca\/#website","url":"https:\/\/carms.wpcdev.ca\/","name":"CaRMS","description":"","potentialAction":[{"@type":"SearchAction","target":{"@type":"EntryPoint","urlTemplate":"https:\/\/carms.wpcdev.ca\/?s={search_term_string}"},"query-input":{"@type":"PropertyValueSpecification","valueRequired":true,"valueName":"search_term_string"}}],"inLanguage":"fr-FR"}]}},"publishpress_future_workflow_manual_trigger":{"enabledWorkflows":[]},"_links":{"self":[{"href":"https:\/\/carms.wpcdev.ca\/fr\/wp-json\/wp\/v2\/pages\/1055","targetHints":{"allow":["GET"]}}],"collection":[{"href":"https:\/\/carms.wpcdev.ca\/fr\/wp-json\/wp\/v2\/pages"}],"about":[{"href":"https:\/\/carms.wpcdev.ca\/fr\/wp-json\/wp\/v2\/types\/page"}],"author":[{"embeddable":true,"href":"https:\/\/carms.wpcdev.ca\/fr\/wp-json\/wp\/v2\/users\/5"}],"replies":[{"embeddable":true,"href":"https:\/\/carms.wpcdev.ca\/fr\/wp-json\/wp\/v2\/comments?post=1055"}],"version-history":[{"count":5,"href":"https:\/\/carms.wpcdev.ca\/fr\/wp-json\/wp\/v2\/pages\/1055\/revisions"}],"predecessor-version":[{"id":34298,"href":"https:\/\/carms.wpcdev.ca\/fr\/wp-json\/wp\/v2\/pages\/1055\/revisions\/34298"}],"wp:attachment":[{"href":"https:\/\/carms.wpcdev.ca\/fr\/wp-json\/wp\/v2\/media?parent=1055"}],"curies":[{"name":"wp","href":"https:\/\/api.w.org\/{rel}","templated":true}]}}