{"id":1054,"date":"2018-04-09T11:49:20","date_gmt":"2018-04-09T15:49:20","guid":{"rendered":"http:\/\/carms2017.wpengine.com\/?page_id=1054"},"modified":"2023-06-12T14:32:42","modified_gmt":"2023-06-12T18:32:42","slug":"comites","status":"publish","type":"page","link":"https:\/\/carms.wpcdev.ca\/fr\/a-propos-de\/gouvernance-et-comites\/comites\/","title":{"rendered":"Comit\u00e9s"},"content":{"rendered":"<div class=\"wpb-content-wrapper\">[vc_row][vc_column][vc_column_text css=\u00a0\u00bb.vc_custom_1686594586630{margin-bottom: 0px !important;}\u00a0\u00bb]\n<h2 data-renderer-start-pos=\"24\"><strong data-renderer-mark=\"true\">Comit\u00e9s et groupes de travail du conseil d\u2019administration<\/strong><\/h2>\n<p>Le conseil d\u2019administration de CaRMS est compos\u00e9 de cinq\u00a0comit\u00e9s, qui se r\u00e9unissent au moins deux fois par ann\u00e9e et sont constitu\u00e9s de membres et de non-membres du conseil, selon les besoins et les responsabilit\u00e9s de chaque comit\u00e9.<\/p>\n<h3>Comit\u00e9 ex\u00e9cutif<\/h3>\n<p>Entre les r\u00e9unions du conseil d\u2019administration, le comit\u00e9 ex\u00e9cutif exerce l\u2019autorit\u00e9 du conseil pour la gestion de CaRMS.<\/p>\n<h3>Comit\u00e9 de gouvernance<\/h3>\n<p>Le but du comit\u00e9 de gouvernance est d\u2019appuyer le conseil d\u2019administration dans l\u2019exercice de ses responsabilit\u00e9s l\u00e9gales, \u00e9thiques et fonctionnelles par l\u2019entremise de l\u2019\u00e9laboration de politiques de gouvernance; le recrutement, la s\u00e9lection et la nomination des membres au conseil; des programmes d\u2019orientation et de formation pour les membres du conseil, la surveillance des activit\u00e9s du conseil et l\u2019\u00e9valuation de la performance du conseil, des directeurs et des comit\u00e9s.<\/p>\n<h3>Comit\u00e9 des finances et de v\u00e9rification<\/h3>\n<p>Le comit\u00e9 des finances et de v\u00e9rification aide le conseil d\u2019administration \u00e0 accomplir ses responsabilit\u00e9s fiduciaires et de gouvernance d\u2019entreprise par rapport \u00e0 la gestion financi\u00e8re strat\u00e9gique de l\u2019organisme, la planification de budget, les investissements, l\u2019\u00e9valuation de propositions de nouvelles activit\u00e9s et nouveaux services et offre des recommandations concernant l\u2019\u00e9valuation de nouveaux services, le contr\u00f4le interne et externe, la gestion des risques (financiers et autres), protection des actifs, r\u00e9duction des risques de fraudes et les syst\u00e8mes de conformit\u00e9.<\/p>\n<h3>Comit\u00e9 de la recherche et des donn\u00e9es<\/h3>\n<p>Le but du\u00a0comit\u00e9 de la recherche et des donn\u00e9es est de superviser les activit\u00e9s de donn\u00e9es et de recherche de CaRMS en approuvant et en offrant des conseils concernant (1) les politiques de demande et d\u2019analyse des donn\u00e9es, (2) les politiques de partage des donn\u00e9es et (3) un programme de recherche pluriannuel qui aidera \u00e0 d\u00e9finir le d\u00e9veloppement de politiques bas\u00e9es sur les preuves en collaboration avec les clients, les membres, les intervenants et les autres membres de la communaut\u00e9 de l\u2019enseignement m\u00e9dical, en fonction de ce que l\u2019on juge appropri\u00e9.<\/p>\n<h3>Comit\u00e9 des prix<\/h3>\n<p>Le but du comit\u00e9 des prix est de:<\/p>\n<ul>\n<li>Promouvoir le Prix du leadership \u00e9tudiant Sandra Banner (PLESB) aupr\u00e8s des \u00e9tudiants, des r\u00e9sidents et des intervenants\u00a0dans la communaut\u00e9\u00a0de l\u2019enseignement m\u00e9dical.<\/li>\n<li>\u00c9tablir et maintenir les proc\u00e9dures, ainsi que les crit\u00e8res d\u2019admissibilit\u00e9 et de s\u00e9lection pour le PLESB.<\/li>\n<li>Administrer le processus annuel de mise en candidature et de s\u00e9lection du PLESB.<\/li>\n<\/ul>\n<h3 data-renderer-start-pos=\"84\">Groupe de travail d\u2019\u00e9quit\u00e9, de diversit\u00e9 et d\u2019inclusion (\u00c9DI)<\/h3>\n<p data-renderer-start-pos=\"147\">L\u2019objectif du groupe de travail d\u2019\u00e9quit\u00e9, de diversit\u00e9 et d\u2019inclusion du conseil d\u2019administration est de d\u00e9velopper et de mettre en place des politiques, des principes et des processus li\u00e9s \u00e0 l\u2019\u00c9DI qui seront incorpor\u00e9s en permanence dans les activit\u00e9s du conseil d\u2019administration de CaRMS.<\/p>\n[\/vc_column_text][\/vc_column][\/vc_row][vc_row][vc_column][vc_separator][\/vc_column][\/vc_row][vc_row][vc_column][vc_column_text css=\u00a0\u00bb.vc_custom_1686594560279{margin-bottom: 0px !important;}\u00a0\u00bb]\n<div id=\"theme-page\" class=\"master-holder clearfix\">\n<div class=\"mk-main-wrapper-holder\">\n<div id=\"mk-page-id-1050\" class=\"theme-page-wrapper mk-main-wrapper mk-grid full-layout false\">\n<div class=\"theme-content false\">\n<div class=\"wpb_row vc_row vc_row-fluid mk-fullwidth-false attched-false js-master-row mk-grid mk-in-viewport\" data-mk-stretch-content=\"true\">\n<div class=\"vc_col-sm-12 wpb_column column_container _ height-full\">\n<div class=\" vc_custom_1526344887954\">\n<div id=\"text-block-6\" class=\"mk-text-block \">\n<h2><strong>Comit\u00e9s de CaRMS<\/strong><\/h2>\n<h3>Comit\u00e9 d\u2019examen de la candidature<\/h3>\n<p>Le comit\u00e9 d\u2019examen de la candidature CaRMS en ligne pour la formation postdoctorale \u00e0 titre de r\u00e9sident est charg\u00e9 d\u2019examiner la candidature CaRMS en ligne et de faire des recommandations \u00e0 son \u00e9gard. Le comit\u00e9 met l\u2019accent sur le contenu de la candidature, assurant que les renseignements recueillis sont limit\u00e9s aux composantes n\u00e9cessaires pour la facilitation du processus de jumelage. Les membres du comit\u00e9 comprennent une r\u00e9partition d\u2019intervenants, d\u2019utilisateurs du syst\u00e8me et d\u2019experts.<\/p>\n<p>Avez-vous un mot \u00e0 dire au sujet du processus d&rsquo;examen de la candidature? communiquez avec nous \u00e0 l&rsquo;adresse <a href=\"mailto:arc@carms.ca\">arc@carms.ca<\/a> et nous vous mettrons en relation avec un repr\u00e9sentant qui assurera qur vous serez entendu.<\/p>\n<h3 data-renderer-start-pos=\"439\">Comit\u00e9 mixte de la politique de CaRMS concernant les violations du jumelage (comit\u00e9 mixte)<\/h3>\n<p data-renderer-start-pos=\"531\">Le mandat du comit\u00e9 mixte est de d\u00e9velopper la politique de CaRMS concernant les violations du jumelage (PVJ) et de r\u00e9viser annuellement la mise en place de la PVJ.<\/p>\n<\/div>\n<\/div>\n<\/div>\n<\/div>\n<\/div>\n<\/div>\n<\/div>\n<\/div>\n[\/vc_column_text][\/vc_column][\/vc_row][vc_row disable_element=\u00a0\u00bbyes\u00a0\u00bb][vc_column][vc_column_text css=\u00a0\u00bb.vc_custom_1617197400763{margin-bottom: 0px !important;}\u00a0\u00bb]\n<div id=\"theme-page\" class=\"master-holder clearfix\">\n<div class=\"mk-main-wrapper-holder\">\n<div id=\"mk-page-id-1050\" class=\"theme-page-wrapper mk-main-wrapper mk-grid full-layout false\">\n<div class=\"theme-content false\">\n<div class=\"wpb_row vc_row vc_row-fluid mk-fullwidth-false attched-false js-master-row mk-grid mk-in-viewport\" data-mk-stretch-content=\"true\">\n<div class=\"vc_col-sm-12 wpb_column column_container _ height-full\">\n<div class=\" vc_custom_1526344887954\">\n<div id=\"text-block-6\" class=\"mk-text-block \">\n<p><strong data-redactor-tag=\"strong\">Membres du comit\u00e9<br \/>\n<\/strong><\/p>\n<table>\n<tbody>\n<tr>\n<td><strong data-redactor-tag=\"strong\">Poste<\/strong><\/td>\n<td><strong data-redactor-tag=\"strong\">Nom<\/strong><\/td>\n<\/tr>\n<tr>\n<td>Doyen des \u00e9tudes postdoctorales<\/td>\n<td>Dr. Lorne Wiesenfeld (Pr\u00e9sident)<\/td>\n<\/tr>\n<tr>\n<td>Doyenne des \u00e9tudes de premier cycle<\/td>\n<td>Dre. Evelyn Sutton<\/td>\n<\/tr>\n<tr>\n<td>Gestionnaire des \u00e9tudes postdoctorales<\/td>\n<td>Maureen Morris<\/td>\n<\/tr>\n<tr>\n<td>Directeur de programme<\/td>\n<td>Dr. Paul Miron<\/td>\n<\/tr>\n<tr>\n<td>Administrateur de programme<\/td>\n<td>Erin Blazey<\/td>\n<\/tr>\n<tr>\n<td>Repr\u00e9sentante des affaires \u00e9tudiantes<\/td>\n<td>Elizabeth Lefebvre<\/td>\n<\/tr>\n<tr>\n<td>Repr\u00e9sentante des \u00e9tudiants en m\u00e9decine<\/td>\n<td>Rishi Sharma<\/td>\n<\/tr>\n<tr>\n<td>Repr\u00e9sentante des \u00e9tudiants en m\u00e9decine<\/td>\n<td>Maxim Bastarache<\/td>\n<\/tr>\n<tr>\n<td>Repr\u00e9sentant des r\u00e9sidents<\/td>\n<td>Dr. Bernard Ho<\/td>\n<\/tr>\n<tr>\n<td>Repr\u00e9sentant des r\u00e9sidents<\/td>\n<td>Dr. Samuel Bergeron<\/td>\n<\/tr>\n<tr>\n<td>Repr\u00e9sentante l\u00e9gale<\/td>\n<td>Maureen Murphy<\/td>\n<\/tr>\n<tr>\n<td>Repr\u00e9sentante au fait des enjeux pour les DHCEU<\/td>\n<td>Allison Dennis<\/td>\n<\/tr>\n<tr>\n<td>Chef de la direction de CaRMS (membre d&rsquo;office)<\/td>\n<td>John Gallinger<\/td>\n<\/tr>\n<tr>\n<td>Repr\u00e9sentante de CaRMS<\/td>\n<td>Ashley McKiver<\/td>\n<\/tr>\n<tr>\n<td>Repr\u00e9sentante de CaRMS<\/td>\n<td>Yoko Nakagen<\/td>\n<\/tr>\n<tr>\n<td>Repr\u00e9sentante de CaRMS<\/td>\n<td>Thea McCarthy<\/td>\n<\/tr>\n<tr>\n<td>Repr\u00e9sentante de CaRMS<\/td>\n<td>Andrew Barbour<\/td>\n<\/tr>\n<\/tbody>\n<\/table>\n<p>&nbsp;<\/p>\n<\/div>\n<\/div>\n<\/div>\n<\/div>\n<\/div>\n<\/div>\n<\/div>\n<\/div>\n[\/vc_column_text][\/vc_column][\/vc_row]\n<\/div>","protected":false},"excerpt":{"rendered":"<p>[vc_row][vc_column][vc_column_text css=\u00a0\u00bb.vc_custom_1686594586630{margin-bottom: 0px !important;}\u00a0\u00bb] Comit\u00e9s et groupes de travail du conseil d\u2019administration Le conseil d\u2019administration de CaRMS est compos\u00e9 de cinq\u00a0comit\u00e9s, qui se r\u00e9unissent au moins deux fois par ann\u00e9e et sont constitu\u00e9s de membres et de non-membres du conseil, selon les besoins et les responsabilit\u00e9s de chaque comit\u00e9. Comit\u00e9 ex\u00e9cutif Entre les r\u00e9unions du [&hellip;]<\/p>\n","protected":false},"author":5,"featured_media":0,"parent":1052,"menu_order":0,"comment_status":"closed","ping_status":"closed","template":"","meta":{"_acf_changed":false,"footnotes":""},"class_list":["post-1054","page","type-page","status-publish","hentry"],"acf":{"subtitle":"","parent":""},"yoast_head":"<!-- This site is optimized with the Yoast SEO plugin v25.7 - https:\/\/yoast.com\/wordpress\/plugins\/seo\/ -->\n<title>Comit\u00e9s - CaRMS<\/title>\n<meta name=\"robots\" content=\"noindex, follow, max-snippet:-1, max-image-preview:large, max-video-preview:-1\" \/>\n<meta property=\"og:locale\" content=\"fr_FR\" \/>\n<meta property=\"og:type\" content=\"article\" \/>\n<meta property=\"og:title\" content=\"Comit\u00e9s - CaRMS\" \/>\n<meta property=\"og:description\" content=\"[vc_row][vc_column][vc_column_text css=\u00a0\u00bb.vc_custom_1686594586630{margin-bottom: 0px !important;}\u00a0\u00bb] Comit\u00e9s et groupes de travail du conseil d\u2019administration Le conseil d\u2019administration de CaRMS est compos\u00e9 de cinq\u00a0comit\u00e9s, qui se r\u00e9unissent au moins deux fois par ann\u00e9e et sont constitu\u00e9s de membres et de non-membres du conseil, selon les besoins et les responsabilit\u00e9s de chaque comit\u00e9. Comit\u00e9 ex\u00e9cutif Entre les r\u00e9unions du [&hellip;]\" \/>\n<meta property=\"og:url\" content=\"https:\/\/carms.wpcdev.ca\/fr\/a-propos-de\/gouvernance-et-comites\/comites\/\" \/>\n<meta property=\"og:site_name\" content=\"CaRMS\" \/>\n<meta property=\"article:modified_time\" content=\"2023-06-12T18:32:42+00:00\" \/>\n<meta name=\"twitter:card\" content=\"summary_large_image\" \/>\n<meta name=\"twitter:label1\" content=\"Dur\u00e9e de lecture estim\u00e9e\" \/>\n\t<meta name=\"twitter:data1\" content=\"4 minutes\" \/>\n<script type=\"application\/ld+json\" class=\"yoast-schema-graph\">{\"@context\":\"https:\/\/schema.org\",\"@graph\":[{\"@type\":\"WebPage\",\"@id\":\"https:\/\/carms.wpcdev.ca\/fr\/a-propos-de\/gouvernance-et-comites\/comites\/\",\"url\":\"https:\/\/carms.wpcdev.ca\/fr\/a-propos-de\/gouvernance-et-comites\/comites\/\",\"name\":\"Comit\u00e9s - CaRMS\",\"isPartOf\":{\"@id\":\"https:\/\/carms.wpcdev.ca\/#website\"},\"datePublished\":\"2018-04-09T15:49:20+00:00\",\"dateModified\":\"2023-06-12T18:32:42+00:00\",\"breadcrumb\":{\"@id\":\"https:\/\/carms.wpcdev.ca\/fr\/a-propos-de\/gouvernance-et-comites\/comites\/#breadcrumb\"},\"inLanguage\":\"fr-FR\",\"potentialAction\":[{\"@type\":\"ReadAction\",\"target\":[\"https:\/\/carms.wpcdev.ca\/fr\/a-propos-de\/gouvernance-et-comites\/comites\/\"]}]},{\"@type\":\"BreadcrumbList\",\"@id\":\"https:\/\/carms.wpcdev.ca\/fr\/a-propos-de\/gouvernance-et-comites\/comites\/#breadcrumb\",\"itemListElement\":[{\"@type\":\"ListItem\",\"position\":1,\"name\":\"Accueil\",\"item\":\"https:\/\/carms.wpcdev.ca\/fr\/\"},{\"@type\":\"ListItem\",\"position\":2,\"name\":\"\u00c0 propos de\",\"item\":\"https:\/\/carms.wpcdev.ca\/fr\/a-propos-de\/\"},{\"@type\":\"ListItem\",\"position\":3,\"name\":\"Gouvernance et comit\u00e9s\",\"item\":\"https:\/\/carms.wpcdev.ca\/fr\/a-propos-de\/gouvernance-et-comites\/\"},{\"@type\":\"ListItem\",\"position\":4,\"name\":\"Comit\u00e9s\"}]},{\"@type\":\"WebSite\",\"@id\":\"https:\/\/carms.wpcdev.ca\/#website\",\"url\":\"https:\/\/carms.wpcdev.ca\/\",\"name\":\"CaRMS\",\"description\":\"\",\"potentialAction\":[{\"@type\":\"SearchAction\",\"target\":{\"@type\":\"EntryPoint\",\"urlTemplate\":\"https:\/\/carms.wpcdev.ca\/?s={search_term_string}\"},\"query-input\":{\"@type\":\"PropertyValueSpecification\",\"valueRequired\":true,\"valueName\":\"search_term_string\"}}],\"inLanguage\":\"fr-FR\"}]}<\/script>\n<!-- \/ Yoast SEO plugin. -->","yoast_head_json":{"title":"Comit\u00e9s - CaRMS","robots":{"index":"noindex","follow":"follow","max-snippet":"max-snippet:-1","max-image-preview":"max-image-preview:large","max-video-preview":"max-video-preview:-1"},"og_locale":"fr_FR","og_type":"article","og_title":"Comit\u00e9s - CaRMS","og_description":"[vc_row][vc_column][vc_column_text css=\u00a0\u00bb.vc_custom_1686594586630{margin-bottom: 0px !important;}\u00a0\u00bb] Comit\u00e9s et groupes de travail du conseil d\u2019administration Le conseil d\u2019administration de CaRMS est compos\u00e9 de cinq\u00a0comit\u00e9s, qui se r\u00e9unissent au moins deux fois par ann\u00e9e et sont constitu\u00e9s de membres et de non-membres du conseil, selon les besoins et les responsabilit\u00e9s de chaque comit\u00e9. Comit\u00e9 ex\u00e9cutif Entre les r\u00e9unions du [&hellip;]","og_url":"https:\/\/carms.wpcdev.ca\/fr\/a-propos-de\/gouvernance-et-comites\/comites\/","og_site_name":"CaRMS","article_modified_time":"2023-06-12T18:32:42+00:00","twitter_card":"summary_large_image","twitter_misc":{"Dur\u00e9e de lecture estim\u00e9e":"4 minutes"},"schema":{"@context":"https:\/\/schema.org","@graph":[{"@type":"WebPage","@id":"https:\/\/carms.wpcdev.ca\/fr\/a-propos-de\/gouvernance-et-comites\/comites\/","url":"https:\/\/carms.wpcdev.ca\/fr\/a-propos-de\/gouvernance-et-comites\/comites\/","name":"Comit\u00e9s - CaRMS","isPartOf":{"@id":"https:\/\/carms.wpcdev.ca\/#website"},"datePublished":"2018-04-09T15:49:20+00:00","dateModified":"2023-06-12T18:32:42+00:00","breadcrumb":{"@id":"https:\/\/carms.wpcdev.ca\/fr\/a-propos-de\/gouvernance-et-comites\/comites\/#breadcrumb"},"inLanguage":"fr-FR","potentialAction":[{"@type":"ReadAction","target":["https:\/\/carms.wpcdev.ca\/fr\/a-propos-de\/gouvernance-et-comites\/comites\/"]}]},{"@type":"BreadcrumbList","@id":"https:\/\/carms.wpcdev.ca\/fr\/a-propos-de\/gouvernance-et-comites\/comites\/#breadcrumb","itemListElement":[{"@type":"ListItem","position":1,"name":"Accueil","item":"https:\/\/carms.wpcdev.ca\/fr\/"},{"@type":"ListItem","position":2,"name":"\u00c0 propos de","item":"https:\/\/carms.wpcdev.ca\/fr\/a-propos-de\/"},{"@type":"ListItem","position":3,"name":"Gouvernance et comit\u00e9s","item":"https:\/\/carms.wpcdev.ca\/fr\/a-propos-de\/gouvernance-et-comites\/"},{"@type":"ListItem","position":4,"name":"Comit\u00e9s"}]},{"@type":"WebSite","@id":"https:\/\/carms.wpcdev.ca\/#website","url":"https:\/\/carms.wpcdev.ca\/","name":"CaRMS","description":"","potentialAction":[{"@type":"SearchAction","target":{"@type":"EntryPoint","urlTemplate":"https:\/\/carms.wpcdev.ca\/?s={search_term_string}"},"query-input":{"@type":"PropertyValueSpecification","valueRequired":true,"valueName":"search_term_string"}}],"inLanguage":"fr-FR"}]}},"publishpress_future_workflow_manual_trigger":{"enabledWorkflows":[]},"_links":{"self":[{"href":"https:\/\/carms.wpcdev.ca\/fr\/wp-json\/wp\/v2\/pages\/1054","targetHints":{"allow":["GET"]}}],"collection":[{"href":"https:\/\/carms.wpcdev.ca\/fr\/wp-json\/wp\/v2\/pages"}],"about":[{"href":"https:\/\/carms.wpcdev.ca\/fr\/wp-json\/wp\/v2\/types\/page"}],"author":[{"embeddable":true,"href":"https:\/\/carms.wpcdev.ca\/fr\/wp-json\/wp\/v2\/users\/5"}],"replies":[{"embeddable":true,"href":"https:\/\/carms.wpcdev.ca\/fr\/wp-json\/wp\/v2\/comments?post=1054"}],"version-history":[{"count":7,"href":"https:\/\/carms.wpcdev.ca\/fr\/wp-json\/wp\/v2\/pages\/1054\/revisions"}],"predecessor-version":[{"id":37799,"href":"https:\/\/carms.wpcdev.ca\/fr\/wp-json\/wp\/v2\/pages\/1054\/revisions\/37799"}],"up":[{"embeddable":true,"href":"https:\/\/carms.wpcdev.ca\/fr\/wp-json\/wp\/v2\/pages\/1052"}],"wp:attachment":[{"href":"https:\/\/carms.wpcdev.ca\/fr\/wp-json\/wp\/v2\/media?parent=1054"}],"curies":[{"name":"wp","href":"https:\/\/api.w.org\/{rel}","templated":true}]}}