{"id":1053,"date":"2018-04-09T11:50:22","date_gmt":"2018-04-09T15:50:22","guid":{"rendered":"http:\/\/carms2017.wpengine.com\/?page_id=1053"},"modified":"2025-01-14T13:49:12","modified_gmt":"2025-01-14T18:49:12","slug":"gouvernance","status":"publish","type":"page","link":"https:\/\/carms.wpcdev.ca\/fr\/a-propos-de\/gouvernance-et-comites\/gouvernance\/","title":{"rendered":"Gouvernance"},"content":{"rendered":"<div class=\"wpb-content-wrapper\">[vc_row][vc_column][vc_column_text css=\u00a0\u00bb.vc_custom_1676410050759{margin-bottom: 0px !important;}\u00a0\u00bb]\n<div class=\"main clearfix\">\n<section id=\"maincontentTarget\" class=\"main-content-full clearfix\" role=\"main\">\n<div class=\"the-content clearfix\">\n<p>CaRMS est r\u00e9gi par un conseil d\u2019administration b\u00e9n\u00e9vole compos\u00e9 de membres \u00e9lus ou nomm\u00e9s. Les organisations membres de CaRMS recommandent la candidature de directeurs, et le Comit\u00e9 de gouvernance de CaRMS pr\u00e9pare la liste des candidats pour les postes vacants du conseil d\u2019administration, qui est pr\u00e9sent\u00e9e au conseil aux fins d\u2019approbation et sera ensuite ratifi\u00e9e \u00e0 l\u2019assembl\u00e9e annuelle des membres. Une fois \u00e9lus ou nomm\u00e9s au conseil, les directeurs v\u00e9hiculent les perspectives uniques de leurs organisations membres et agissent en qualit\u00e9 de fiduciaires au nom de CaRMS dans leurs d\u00e9lib\u00e9rations et leurs d\u00e9cisions.<\/p>\n<h2>Organisations membres<\/h2>\n<p><a href=\"https:\/\/afmc.ca\/\">Association des facult\u00e9s de m\u00e9decine du Canada (AFMC)<br \/>\n<\/a><a href=\"https:\/\/www.cma.ca\/fr\/Pages\/cma_default.aspx\">Association m\u00e9dicale canadienne (AMC)<br \/>\n<\/a><a href=\"http:\/\/www.cfpc.ca\/Accueil\/\">Coll\u00e8ge des m\u00e9decins de famille du Canada (CMFC)<br \/>\n<\/a><a href=\"http:\/\/www.royalcollege.ca\/rcsite\/home-f\">Coll\u00e8ge royal des m\u00e9decins et chirurgiens du Canada (Coll\u00e8ge royal)<br \/>\n<\/a><a href=\"http:\/\/www.cfms.org\/fr\/\">F\u00e9d\u00e9ration des \u00e9tudiants et des \u00e9tudiantes en m\u00e9decine du Canada (FEMC)<br \/>\n<\/a><a href=\"http:\/\/www.fmrq.qc.ca\/\">F\u00e9d\u00e9ration des m\u00e9decins r\u00e9sidents du Qu\u00e9bec (FMRQ)<br \/>\n<\/a><a href=\"http:\/\/fmrac.ca\/\">F\u00e9d\u00e9ration des ordres des m\u00e9decins du Canada (FOMC)<br \/>\n<\/a><a href=\"http:\/\/www.fmeq.ca\/\">F\u00e9d\u00e9ration m\u00e9dicale \u00e9tudiante du Qu\u00e9bec (FMEQ)<br \/>\n<\/a><a href=\"http:\/\/residentdoctors.ca\/fr\/\">M\u00e9decins r\u00e9sidents du Canada (MRC)<br \/>\n<\/a><a href=\"http:\/\/www.healthcarecan.ca\/fr\/\">SoinsSant\u00e9CAN<\/a><\/p>\n<h2>Conseil d\u2019administration<\/h2>\n<p><em>Apprenez-en davantage sur les membres du conseil d&rsquo;administration de CaRMS en cliquant sur leur nom<\/em><\/p>\n<table width=\"100%\">\n<tbody>\n<tr>\n<td width=\"50%\"><strong><a href=\"\/fr\/a-propos-de\/gouvernance-et-comites\/gouvernance\/docteure-monique-williams\/\">Docteure Monique Williams<\/a><br \/>\n<\/strong><em>Directrice<\/em><br \/>\nR\u00e9sidente en m\u00e9decine<br \/>\nM\u00e9decine familiale<br \/>\n<em>University of Alberta<\/em><br \/>\n<em>Organisme parrain : FEMC<\/em><\/td>\n<td width=\"50%\"><a href=\"\/fr\/a-propos-de\/gouvernance-et-comites\/gouvernance\/docteur-douglas-a-gus-grant\/\"><strong>Docteur Douglas A. (Gus) Grant<\/strong><\/a><br \/>\n<em data-renderer-mark=\"true\">Vice-pr\u00e9sident<\/em><br \/>\nRegistraire et chef de la direction<br \/>\nColl\u00e8ge des m\u00e9decins et chirurgiens de la Nouvelle-\u00c9cosse<br \/>\n<em data-renderer-mark=\"true\">Organisme parrain\u00a0: FOMC<\/em><\/td>\n<\/tr>\n<tr>\n<td width=\"50%\"><strong><a href=\"\/fr\/a-propos-de\/gouvernance-et-comites\/gouvernance\/docteure-sarah-kinzie\/\">Docteure Sarah Kinzie<\/a><br \/>\n<\/strong><em>Tr\u00e9sori\u00e8re<br \/>\n<\/em><em>Pr\u00e9sidente associ\u00e9e, \u00e9ducation, d\u00e9partement de m\u00e9decine familiale<br \/>\nMcMaster University<br \/>\nOrganisme parrain\u00a0: CMFC<\/em><\/td>\n<td width=\"50%\"><strong><a href=\"\/fr\/team\/john-gallinger\/\"><strong>Monsieur John Gallinger<\/strong><\/a><br \/>\n<\/strong><em>Chef de la direction (membre d\u2019office du conseil d\u2019administration)<br \/>\n<\/em>Service canadien de jumelage des r\u00e9sidents<\/td>\n<\/tr>\n<tr>\n<td width=\"50%\"><strong><a href=\"\/fr\/a-propos-de\/gouvernance-et-comites\/gouvernance\/madame-mariya-andreeva\/\"><strong>Madame Mariya Andreeva<\/strong><\/a><br \/>\n<\/strong><em>Directrice<br \/>\n<\/em>\u00c9tudiante en m\u00e9decine<br \/>\nUniversit\u00e9 de Sherbrooke<em><br \/>\nOrganisme parrain\u00a0: FMEQ<\/em><\/td>\n<td width=\"50%\"><a href=\"\/fr\/a-propos-de\/gouvernance-et-comites\/gouvernance\/docteur-glen-bandiera\/\"><strong>Docteur Glen Bandiera<\/strong><\/a><br \/>\n<em>Directeur<br \/>\n<\/em>Directeur g\u00e9n\u00e9ral, \u00e9ducation sp\u00e9cialis\u00e9e, Coll\u00e8ge royal des m\u00e9decins et chirurgiens du Canada<br \/>\nProfesseur en m\u00e9decine, <em>Temerty Faculty of Medicine, University of Toronto<br \/>\n<\/em><em style=\"font-family: inherit; font-size: inherit;\">Organisme parrain: Coll\u00e8ge royal<\/em><\/td>\n<\/tr>\n<tr>\n<td width=\"50%\"><a href=\"https:\/\/www.carms.ca\/fr\/a-propos-de\/gouvernance-et-comites\/gouvernance\/monsieur-mostafa-bondok\/\"><strong>Monsieur Mostafa Bondok<\/strong><\/a><br \/>\n<em>Directeur<\/em><br \/>\n\u00c9tudiant en m\u00e9decine<br \/>\n<em>University of British Columbia<br \/>\nOrganisme parrain: FEMC<\/em><\/td>\n<td width=\"50%\"><a href=\"\/fr\/a-propos-de\/gouvernance-et-comites\/gouvernance\/madame-sierra-cheng\/\"><strong>Madame Sierra Cheng<\/strong><\/a><br \/>\n<em>Directrice<br \/>\n<\/em>\u00c9tudiante en m\u00e9decine<br \/>\nUniversity of Toronto<br \/>\n<em>Organisme parrain: FEMC<\/em><\/td>\n<\/tr>\n<tr>\n<td width=\"50%\"><strong><a href=\"\/fr\/a-propos-de\/gouvernance-et-comites\/gouvernance\/docteure-cheryl-holmes\/\">Docteure Cheryl Holmes<\/a><br \/>\n<\/strong><em>Directrice<\/em><br \/>\n<em>Doyenne associ\u00e9e, \u00e9tudes m\u00e9dicales de premier cycle<br \/>\nUniversity of British Columbia<br \/>\nOrganisme parrain\u00a0: AFMC<\/em><\/td>\n<td width=\"50%\"><a href=\"\/fr\/a-propos-de\/gouvernance-et-comites\/gouvernance\/docteur-heithem-joober\/\"><strong>Docteur Heithem Joober<\/strong><\/a><br \/>\n<em>Directeur<\/em><br \/>\n\u00c9tudiant en m\u00e9decine, Psychiatrie g\u00e9riatrique<br \/>\nUniversit\u00e9 McGill<br \/>\n<em>Organisme parrain\u00a0: FMRQ<\/em><\/td>\n<\/tr>\n<tr>\n<td width=\"50%\"><a href=\"\/fr\/a-propos-de\/gouvernance-et-comites\/gouvernance\/docteure-chetana-kulkarni\/\"><strong>Dr. Chetana Kulkarni<\/strong><\/a><br \/>\n<em>Directrice<\/em><br \/>\nDirectrice, Affaires des apprenants de premier cycle, bureau des affaires des apprenants, facult\u00e9 de m\u00e9decine Temerty,<br \/>\nUniversity of Toronto<br \/>\n<em>Organisme parrain : AFMC<\/em><\/td>\n<td width=\"50%\"><a href=\"\/fr\/a-propos-de\/gouvernance-et-comites\/gouvernance\/docteur-jatin-morkar\/\"><strong>Docteur Jatin Morkar<\/strong><\/a><br \/>\n<em>Directeur<br \/>\n<\/em>Professeur agr\u00e9g\u00e9, facult\u00e9 de m\u00e9decine, <em>Memorial University<br \/>\nOrganisme parrain\u00a0: SoinsSant\u00e9CAN<\/em><\/td>\n<\/tr>\n<tr>\n<td width=\"50%\"><a href=\"\/fr\/a-propos-de\/gouvernance-et-comites\/gouvernance\/madame-rahnuma-sara\/\" target=\"_blank\" rel=\"noopener\"><strong>Madame Rahnuma Sara<\/strong><\/a><br \/>\nDirectrice<br \/>\n\u00c9tudiant en m\u00e9decine<br \/>\n<em>University of British Columbia<\/em><br \/>\n<em>Organisme parrain: FEMC<\/em><\/td>\n<td width=\"50%\"><a href=\"\/fr\/a-propos-de\/gouvernance-et-comites\/gouvernance\/doctreur-paul-slodovnick\/\"><strong>Dr. Paul Slodovnick<\/strong><\/a><br \/>\n<em>Directeur<\/em><br \/>\nR\u00e9sident en m\u00e9decine, psychiatrie<br \/>\nUniversity of Toronto<br \/>\n<em>Organisme parrain : MRC<\/em><\/td>\n<\/tr>\n<tr>\n<td width=\"50%\"><a href=\"\/fr\/a-propos-de\/gouvernance-et-comites\/gouvernance\/docteur-carl-white-ulysse\/\"><strong>Docteur Carl White Ulysse<\/strong><\/a><br \/>\n<em style=\"font-family: inherit; font-size: inherit;\">Directeur<br \/>\n<\/em>Anesth\u00e9siologiste<br \/>\nH\u00f4pital <em style=\"font-family: inherit; font-size: inherit;\">Sick Kids <\/em><span style=\"font-family: inherit; font-size: inherit;\">de Toronto<\/span><\/td>\n<td width=\"50%\"><strong><a href=\"\/fr\/a-propos-de\/gouvernance-et-comites\/gouvernance\/docteur-cliff-yaffe\/\">Docteur Cliff Yaffe<\/a><br \/>\n<\/strong><em>Directeur<\/em><strong><br \/>\n<\/strong>Membre du personnel<br \/>\nH\u00f4pital St. Boniface\u2009; Centre des sciences de la sant\u00e9<br \/>\n<em>Organisme parrain : AFMC<\/em><\/td>\n<\/tr>\n<\/tbody>\n<\/table>\n<\/div>\n<\/section>\n<\/div>\n<\/div>","protected":false},"excerpt":{"rendered":"<p>[vc_row][vc_column][vc_column_text css=\u00a0\u00bb.vc_custom_1676410050759{margin-bottom: 0px !important;}\u00a0\u00bb] CaRMS est r\u00e9gi par un conseil d\u2019administration b\u00e9n\u00e9vole compos\u00e9 de membres \u00e9lus ou nomm\u00e9s. Les organisations membres de CaRMS recommandent la candidature de directeurs, et le Comit\u00e9 de gouvernance de CaRMS pr\u00e9pare la liste des candidats pour les postes vacants du conseil d\u2019administration, qui est pr\u00e9sent\u00e9e au conseil aux fins d\u2019approbation [&hellip;]<\/p>\n","protected":false},"author":5,"featured_media":0,"parent":1052,"menu_order":0,"comment_status":"closed","ping_status":"closed","template":"","meta":{"_acf_changed":false,"footnotes":""},"class_list":["post-1053","page","type-page","status-publish","hentry"],"acf":{"subtitle":"<p>CaRMS est r\u00e9gi par un conseil d\u2019administration b\u00e9n\u00e9vole compos\u00e9 de membres \u00e9lus ou nomm\u00e9s.<\/p>\n","parent":""},"yoast_head":"<!-- This site is optimized with the Yoast SEO plugin v25.7 - https:\/\/yoast.com\/wordpress\/plugins\/seo\/ -->\n<title>Gouvernance - CaRMS<\/title>\n<meta name=\"robots\" content=\"noindex, follow, max-snippet:-1, max-image-preview:large, max-video-preview:-1\" \/>\n<meta property=\"og:locale\" content=\"fr_FR\" \/>\n<meta property=\"og:type\" content=\"article\" \/>\n<meta property=\"og:title\" content=\"Gouvernance - CaRMS\" \/>\n<meta property=\"og:description\" content=\"[vc_row][vc_column][vc_column_text css=\u00a0\u00bb.vc_custom_1676410050759{margin-bottom: 0px !important;}\u00a0\u00bb] CaRMS est r\u00e9gi par un conseil d\u2019administration b\u00e9n\u00e9vole compos\u00e9 de membres \u00e9lus ou nomm\u00e9s. Les organisations membres de CaRMS recommandent la candidature de directeurs, et le Comit\u00e9 de gouvernance de CaRMS pr\u00e9pare la liste des candidats pour les postes vacants du conseil d\u2019administration, qui est pr\u00e9sent\u00e9e au conseil aux fins d\u2019approbation [&hellip;]\" \/>\n<meta property=\"og:url\" content=\"https:\/\/carms.wpcdev.ca\/fr\/a-propos-de\/gouvernance-et-comites\/gouvernance\/\" \/>\n<meta property=\"og:site_name\" content=\"CaRMS\" \/>\n<meta property=\"article:modified_time\" content=\"2025-01-14T18:49:12+00:00\" \/>\n<meta name=\"twitter:card\" content=\"summary_large_image\" \/>\n<meta name=\"twitter:label1\" content=\"Dur\u00e9e de lecture estim\u00e9e\" \/>\n\t<meta name=\"twitter:data1\" content=\"2 minutes\" \/>\n<script type=\"application\/ld+json\" class=\"yoast-schema-graph\">{\"@context\":\"https:\/\/schema.org\",\"@graph\":[{\"@type\":\"WebPage\",\"@id\":\"https:\/\/carms.wpcdev.ca\/fr\/a-propos-de\/gouvernance-et-comites\/gouvernance\/\",\"url\":\"https:\/\/carms.wpcdev.ca\/fr\/a-propos-de\/gouvernance-et-comites\/gouvernance\/\",\"name\":\"Gouvernance - CaRMS\",\"isPartOf\":{\"@id\":\"https:\/\/carms.wpcdev.ca\/#website\"},\"datePublished\":\"2018-04-09T15:50:22+00:00\",\"dateModified\":\"2025-01-14T18:49:12+00:00\",\"breadcrumb\":{\"@id\":\"https:\/\/carms.wpcdev.ca\/fr\/a-propos-de\/gouvernance-et-comites\/gouvernance\/#breadcrumb\"},\"inLanguage\":\"fr-FR\",\"potentialAction\":[{\"@type\":\"ReadAction\",\"target\":[\"https:\/\/carms.wpcdev.ca\/fr\/a-propos-de\/gouvernance-et-comites\/gouvernance\/\"]}]},{\"@type\":\"BreadcrumbList\",\"@id\":\"https:\/\/carms.wpcdev.ca\/fr\/a-propos-de\/gouvernance-et-comites\/gouvernance\/#breadcrumb\",\"itemListElement\":[{\"@type\":\"ListItem\",\"position\":1,\"name\":\"Accueil\",\"item\":\"https:\/\/carms.wpcdev.ca\/fr\/\"},{\"@type\":\"ListItem\",\"position\":2,\"name\":\"\u00c0 propos de\",\"item\":\"https:\/\/carms.wpcdev.ca\/fr\/a-propos-de\/\"},{\"@type\":\"ListItem\",\"position\":3,\"name\":\"Gouvernance et comit\u00e9s\",\"item\":\"https:\/\/carms.wpcdev.ca\/fr\/a-propos-de\/gouvernance-et-comites\/\"},{\"@type\":\"ListItem\",\"position\":4,\"name\":\"Gouvernance\"}]},{\"@type\":\"WebSite\",\"@id\":\"https:\/\/carms.wpcdev.ca\/#website\",\"url\":\"https:\/\/carms.wpcdev.ca\/\",\"name\":\"CaRMS\",\"description\":\"\",\"potentialAction\":[{\"@type\":\"SearchAction\",\"target\":{\"@type\":\"EntryPoint\",\"urlTemplate\":\"https:\/\/carms.wpcdev.ca\/?s={search_term_string}\"},\"query-input\":{\"@type\":\"PropertyValueSpecification\",\"valueRequired\":true,\"valueName\":\"search_term_string\"}}],\"inLanguage\":\"fr-FR\"}]}<\/script>\n<!-- \/ Yoast SEO plugin. -->","yoast_head_json":{"title":"Gouvernance - CaRMS","robots":{"index":"noindex","follow":"follow","max-snippet":"max-snippet:-1","max-image-preview":"max-image-preview:large","max-video-preview":"max-video-preview:-1"},"og_locale":"fr_FR","og_type":"article","og_title":"Gouvernance - CaRMS","og_description":"[vc_row][vc_column][vc_column_text css=\u00a0\u00bb.vc_custom_1676410050759{margin-bottom: 0px !important;}\u00a0\u00bb] CaRMS est r\u00e9gi par un conseil d\u2019administration b\u00e9n\u00e9vole compos\u00e9 de membres \u00e9lus ou nomm\u00e9s. Les organisations membres de CaRMS recommandent la candidature de directeurs, et le Comit\u00e9 de gouvernance de CaRMS pr\u00e9pare la liste des candidats pour les postes vacants du conseil d\u2019administration, qui est pr\u00e9sent\u00e9e au conseil aux fins d\u2019approbation [&hellip;]","og_url":"https:\/\/carms.wpcdev.ca\/fr\/a-propos-de\/gouvernance-et-comites\/gouvernance\/","og_site_name":"CaRMS","article_modified_time":"2025-01-14T18:49:12+00:00","twitter_card":"summary_large_image","twitter_misc":{"Dur\u00e9e de lecture estim\u00e9e":"2 minutes"},"schema":{"@context":"https:\/\/schema.org","@graph":[{"@type":"WebPage","@id":"https:\/\/carms.wpcdev.ca\/fr\/a-propos-de\/gouvernance-et-comites\/gouvernance\/","url":"https:\/\/carms.wpcdev.ca\/fr\/a-propos-de\/gouvernance-et-comites\/gouvernance\/","name":"Gouvernance - CaRMS","isPartOf":{"@id":"https:\/\/carms.wpcdev.ca\/#website"},"datePublished":"2018-04-09T15:50:22+00:00","dateModified":"2025-01-14T18:49:12+00:00","breadcrumb":{"@id":"https:\/\/carms.wpcdev.ca\/fr\/a-propos-de\/gouvernance-et-comites\/gouvernance\/#breadcrumb"},"inLanguage":"fr-FR","potentialAction":[{"@type":"ReadAction","target":["https:\/\/carms.wpcdev.ca\/fr\/a-propos-de\/gouvernance-et-comites\/gouvernance\/"]}]},{"@type":"BreadcrumbList","@id":"https:\/\/carms.wpcdev.ca\/fr\/a-propos-de\/gouvernance-et-comites\/gouvernance\/#breadcrumb","itemListElement":[{"@type":"ListItem","position":1,"name":"Accueil","item":"https:\/\/carms.wpcdev.ca\/fr\/"},{"@type":"ListItem","position":2,"name":"\u00c0 propos de","item":"https:\/\/carms.wpcdev.ca\/fr\/a-propos-de\/"},{"@type":"ListItem","position":3,"name":"Gouvernance et comit\u00e9s","item":"https:\/\/carms.wpcdev.ca\/fr\/a-propos-de\/gouvernance-et-comites\/"},{"@type":"ListItem","position":4,"name":"Gouvernance"}]},{"@type":"WebSite","@id":"https:\/\/carms.wpcdev.ca\/#website","url":"https:\/\/carms.wpcdev.ca\/","name":"CaRMS","description":"","potentialAction":[{"@type":"SearchAction","target":{"@type":"EntryPoint","urlTemplate":"https:\/\/carms.wpcdev.ca\/?s={search_term_string}"},"query-input":{"@type":"PropertyValueSpecification","valueRequired":true,"valueName":"search_term_string"}}],"inLanguage":"fr-FR"}]}},"publishpress_future_workflow_manual_trigger":{"enabledWorkflows":[]},"_links":{"self":[{"href":"https:\/\/carms.wpcdev.ca\/fr\/wp-json\/wp\/v2\/pages\/1053","targetHints":{"allow":["GET"]}}],"collection":[{"href":"https:\/\/carms.wpcdev.ca\/fr\/wp-json\/wp\/v2\/pages"}],"about":[{"href":"https:\/\/carms.wpcdev.ca\/fr\/wp-json\/wp\/v2\/types\/page"}],"author":[{"embeddable":true,"href":"https:\/\/carms.wpcdev.ca\/fr\/wp-json\/wp\/v2\/users\/5"}],"replies":[{"embeddable":true,"href":"https:\/\/carms.wpcdev.ca\/fr\/wp-json\/wp\/v2\/comments?post=1053"}],"version-history":[{"count":86,"href":"https:\/\/carms.wpcdev.ca\/fr\/wp-json\/wp\/v2\/pages\/1053\/revisions"}],"predecessor-version":[{"id":45183,"href":"https:\/\/carms.wpcdev.ca\/fr\/wp-json\/wp\/v2\/pages\/1053\/revisions\/45183"}],"up":[{"embeddable":true,"href":"https:\/\/carms.wpcdev.ca\/fr\/wp-json\/wp\/v2\/pages\/1052"}],"wp:attachment":[{"href":"https:\/\/carms.wpcdev.ca\/fr\/wp-json\/wp\/v2\/media?parent=1053"}],"curies":[{"name":"wp","href":"https:\/\/api.w.org\/{rel}","templated":true}]}}