{"id":1052,"date":"2018-04-09T11:55:49","date_gmt":"2018-04-09T15:55:49","guid":{"rendered":"http:\/\/carms2017.wpengine.com\/?page_id=1052"},"modified":"2018-05-17T10:06:10","modified_gmt":"2018-05-17T14:06:10","slug":"gouvernance-et-comites","status":"publish","type":"page","link":"https:\/\/carms.wpcdev.ca\/fr\/a-propos-de\/gouvernance-et-comites\/","title":{"rendered":"Gouvernance et comit\u00e9s"},"content":{"rendered":"<div class=\"wpb-content-wrapper\">[vc_row css=\u00a0\u00bb.vc_custom_1522098135765{padding-top: 100px !important;}\u00a0\u00bb][vc_column width=\u00a0\u00bb1\/3&Prime;][vc_single_image image=\u00a0\u00bb804&Prime; alignment=\u00a0\u00bbcenter\u00a0\u00bb onclick=\u00a0\u00bbcustom_link\u00a0\u00bb link=\u00a0\u00bb#\u00a0\u00bb][vc_column_text css=\u00a0\u00bb.vc_custom_1526563324912{margin-bottom: 0px !important;}\u00a0\u00bb]\n<h2 style=\"text-align: center;\">Rapports annuels<\/h2>\n<p style=\"text-align: center;\">Lisez les faits saillants de nos initiatives majeures pendant l&rsquo;ann\u00e9e.<\/p>\n<p style=\"text-align: center;\"><a href=\"\/fr\/a-propos-de\/gouvernance-et-comites\/rapports-annuel\/\">En lire davantage<\/a><\/p>\n[\/vc_column_text][\/vc_column][vc_column width=\u00a0\u00bb1\/3&Prime;][vc_single_image image=\u00a0\u00bb806&Prime; alignment=\u00a0\u00bbcenter\u00a0\u00bb][vc_column_text css=\u00a0\u00bb.vc_custom_1526563464101{margin-bottom: 0px !important;}\u00a0\u00bb]\n<h2 style=\"text-align: center;\">Gouvernance<\/h2>\n<p style=\"text-align: center;\">Apprenez-en plus au sujet de la gouvernance de CaRMS.<\/p>\n<p style=\"text-align: center;\"><a href=\"\/fr\/a-propos-de\/gouvernance-et-comites\/gouvernance\/\">En lire davantage<\/a><\/p>\n[\/vc_column_text][\/vc_column][vc_column width=\u00a0\u00bb1\/3&Prime;][vc_single_image image=\u00a0\u00bb805&Prime; alignment=\u00a0\u00bbcenter\u00a0\u00bb][vc_column_text css=\u00a0\u00bb.vc_custom_1526565962817{margin-bottom: 0px !important;}\u00a0\u00bb]\n<h2 style=\"text-align: center;\">Comit\u00e9s<\/h2>\n<p style=\"text-align: center;\">Apprenez-en plus au sujet des comit\u00e9s et des activit\u00e9s de CaRMS.<\/p>\n<p style=\"text-align: center;\"><a href=\"\/fr\/a-propos-de\/gouvernance-et-comites\/comites\/\"><span id=\"sample-permalink\">En lire davantage<\/span><\/a><\/p>\n[\/vc_column_text][\/vc_column][\/vc_row][vc_row fullwidth=\u00a0\u00bbtrue\u00a0\u00bb css=\u00a0\u00bb.vc_custom_1522098819153{margin-bottom: 0px !important;border-bottom-width: 0px !important;padding-bottom: 0px !important;}\u00a0\u00bb][vc_column][vc_single_image image=\u00a0\u00bb808&Prime; img_size=\u00a0\u00bbfull\u00a0\u00bb alignment=\u00a0\u00bbcenter\u00a0\u00bb css=\u00a0\u00bb.vc_custom_1522098888880{margin-bottom: 0px !important;border-bottom-width: 0px !important;padding-bottom: 0px !important;}\u00a0\u00bb][\/vc_column][\/vc_row]\n<\/div>","protected":false},"excerpt":{"rendered":"<p>[vc_row css=\u00a0\u00bb.vc_custom_1522098135765{padding-top: 100px !important;}\u00a0\u00bb][vc_column width=\u00a0\u00bb1\/3&Prime;][vc_single_image image=\u00a0\u00bb804&Prime; alignment=\u00a0\u00bbcenter\u00a0\u00bb onclick=\u00a0\u00bbcustom_link\u00a0\u00bb link=\u00a0\u00bb#\u00a0\u00bb][vc_column_text css=\u00a0\u00bb.vc_custom_1526563324912{margin-bottom: 0px !important;}\u00a0\u00bb] Rapports annuels Lisez les faits saillants de nos initiatives majeures pendant l&rsquo;ann\u00e9e. En lire davantage [\/vc_column_text][\/vc_column][vc_column width=\u00a0\u00bb1\/3&Prime;][vc_single_image image=\u00a0\u00bb806&Prime; alignment=\u00a0\u00bbcenter\u00a0\u00bb][vc_column_text css=\u00a0\u00bb.vc_custom_1526563464101{margin-bottom: 0px !important;}\u00a0\u00bb] Gouvernance Apprenez-en plus au sujet de la gouvernance de CaRMS. En lire davantage [\/vc_column_text][\/vc_column][vc_column width=\u00a0\u00bb1\/3&Prime;][vc_single_image image=\u00a0\u00bb805&Prime; alignment=\u00a0\u00bbcenter\u00a0\u00bb][vc_column_text css=\u00a0\u00bb.vc_custom_1526565962817{margin-bottom: 0px !important;}\u00a0\u00bb] Comit\u00e9s [&hellip;]<\/p>\n","protected":false},"author":5,"featured_media":0,"parent":1055,"menu_order":0,"comment_status":"closed","ping_status":"closed","template":"","meta":{"_acf_changed":false,"footnotes":""},"class_list":["post-1052","page","type-page","status-publish","hentry"],"acf":{"subtitle":"<p>La gouvernance chez CaRMS assure la responsabilit\u00e9, assume une fonction de surveillance et \u00e9tablit la politique strat\u00e9gique pour l\u2019organisme. Notre structure de gouvernance est compos\u00e9e d\u2019un large \u00e9ventail de voix au sein de la communaut\u00e9 de l\u2019enseignement m\u00e9dical. Les d\u00e9cisions et actions entreprises par CaRMS r\u00e9pondent aux besoins \u00e9volutifs de nos parties prenantes et utilisateurs au sein d\u2019un syst\u00e8me de soins de sant\u00e9 changeant et contribue au maintien de l\u2019int\u00e9grit\u00e9 d\u2019un syst\u00e8me d\u2019enseignement m\u00e9dical de calibre mondial au Canada.<\/p>\n","parent":""},"yoast_head":"<!-- This site is optimized with the Yoast SEO plugin v25.7 - https:\/\/yoast.com\/wordpress\/plugins\/seo\/ -->\n<title>Gouvernance et comit\u00e9s - CaRMS<\/title>\n<meta name=\"robots\" content=\"noindex, follow, max-snippet:-1, max-image-preview:large, max-video-preview:-1\" \/>\n<meta property=\"og:locale\" content=\"fr_FR\" \/>\n<meta property=\"og:type\" content=\"article\" \/>\n<meta property=\"og:title\" content=\"Gouvernance et comit\u00e9s - CaRMS\" \/>\n<meta property=\"og:description\" content=\"[vc_row css=\u00a0\u00bb.vc_custom_1522098135765{padding-top: 100px !important;}\u00a0\u00bb][vc_column width=\u00a0\u00bb1\/3&Prime;][vc_single_image image=\u00a0\u00bb804&Prime; alignment=\u00a0\u00bbcenter\u00a0\u00bb onclick=\u00a0\u00bbcustom_link\u00a0\u00bb link=\u00a0\u00bb#\u00a0\u00bb][vc_column_text css=\u00a0\u00bb.vc_custom_1526563324912{margin-bottom: 0px !important;}\u00a0\u00bb] Rapports annuels Lisez les faits saillants de nos initiatives majeures pendant l&rsquo;ann\u00e9e. En lire davantage [\/vc_column_text][\/vc_column][vc_column width=\u00a0\u00bb1\/3&Prime;][vc_single_image image=\u00a0\u00bb806&Prime; alignment=\u00a0\u00bbcenter\u00a0\u00bb][vc_column_text css=\u00a0\u00bb.vc_custom_1526563464101{margin-bottom: 0px !important;}\u00a0\u00bb] Gouvernance Apprenez-en plus au sujet de la gouvernance de CaRMS. En lire davantage [\/vc_column_text][\/vc_column][vc_column width=\u00a0\u00bb1\/3&Prime;][vc_single_image image=\u00a0\u00bb805&Prime; alignment=\u00a0\u00bbcenter\u00a0\u00bb][vc_column_text css=\u00a0\u00bb.vc_custom_1526565962817{margin-bottom: 0px !important;}\u00a0\u00bb] Comit\u00e9s [&hellip;]\" \/>\n<meta property=\"og:url\" content=\"https:\/\/carms.wpcdev.ca\/fr\/a-propos-de\/gouvernance-et-comites\/\" \/>\n<meta property=\"og:site_name\" content=\"CaRMS\" \/>\n<meta property=\"article:modified_time\" content=\"2018-05-17T14:06:10+00:00\" \/>\n<meta name=\"twitter:card\" content=\"summary_large_image\" \/>\n<meta name=\"twitter:label1\" content=\"Dur\u00e9e de lecture estim\u00e9e\" \/>\n\t<meta name=\"twitter:data1\" content=\"1 minute\" \/>\n<script type=\"application\/ld+json\" class=\"yoast-schema-graph\">{\"@context\":\"https:\/\/schema.org\",\"@graph\":[{\"@type\":\"WebPage\",\"@id\":\"https:\/\/carms.wpcdev.ca\/fr\/a-propos-de\/gouvernance-et-comites\/\",\"url\":\"https:\/\/carms.wpcdev.ca\/fr\/a-propos-de\/gouvernance-et-comites\/\",\"name\":\"Gouvernance et comit\u00e9s - CaRMS\",\"isPartOf\":{\"@id\":\"https:\/\/carms.wpcdev.ca\/#website\"},\"datePublished\":\"2018-04-09T15:55:49+00:00\",\"dateModified\":\"2018-05-17T14:06:10+00:00\",\"breadcrumb\":{\"@id\":\"https:\/\/carms.wpcdev.ca\/fr\/a-propos-de\/gouvernance-et-comites\/#breadcrumb\"},\"inLanguage\":\"fr-FR\",\"potentialAction\":[{\"@type\":\"ReadAction\",\"target\":[\"https:\/\/carms.wpcdev.ca\/fr\/a-propos-de\/gouvernance-et-comites\/\"]}]},{\"@type\":\"BreadcrumbList\",\"@id\":\"https:\/\/carms.wpcdev.ca\/fr\/a-propos-de\/gouvernance-et-comites\/#breadcrumb\",\"itemListElement\":[{\"@type\":\"ListItem\",\"position\":1,\"name\":\"Accueil\",\"item\":\"https:\/\/carms.wpcdev.ca\/fr\/\"},{\"@type\":\"ListItem\",\"position\":2,\"name\":\"\u00c0 propos de\",\"item\":\"https:\/\/carms.wpcdev.ca\/fr\/a-propos-de\/\"},{\"@type\":\"ListItem\",\"position\":3,\"name\":\"Gouvernance et comit\u00e9s\"}]},{\"@type\":\"WebSite\",\"@id\":\"https:\/\/carms.wpcdev.ca\/#website\",\"url\":\"https:\/\/carms.wpcdev.ca\/\",\"name\":\"CaRMS\",\"description\":\"\",\"potentialAction\":[{\"@type\":\"SearchAction\",\"target\":{\"@type\":\"EntryPoint\",\"urlTemplate\":\"https:\/\/carms.wpcdev.ca\/?s={search_term_string}\"},\"query-input\":{\"@type\":\"PropertyValueSpecification\",\"valueRequired\":true,\"valueName\":\"search_term_string\"}}],\"inLanguage\":\"fr-FR\"}]}<\/script>\n<!-- \/ Yoast SEO plugin. -->","yoast_head_json":{"title":"Gouvernance et comit\u00e9s - CaRMS","robots":{"index":"noindex","follow":"follow","max-snippet":"max-snippet:-1","max-image-preview":"max-image-preview:large","max-video-preview":"max-video-preview:-1"},"og_locale":"fr_FR","og_type":"article","og_title":"Gouvernance et comit\u00e9s - CaRMS","og_description":"[vc_row css=\u00a0\u00bb.vc_custom_1522098135765{padding-top: 100px !important;}\u00a0\u00bb][vc_column width=\u00a0\u00bb1\/3&Prime;][vc_single_image image=\u00a0\u00bb804&Prime; alignment=\u00a0\u00bbcenter\u00a0\u00bb onclick=\u00a0\u00bbcustom_link\u00a0\u00bb link=\u00a0\u00bb#\u00a0\u00bb][vc_column_text css=\u00a0\u00bb.vc_custom_1526563324912{margin-bottom: 0px !important;}\u00a0\u00bb] Rapports annuels Lisez les faits saillants de nos initiatives majeures pendant l&rsquo;ann\u00e9e. En lire davantage [\/vc_column_text][\/vc_column][vc_column width=\u00a0\u00bb1\/3&Prime;][vc_single_image image=\u00a0\u00bb806&Prime; alignment=\u00a0\u00bbcenter\u00a0\u00bb][vc_column_text css=\u00a0\u00bb.vc_custom_1526563464101{margin-bottom: 0px !important;}\u00a0\u00bb] Gouvernance Apprenez-en plus au sujet de la gouvernance de CaRMS. En lire davantage [\/vc_column_text][\/vc_column][vc_column width=\u00a0\u00bb1\/3&Prime;][vc_single_image image=\u00a0\u00bb805&Prime; alignment=\u00a0\u00bbcenter\u00a0\u00bb][vc_column_text css=\u00a0\u00bb.vc_custom_1526565962817{margin-bottom: 0px !important;}\u00a0\u00bb] Comit\u00e9s [&hellip;]","og_url":"https:\/\/carms.wpcdev.ca\/fr\/a-propos-de\/gouvernance-et-comites\/","og_site_name":"CaRMS","article_modified_time":"2018-05-17T14:06:10+00:00","twitter_card":"summary_large_image","twitter_misc":{"Dur\u00e9e de lecture estim\u00e9e":"1 minute"},"schema":{"@context":"https:\/\/schema.org","@graph":[{"@type":"WebPage","@id":"https:\/\/carms.wpcdev.ca\/fr\/a-propos-de\/gouvernance-et-comites\/","url":"https:\/\/carms.wpcdev.ca\/fr\/a-propos-de\/gouvernance-et-comites\/","name":"Gouvernance et comit\u00e9s - CaRMS","isPartOf":{"@id":"https:\/\/carms.wpcdev.ca\/#website"},"datePublished":"2018-04-09T15:55:49+00:00","dateModified":"2018-05-17T14:06:10+00:00","breadcrumb":{"@id":"https:\/\/carms.wpcdev.ca\/fr\/a-propos-de\/gouvernance-et-comites\/#breadcrumb"},"inLanguage":"fr-FR","potentialAction":[{"@type":"ReadAction","target":["https:\/\/carms.wpcdev.ca\/fr\/a-propos-de\/gouvernance-et-comites\/"]}]},{"@type":"BreadcrumbList","@id":"https:\/\/carms.wpcdev.ca\/fr\/a-propos-de\/gouvernance-et-comites\/#breadcrumb","itemListElement":[{"@type":"ListItem","position":1,"name":"Accueil","item":"https:\/\/carms.wpcdev.ca\/fr\/"},{"@type":"ListItem","position":2,"name":"\u00c0 propos de","item":"https:\/\/carms.wpcdev.ca\/fr\/a-propos-de\/"},{"@type":"ListItem","position":3,"name":"Gouvernance et comit\u00e9s"}]},{"@type":"WebSite","@id":"https:\/\/carms.wpcdev.ca\/#website","url":"https:\/\/carms.wpcdev.ca\/","name":"CaRMS","description":"","potentialAction":[{"@type":"SearchAction","target":{"@type":"EntryPoint","urlTemplate":"https:\/\/carms.wpcdev.ca\/?s={search_term_string}"},"query-input":{"@type":"PropertyValueSpecification","valueRequired":true,"valueName":"search_term_string"}}],"inLanguage":"fr-FR"}]}},"publishpress_future_workflow_manual_trigger":{"enabledWorkflows":[]},"_links":{"self":[{"href":"https:\/\/carms.wpcdev.ca\/fr\/wp-json\/wp\/v2\/pages\/1052","targetHints":{"allow":["GET"]}}],"collection":[{"href":"https:\/\/carms.wpcdev.ca\/fr\/wp-json\/wp\/v2\/pages"}],"about":[{"href":"https:\/\/carms.wpcdev.ca\/fr\/wp-json\/wp\/v2\/types\/page"}],"author":[{"embeddable":true,"href":"https:\/\/carms.wpcdev.ca\/fr\/wp-json\/wp\/v2\/users\/5"}],"replies":[{"embeddable":true,"href":"https:\/\/carms.wpcdev.ca\/fr\/wp-json\/wp\/v2\/comments?post=1052"}],"version-history":[{"count":0,"href":"https:\/\/carms.wpcdev.ca\/fr\/wp-json\/wp\/v2\/pages\/1052\/revisions"}],"up":[{"embeddable":true,"href":"https:\/\/carms.wpcdev.ca\/fr\/wp-json\/wp\/v2\/pages\/1055"}],"wp:attachment":[{"href":"https:\/\/carms.wpcdev.ca\/fr\/wp-json\/wp\/v2\/media?parent=1052"}],"curies":[{"name":"wp","href":"https:\/\/api.w.org\/{rel}","templated":true}]}}